{"id":19544,"date":"2023-08-23T10:43:19","date_gmt":"2023-08-23T15:43:19","guid":{"rendered":"https:\/\/www.isteps.edu.ec\/?page_id=19544"},"modified":"2023-09-21T09:18:25","modified_gmt":"2023-09-21T14:18:25","slug":"mesa-tecnica","status":"publish","type":"page","link":"https:\/\/www.isteps.edu.ec\/?page_id=19544","title":{"rendered":"Mesa T\u00e9cnica"},"content":{"rendered":"\t\t<div data-elementor-type=\"wp-page\" data-elementor-id=\"19544\" class=\"elementor elementor-19544\">\n\t\t\t\t\t\t<section class=\"elementor-section elementor-top-section elementor-element elementor-element-9cf9af6 elementor-section-boxed elementor-section-height-default elementor-section-height-default\" data-id=\"9cf9af6\" data-element_type=\"section\" data-e-type=\"section\">\n\t\t\t\t\t\t<div class=\"elementor-container elementor-column-gap-default\">\n\t\t\t\t\t<div class=\"elementor-column elementor-col-100 elementor-top-column elementor-element elementor-element-b590212\" data-id=\"b590212\" data-element_type=\"column\" data-e-type=\"column\">\n\t\t\t<div class=\"elementor-widget-wrap elementor-element-populated\">\n\t\t\t\t\t\t<div class=\"elementor-element elementor-element-5e976f2 elementor-widget elementor-widget-heading\" data-id=\"5e976f2\" data-element_type=\"widget\" data-e-type=\"widget\" data-widget_type=\"heading.default\">\n\t\t\t\t<div class=\"elementor-widget-container\">\n\t\t\t\t\t<h2 class=\"elementor-heading-title elementor-size-default\">\u201cLa educaci\u00f3n, herramienta para mejorar las condiciones de vida\u201d<\/h2>\t\t\t\t<\/div>\n\t\t\t\t<\/div>\n\t\t\t\t\t<\/div>\n\t\t<\/div>\n\t\t\t\t\t<\/div>\n\t\t<\/section>\n\t\t\t\t<section class=\"elementor-section elementor-top-section elementor-element elementor-element-5a8c40f elementor-section-boxed elementor-section-height-default elementor-section-height-default\" data-id=\"5a8c40f\" data-element_type=\"section\" data-e-type=\"section\">\n\t\t\t\t\t\t<div class=\"elementor-container elementor-column-gap-default\">\n\t\t\t\t\t<div class=\"elementor-column elementor-col-100 elementor-top-column elementor-element elementor-element-601d40c\" data-id=\"601d40c\" data-element_type=\"column\" data-e-type=\"column\">\n\t\t\t<div class=\"elementor-widget-wrap elementor-element-populated\">\n\t\t\t\t\t\t<div class=\"elementor-element elementor-element-b71a77a elementor-widget elementor-widget-text-editor\" data-id=\"b71a77a\" data-element_type=\"widget\" data-e-type=\"widget\" data-widget_type=\"text-editor.default\">\n\t\t\t\t<div class=\"elementor-widget-container\">\n\t\t\t\t\t\t\t\t\t<p align=\"justify\">El 23 de septiembre de 2021 en la ciudad de Cuenca, se constituy\u00f3 la denominada Mesa T\u00e9cnica, con el objeto de unir esfuerzos y colaborar en la elaboraci\u00f3n de varios productos y eventos, para el crecimiento, fortalecimiento y desarrollo del sector econ\u00f3mico, popular y solidario; entre estos un directorio del sistema, el Atlas de la EPS, encuentros entre las organizaciones para generar una minga de saberes, entre otras acciones que fortalezcan el sistema.<\/p>\t\t\t\t\t\t\t\t<\/div>\n\t\t\t\t<\/div>\n\t\t\t\t\t<\/div>\n\t\t<\/div>\n\t\t\t\t\t<\/div>\n\t\t<\/section>\n\t\t\t\t<section class=\"elementor-section elementor-top-section elementor-element elementor-element-b0574b9 elementor-section-boxed elementor-section-height-default elementor-section-height-default\" data-id=\"b0574b9\" data-element_type=\"section\" data-e-type=\"section\">\n\t\t\t\t\t\t<div class=\"elementor-container elementor-column-gap-default\">\n\t\t\t\t\t<div class=\"elementor-column elementor-col-100 elementor-top-column elementor-element elementor-element-ba68e32\" data-id=\"ba68e32\" data-element_type=\"column\" data-e-type=\"column\">\n\t\t\t<div class=\"elementor-widget-wrap elementor-element-populated\">\n\t\t\t\t\t\t<div class=\"elementor-element elementor-element-69faf8d elementor-widget elementor-widget-spacer\" data-id=\"69faf8d\" data-element_type=\"widget\" data-e-type=\"widget\" data-widget_type=\"spacer.default\">\n\t\t\t\t<div class=\"elementor-widget-container\">\n\t\t\t\t\t\t\t<div class=\"elementor-spacer\">\n\t\t\t<div class=\"elementor-spacer-inner\"><\/div>\n\t\t<\/div>\n\t\t\t\t\t\t<\/div>\n\t\t\t\t<\/div>\n\t\t\t\t\t<\/div>\n\t\t<\/div>\n\t\t\t\t\t<\/div>\n\t\t<\/section>\n\t\t\t\t<section class=\"elementor-section elementor-top-section elementor-element elementor-element-6260e12 elementor-section-boxed elementor-section-height-default elementor-section-height-default\" data-id=\"6260e12\" data-element_type=\"section\" data-e-type=\"section\">\n\t\t\t\t\t\t<div class=\"elementor-container elementor-column-gap-default\">\n\t\t\t\t\t<div class=\"elementor-column elementor-col-100 elementor-top-column elementor-element elementor-element-ae508ca\" data-id=\"ae508ca\" data-element_type=\"column\" data-e-type=\"column\">\n\t\t\t<div class=\"elementor-widget-wrap elementor-element-populated\">\n\t\t\t\t\t\t<div class=\"elementor-element elementor-element-756fb04 elementor-widget elementor-widget-thim-ekits-testimonial\" data-id=\"756fb04\" data-element_type=\"widget\" data-e-type=\"widget\" data-settings=\"{&quot;slidesPerView&quot;:4,&quot;slidesPerGroup&quot;:4,&quot;spaceBetween&quot;:32,&quot;slider_speed&quot;:1000,&quot;slider_autoplay&quot;:&quot;yes&quot;,&quot;pause_on_interaction&quot;:&quot;yes&quot;,&quot;pause_on_hover&quot;:&quot;yes&quot;,&quot;centered_slides&quot;:&quot;no&quot;,&quot;slider_show_pagination&quot;:&quot;none&quot;}\" data-widget_type=\"thim-ekits-testimonial.default\">\n\t\t\t\t<div class=\"elementor-widget-container\">\n\t\t\t\t\t\r\n\t\t\t\t<div\r\n\t\t\tclass=\"thim-ekits-testimonial__inner thim-ekits-sliders swiper-container\">\r\n\t\t\t<div class=\"thim-ekits-testimonial__content swiper-wrapper\">\r\n\t\t\t\t\t\t<div class=\"thim-ekits-testimonial__article swiper-slide\">\r\n\t\t\t\t\t\t<div class=\"thim-ekits-testimonial__inner_client\">\r\n\t\t\t\t\r\n\t\t\t\t\t\t\t\t\t<div class=\"wrapper-client-info\">\r\n\t\t\t\t\t\t\t\t<div class=\"thim-ekits-testimonial__avatar \">\r\n\t\t\t\t<div class=\"thim-ekits-testimonial__image\">\r\n\t\t\t\t\t\t\t\t\t<\/div>\r\n\t\t\t<\/div>\r\n\t\t\t\t\t\t\t<div class=\"thim-ekits-testimonial__client-info\">\r\n\t\t\t\t\t\t\t\t\t\t\t\t\t\t\t\t\t<\/div>\r\n\t\t\t\t\t\t\t\t\t\t<\/div>\r\n\t\t\t\t\r\n\t\t\t\t\t\t\t<div class=\"thim-ekits-testimonial__client-content\">\r\n\t\t\t\t<p style=\"text-align: center\"><a href=\"http:\/\/www.fundacionaldea.org\" target=\"_blank\" rel=\"noopener\"><img decoding=\"async\" class=\"wp-image-20235 aligncenter\" src=\"https:\/\/www.isteps.edu.ec\/wp-content\/uploads\/2023\/08\/aldea.png\" alt=\"\" width=\"154\" height=\"129\" srcset=\"https:\/\/www.isteps.edu.ec\/wp-content\/uploads\/2023\/08\/aldea.png 378w, https:\/\/www.isteps.edu.ec\/wp-content\/uploads\/2023\/08\/aldea-300x252.png 300w\" sizes=\"(max-width: 154px) 100vw, 154px\" \/><\/a><\/p>\t\t\t<\/div>\r\n\t\t\t\t\t\t<\/div>\r\n\t\t\t\t\t<div class=\"thim-ekits-testimonial__quote-icon\">\r\n\t\t\t\t\t<\/div>\r\n\t\t<\/div>\r\n\t\t\t<div class=\"thim-ekits-testimonial__article swiper-slide\">\r\n\t\t\t\t\t\t<div class=\"thim-ekits-testimonial__inner_client\">\r\n\t\t\t\t\r\n\t\t\t\t\t\t\t\t\t<div class=\"wrapper-client-info\">\r\n\t\t\t\t\t\t\t\t<div class=\"thim-ekits-testimonial__avatar \">\r\n\t\t\t\t<div class=\"thim-ekits-testimonial__image\">\r\n\t\t\t\t\t\t\t\t\t<\/div>\r\n\t\t\t<\/div>\r\n\t\t\t\t\t\t\t<div class=\"thim-ekits-testimonial__client-info\">\r\n\t\t\t\t\t\t\t\t\t\t\t\t\t\t\t\t\t<\/div>\r\n\t\t\t\t\t\t\t\t\t\t<\/div>\r\n\t\t\t\t\r\n\t\t\t\t\t\t\t<div class=\"thim-ekits-testimonial__client-content\">\r\n\t\t\t\t<p><a href=\"https:\/\/www.facebook.com\/AyniArtesaniasCuenca\/\" target=\"_blank\" rel=\"noopener\"><img decoding=\"async\" class=\" wp-image-20236 aligncenter\" src=\"https:\/\/www.isteps.edu.ec\/wp-content\/uploads\/2023\/08\/ayni.png\" alt=\"\" width=\"232\" height=\"117\" srcset=\"https:\/\/www.isteps.edu.ec\/wp-content\/uploads\/2023\/08\/ayni.png 385w, https:\/\/www.isteps.edu.ec\/wp-content\/uploads\/2023\/08\/ayni-300x152.png 300w, https:\/\/www.isteps.edu.ec\/wp-content\/uploads\/2023\/08\/ayni-200x100.png 200w\" sizes=\"(max-width: 232px) 100vw, 232px\" \/><\/a><\/p>\t\t\t<\/div>\r\n\t\t\t\t\t\t<\/div>\r\n\t\t\t\t\t<div class=\"thim-ekits-testimonial__quote-icon\">\r\n\t\t\t\t\t<\/div>\r\n\t\t<\/div>\r\n\t\t\t<div class=\"thim-ekits-testimonial__article swiper-slide\">\r\n\t\t\t\t\t\t<div class=\"thim-ekits-testimonial__inner_client\">\r\n\t\t\t\t\r\n\t\t\t\t\t\t\t\t\t<div class=\"wrapper-client-info\">\r\n\t\t\t\t\t\t\t\t<div class=\"thim-ekits-testimonial__avatar \">\r\n\t\t\t\t<div class=\"thim-ekits-testimonial__image\">\r\n\t\t\t\t\t\t\t\t\t<\/div>\r\n\t\t\t<\/div>\r\n\t\t\t\t\t\t\t<div class=\"thim-ekits-testimonial__client-info\">\r\n\t\t\t\t\t\t\t\t\t\t\t\t\t\t\t\t\t<\/div>\r\n\t\t\t\t\t\t\t\t\t\t<\/div>\r\n\t\t\t\t\r\n\t\t\t\t\t\t\t<div class=\"thim-ekits-testimonial__client-content\">\r\n\t\t\t\t<p><a href=\"https:\/\/worldwide.trias.ngo\/\" target=\"_blank\" rel=\"noopener\"><img decoding=\"async\" class=\" wp-image-21042 aligncenter\" src=\"https:\/\/www.isteps.edu.ec\/wp-content\/uploads\/2023\/09\/Screenshot-2023-09-07-at-17.44.16.png\" alt=\"\" width=\"171\" height=\"149\" srcset=\"https:\/\/www.isteps.edu.ec\/wp-content\/uploads\/2023\/09\/Screenshot-2023-09-07-at-17.44.16.png 434w, https:\/\/www.isteps.edu.ec\/wp-content\/uploads\/2023\/09\/Screenshot-2023-09-07-at-17.44.16-300x261.png 300w\" sizes=\"(max-width: 171px) 100vw, 171px\" \/><\/a><\/p>\t\t\t<\/div>\r\n\t\t\t\t\t\t<\/div>\r\n\t\t\t\t\t<div class=\"thim-ekits-testimonial__quote-icon\">\r\n\t\t\t\t\t<\/div>\r\n\t\t<\/div>\r\n\t\t\t<div class=\"thim-ekits-testimonial__article swiper-slide\">\r\n\t\t\t\t\t\t<div class=\"thim-ekits-testimonial__inner_client\">\r\n\t\t\t\t\r\n\t\t\t\t\t\t\t\t\t<div class=\"wrapper-client-info\">\r\n\t\t\t\t\t\t\t\t<div class=\"thim-ekits-testimonial__avatar \">\r\n\t\t\t\t<div class=\"thim-ekits-testimonial__image\">\r\n\t\t\t\t\t\t\t\t\t<\/div>\r\n\t\t\t<\/div>\r\n\t\t\t\t\t\t\t<div class=\"thim-ekits-testimonial__client-info\">\r\n\t\t\t\t\t\t\t\t\t\t\t\t\t\t\t\t\t<\/div>\r\n\t\t\t\t\t\t\t\t\t\t<\/div>\r\n\t\t\t\t\r\n\t\t\t\t\t\t\t<div class=\"thim-ekits-testimonial__client-content\">\r\n\t\t\t\t<p><a href=\"https:\/\/www.bancodesarrollo.fin.ec\/\" target=\"_blank\" rel=\"noopener\"><img loading=\"lazy\" decoding=\"async\" class=\"alignnone size-full wp-image-20237\" src=\"https:\/\/www.isteps.edu.ec\/wp-content\/uploads\/2023\/08\/banco-codesarrollo.png\" alt=\"\" width=\"462\" height=\"155\" srcset=\"https:\/\/www.isteps.edu.ec\/wp-content\/uploads\/2023\/08\/banco-codesarrollo.png 462w, https:\/\/www.isteps.edu.ec\/wp-content\/uploads\/2023\/08\/banco-codesarrollo-300x101.png 300w\" sizes=\"(max-width: 462px) 100vw, 462px\" \/><\/a><\/p>\t\t\t<\/div>\r\n\t\t\t\t\t\t<\/div>\r\n\t\t\t\t\t<div class=\"thim-ekits-testimonial__quote-icon\">\r\n\t\t\t\t\t<\/div>\r\n\t\t<\/div>\r\n\t\t\t<div class=\"thim-ekits-testimonial__article swiper-slide\">\r\n\t\t\t\t\t\t<div class=\"thim-ekits-testimonial__inner_client\">\r\n\t\t\t\t\r\n\t\t\t\t\t\t\t\t\t<div class=\"wrapper-client-info\">\r\n\t\t\t\t\t\t\t\t<div class=\"thim-ekits-testimonial__avatar \">\r\n\t\t\t\t<div class=\"thim-ekits-testimonial__image\">\r\n\t\t\t\t\t\t\t\t\t<\/div>\r\n\t\t\t<\/div>\r\n\t\t\t\t\t\t\t<div class=\"thim-ekits-testimonial__client-info\">\r\n\t\t\t\t\t\t\t\t\t\t\t\t\t\t\t\t\t<\/div>\r\n\t\t\t\t\t\t\t\t\t\t<\/div>\r\n\t\t\t\t\r\n\t\t\t\t\t\t\t<div class=\"thim-ekits-testimonial__client-content\">\r\n\t\t\t\t<p><a href=\"https:\/\/www.facebook.com\/cofeps\/\" target=\"_blank\" rel=\"noopener\"><img loading=\"lazy\" decoding=\"async\" class=\"wp-image-20239 aligncenter\" src=\"https:\/\/www.isteps.edu.ec\/wp-content\/uploads\/2023\/08\/cofeps.png\" alt=\"\" width=\"191\" height=\"143\" srcset=\"https:\/\/www.isteps.edu.ec\/wp-content\/uploads\/2023\/08\/cofeps.png 377w, https:\/\/www.isteps.edu.ec\/wp-content\/uploads\/2023\/08\/cofeps-300x225.png 300w\" sizes=\"(max-width: 191px) 100vw, 191px\" \/><\/a><\/p>\t\t\t<\/div>\r\n\t\t\t\t\t\t<\/div>\r\n\t\t\t\t\t<div class=\"thim-ekits-testimonial__quote-icon\">\r\n\t\t\t\t\t<\/div>\r\n\t\t<\/div>\r\n\t\t\t<div class=\"thim-ekits-testimonial__article swiper-slide\">\r\n\t\t\t\t\t\t<div class=\"thim-ekits-testimonial__inner_client\">\r\n\t\t\t\t\r\n\t\t\t\t\t\t\t\t\t<div class=\"wrapper-client-info\">\r\n\t\t\t\t\t\t\t\t<div class=\"thim-ekits-testimonial__avatar \">\r\n\t\t\t\t<div class=\"thim-ekits-testimonial__image\">\r\n\t\t\t\t\t\t\t\t\t<\/div>\r\n\t\t\t<\/div>\r\n\t\t\t\t\t\t\t<div class=\"thim-ekits-testimonial__client-info\">\r\n\t\t\t\t\t\t\t\t\t\t\t\t\t\t\t\t\t<\/div>\r\n\t\t\t\t\t\t\t\t\t\t<\/div>\r\n\t\t\t\t\r\n\t\t\t\t\t\t\t<div class=\"thim-ekits-testimonial__client-content\">\r\n\t\t\t\t<p><a href=\"https:\/\/www.heifer-ecuador.org\/\" target=\"_blank\" rel=\"noopener\"><img loading=\"lazy\" decoding=\"async\" class=\"wp-image-20242 aligncenter\" src=\"https:\/\/www.isteps.edu.ec\/wp-content\/uploads\/2023\/08\/heifer.png\" alt=\"\" width=\"216\" height=\"158\" srcset=\"https:\/\/www.isteps.edu.ec\/wp-content\/uploads\/2023\/08\/heifer.png 484w, https:\/\/www.isteps.edu.ec\/wp-content\/uploads\/2023\/08\/heifer-300x219.png 300w\" sizes=\"(max-width: 216px) 100vw, 216px\" \/><\/a><\/p>\t\t\t<\/div>\r\n\t\t\t\t\t\t<\/div>\r\n\t\t\t\t\t<div class=\"thim-ekits-testimonial__quote-icon\">\r\n\t\t\t\t\t<\/div>\r\n\t\t<\/div>\r\n\t\t\t<div class=\"thim-ekits-testimonial__article swiper-slide\">\r\n\t\t\t\t\t\t<div class=\"thim-ekits-testimonial__inner_client\">\r\n\t\t\t\t\r\n\t\t\t\t\t\t\t\t\t<div class=\"wrapper-client-info\">\r\n\t\t\t\t\t\t\t\t<div class=\"thim-ekits-testimonial__avatar \">\r\n\t\t\t\t<div class=\"thim-ekits-testimonial__image\">\r\n\t\t\t\t\t\t\t\t\t<\/div>\r\n\t\t\t<\/div>\r\n\t\t\t\t\t\t\t<div class=\"thim-ekits-testimonial__client-info\">\r\n\t\t\t\t\t\t\t\t\t\t\t\t\t\t\t\t\t<\/div>\r\n\t\t\t\t\t\t\t\t\t\t<\/div>\r\n\t\t\t\t\r\n\t\t\t\t\t\t\t<div class=\"thim-ekits-testimonial__client-content\">\r\n\t\t\t\t<p><a href=\"https:\/\/gsfepp.org.ec\/\" target=\"_blank\" rel=\"noopener\"><img loading=\"lazy\" decoding=\"async\" class=\" wp-image-20240 aligncenter\" src=\"https:\/\/www.isteps.edu.ec\/wp-content\/uploads\/2023\/08\/fepp.png\" alt=\"\" width=\"197\" height=\"105\" srcset=\"https:\/\/www.isteps.edu.ec\/wp-content\/uploads\/2023\/08\/fepp.png 465w, https:\/\/www.isteps.edu.ec\/wp-content\/uploads\/2023\/08\/fepp-300x160.png 300w\" sizes=\"(max-width: 197px) 100vw, 197px\" \/><\/a><\/p>\t\t\t<\/div>\r\n\t\t\t\t\t\t<\/div>\r\n\t\t\t\t\t<div class=\"thim-ekits-testimonial__quote-icon\">\r\n\t\t\t\t\t<\/div>\r\n\t\t<\/div>\r\n\t\t\t<div class=\"thim-ekits-testimonial__article swiper-slide\">\r\n\t\t\t\t\t\t<div class=\"thim-ekits-testimonial__inner_client\">\r\n\t\t\t\t\r\n\t\t\t\t\t\t\t\t\t<div class=\"wrapper-client-info\">\r\n\t\t\t\t\t\t\t\t<div class=\"thim-ekits-testimonial__avatar \">\r\n\t\t\t\t<div class=\"thim-ekits-testimonial__image\">\r\n\t\t\t\t\t\t\t\t\t<\/div>\r\n\t\t\t<\/div>\r\n\t\t\t\t\t\t\t<div class=\"thim-ekits-testimonial__client-info\">\r\n\t\t\t\t\t\t\t\t\t\t\t\t\t\t\t\t\t<\/div>\r\n\t\t\t\t\t\t\t\t\t\t<\/div>\r\n\t\t\t\t\r\n\t\t\t\t\t\t\t<div class=\"thim-ekits-testimonial__client-content\">\r\n\t\t\t\t<p><a href=\"https:\/\/www.ucacsur.coop\/\" target=\"_blank\" rel=\"noopener\"><img loading=\"lazy\" decoding=\"async\" class=\"wp-image-21885 aligncenter\" src=\"https:\/\/www.isteps.edu.ec\/wp-content\/uploads\/2023\/09\/ucacsur-1.webp\" alt=\"\" width=\"413\" height=\"138\" srcset=\"https:\/\/www.isteps.edu.ec\/wp-content\/uploads\/2023\/09\/ucacsur-1.webp 1080w, https:\/\/www.isteps.edu.ec\/wp-content\/uploads\/2023\/09\/ucacsur-1-300x100.webp 300w, https:\/\/www.isteps.edu.ec\/wp-content\/uploads\/2023\/09\/ucacsur-1-1024x341.webp 1024w, https:\/\/www.isteps.edu.ec\/wp-content\/uploads\/2023\/09\/ucacsur-1-768x256.webp 768w\" sizes=\"(max-width: 413px) 100vw, 413px\" \/><\/a><\/p>\t\t\t<\/div>\r\n\t\t\t\t\t\t<\/div>\r\n\t\t\t\t\t<div class=\"thim-ekits-testimonial__quote-icon\">\r\n\t\t\t\t\t<\/div>\r\n\t\t<\/div>\r\n\t\t\t<div class=\"thim-ekits-testimonial__article swiper-slide\">\r\n\t\t\t\t\t\t<div class=\"thim-ekits-testimonial__inner_client\">\r\n\t\t\t\t\r\n\t\t\t\t\t\t\t\t\t<div class=\"wrapper-client-info\">\r\n\t\t\t\t\t\t\t\t<div class=\"thim-ekits-testimonial__avatar \">\r\n\t\t\t\t<div class=\"thim-ekits-testimonial__image\">\r\n\t\t\t\t\t\t\t\t\t<\/div>\r\n\t\t\t<\/div>\r\n\t\t\t\t\t\t\t<div class=\"thim-ekits-testimonial__client-info\">\r\n\t\t\t\t\t\t\t\t\t\t\t\t\t\t\t\t\t<\/div>\r\n\t\t\t\t\t\t\t\t\t\t<\/div>\r\n\t\t\t\t\r\n\t\t\t\t\t\t\t<div class=\"thim-ekits-testimonial__client-content\">\r\n\t\t\t\t<p><a href=\"https:\/\/www.facebook.com\/JardinEsperanza.ec\" target=\"_blank\" rel=\"noopener\"><img loading=\"lazy\" decoding=\"async\" class=\" wp-image-20245 aligncenter\" src=\"https:\/\/www.isteps.edu.ec\/wp-content\/uploads\/2023\/08\/Jardin-Esperanza.png\" alt=\"\" width=\"206\" height=\"105\" srcset=\"https:\/\/www.isteps.edu.ec\/wp-content\/uploads\/2023\/08\/Jardin-Esperanza.png 397w, https:\/\/www.isteps.edu.ec\/wp-content\/uploads\/2023\/08\/Jardin-Esperanza-300x153.png 300w\" sizes=\"(max-width: 206px) 100vw, 206px\" \/><\/a><\/p>\t\t\t<\/div>\r\n\t\t\t\t\t\t<\/div>\r\n\t\t\t\t\t<div class=\"thim-ekits-testimonial__quote-icon\">\r\n\t\t\t\t\t<\/div>\r\n\t\t<\/div>\r\n\t\t\t<div class=\"thim-ekits-testimonial__article swiper-slide\">\r\n\t\t\t\t\t\t<div class=\"thim-ekits-testimonial__inner_client\">\r\n\t\t\t\t\r\n\t\t\t\t\t\t\t\t\t<div class=\"wrapper-client-info\">\r\n\t\t\t\t\t\t\t\t<div class=\"thim-ekits-testimonial__avatar \">\r\n\t\t\t\t<div class=\"thim-ekits-testimonial__image\">\r\n\t\t\t\t\t\t\t\t\t<\/div>\r\n\t\t\t<\/div>\r\n\t\t\t\t\t\t\t<div class=\"thim-ekits-testimonial__client-info\">\r\n\t\t\t\t\t\t\t\t\t\t\t\t\t\t\t\t\t<\/div>\r\n\t\t\t\t\t\t\t\t\t\t<\/div>\r\n\t\t\t\t\r\n\t\t\t\t\t\t\t<div class=\"thim-ekits-testimonial__client-content\">\r\n\t\t\t\t<p><a href=\"https:\/\/www.facebook.com\/Horizontes.constructores\" target=\"_blank\" rel=\"noopener\"><img loading=\"lazy\" decoding=\"async\" class=\"wp-image-20243 aligncenter\" src=\"https:\/\/www.isteps.edu.ec\/wp-content\/uploads\/2023\/08\/horizontes.png\" alt=\"\" width=\"218\" height=\"93\" srcset=\"https:\/\/www.isteps.edu.ec\/wp-content\/uploads\/2023\/08\/horizontes.png 374w, https:\/\/www.isteps.edu.ec\/wp-content\/uploads\/2023\/08\/horizontes-300x128.png 300w\" sizes=\"(max-width: 218px) 100vw, 218px\" \/><\/a><\/p>\t\t\t<\/div>\r\n\t\t\t\t\t\t<\/div>\r\n\t\t\t\t\t<div class=\"thim-ekits-testimonial__quote-icon\">\r\n\t\t\t\t\t<\/div>\r\n\t\t<\/div>\r\n\t\t\t<div class=\"thim-ekits-testimonial__article swiper-slide\">\r\n\t\t\t\t\t\t<div class=\"thim-ekits-testimonial__inner_client\">\r\n\t\t\t\t\r\n\t\t\t\t\t\t\t\t\t<div class=\"wrapper-client-info\">\r\n\t\t\t\t\t\t\t\t<div class=\"thim-ekits-testimonial__avatar \">\r\n\t\t\t\t<div class=\"thim-ekits-testimonial__image\">\r\n\t\t\t\t\t\t\t\t\t<\/div>\r\n\t\t\t<\/div>\r\n\t\t\t\t\t\t\t<div class=\"thim-ekits-testimonial__client-info\">\r\n\t\t\t\t\t\t\t\t\t\t\t\t\t\t\t\t\t<\/div>\r\n\t\t\t\t\t\t\t\t\t\t<\/div>\r\n\t\t\t\t\r\n\t\t\t\t\t\t\t<div class=\"thim-ekits-testimonial__client-content\">\r\n\t\t\t\t<p><a href=\"https:\/\/ceccacue.wixsite.com\/website\" target=\"_blank\" rel=\"noopener\"><img loading=\"lazy\" decoding=\"async\" class=\"alignnone size-full wp-image-20238\" src=\"https:\/\/www.isteps.edu.ec\/wp-content\/uploads\/2023\/08\/cecca.png\" alt=\"\" width=\"485\" height=\"91\" srcset=\"https:\/\/www.isteps.edu.ec\/wp-content\/uploads\/2023\/08\/cecca.png 485w, https:\/\/www.isteps.edu.ec\/wp-content\/uploads\/2023\/08\/cecca-300x56.png 300w\" sizes=\"(max-width: 485px) 100vw, 485px\" \/><\/a><\/p>\t\t\t<\/div>\r\n\t\t\t\t\t\t<\/div>\r\n\t\t\t\t\t<div class=\"thim-ekits-testimonial__quote-icon\">\r\n\t\t\t\t\t<\/div>\r\n\t\t<\/div>\r\n\t\t\t<div class=\"thim-ekits-testimonial__article swiper-slide\">\r\n\t\t\t\t\t\t<div class=\"thim-ekits-testimonial__inner_client\">\r\n\t\t\t\t\r\n\t\t\t\t\t\t\t\t\t<div class=\"wrapper-client-info\">\r\n\t\t\t\t\t\t\t\t<div class=\"thim-ekits-testimonial__avatar \">\r\n\t\t\t\t<div class=\"thim-ekits-testimonial__image\">\r\n\t\t\t\t\t\t\t\t\t<\/div>\r\n\t\t\t<\/div>\r\n\t\t\t\t\t\t\t<div class=\"thim-ekits-testimonial__client-info\">\r\n\t\t\t\t\t\t\t\t\t\t\t\t\t\t\t\t\t<\/div>\r\n\t\t\t\t\t\t\t\t\t\t<\/div>\r\n\t\t\t\t\r\n\t\t\t\t\t\t\t<div class=\"thim-ekits-testimonial__client-content\">\r\n\t\t\t\t<p><a href=\"https:\/\/www.jardinazuayo.fin.ec\/\" target=\"_blank\" rel=\"noopener\"><img loading=\"lazy\" decoding=\"async\" class=\"wp-image-21992 aligncenter\" src=\"https:\/\/www.isteps.edu.ec\/wp-content\/uploads\/2023\/09\/Logo-Jardin-Azuayo-e1694788654247.png\" alt=\"\" width=\"186\" height=\"93\" srcset=\"https:\/\/www.isteps.edu.ec\/wp-content\/uploads\/2023\/09\/Logo-Jardin-Azuayo-e1694788654247.png 723w, https:\/\/www.isteps.edu.ec\/wp-content\/uploads\/2023\/09\/Logo-Jardin-Azuayo-e1694788654247-300x150.png 300w\" sizes=\"(max-width: 186px) 100vw, 186px\" \/><\/a><\/p>\t\t\t<\/div>\r\n\t\t\t\t\t\t<\/div>\r\n\t\t\t\t\t<div class=\"thim-ekits-testimonial__quote-icon\">\r\n\t\t\t\t\t<\/div>\r\n\t\t<\/div>\r\n\t\t\t\t<\/div>\r\n\t\t<\/div>\r\n\r\n\t\t\t\t\t<\/div>\n\t\t\t\t<\/div>\n\t\t\t\t\t<\/div>\n\t\t<\/div>\n\t\t\t\t\t<\/div>\n\t\t<\/section>\n\t\t\t\t<\/div>\n\t\t","protected":false},"excerpt":{"rendered":"<p>\u201cLa educaci\u00f3n, herramienta para mejorar las condiciones de vida\u201d El 23 de septiembre de 2021 en la ciudad de Cuenca, se constituy\u00f3 la denominada Mesa T\u00e9cnica, con el objeto de unir esfuerzos y colaborar en la elaboraci\u00f3n de varios productos &hellip; <\/p>\n","protected":false},"author":1,"featured_media":0,"parent":0,"menu_order":0,"comment_status":"closed","ping_status":"closed","template":"","meta":{"footnotes":""},"class_list":["post-19544","page","type-page","status-publish","hentry"],"_links":{"self":[{"href":"https:\/\/www.isteps.edu.ec\/index.php?rest_route=\/wp\/v2\/pages\/19544","targetHints":{"allow":["GET"]}}],"collection":[{"href":"https:\/\/www.isteps.edu.ec\/index.php?rest_route=\/wp\/v2\/pages"}],"about":[{"href":"https:\/\/www.isteps.edu.ec\/index.php?rest_route=\/wp\/v2\/types\/page"}],"author":[{"embeddable":true,"href":"https:\/\/www.isteps.edu.ec\/index.php?rest_route=\/wp\/v2\/users\/1"}],"replies":[{"embeddable":true,"href":"https:\/\/www.isteps.edu.ec\/index.php?rest_route=%2Fwp%2Fv2%2Fcomments&post=19544"}],"version-history":[{"count":157,"href":"https:\/\/www.isteps.edu.ec\/index.php?rest_route=\/wp\/v2\/pages\/19544\/revisions"}],"predecessor-version":[{"id":22451,"href":"https:\/\/www.isteps.edu.ec\/index.php?rest_route=\/wp\/v2\/pages\/19544\/revisions\/22451"}],"wp:attachment":[{"href":"https:\/\/www.isteps.edu.ec\/index.php?rest_route=%2Fwp%2Fv2%2Fmedia&parent=19544"}],"curies":[{"name":"wp","href":"https:\/\/api.w.org\/{rel}","templated":true}]}}