{"id":19569,"date":"2023-08-23T10:58:47","date_gmt":"2023-08-23T15:58:47","guid":{"rendered":"https:\/\/www.isteps.edu.ec\/?page_id=19569"},"modified":"2026-01-16T16:45:16","modified_gmt":"2026-01-16T21:45:16","slug":"admisiones","status":"publish","type":"page","link":"https:\/\/www.isteps.edu.ec\/?page_id=19569","title":{"rendered":"Proceso de Admisiones"},"content":{"rendered":"\t\t<div data-elementor-type=\"wp-page\" data-elementor-id=\"19569\" class=\"elementor elementor-19569\">\n\t\t\t\t\t\t<section class=\"elementor-section elementor-top-section elementor-element elementor-element-3a3f0da7 elementor-section-boxed elementor-section-height-default elementor-section-height-default\" data-id=\"3a3f0da7\" data-element_type=\"section\" data-e-type=\"section\">\n\t\t\t\t\t\t<div class=\"elementor-container elementor-column-gap-default\">\n\t\t\t\t\t<div class=\"elementor-column elementor-col-100 elementor-top-column elementor-element elementor-element-36fa833a\" data-id=\"36fa833a\" data-element_type=\"column\" data-e-type=\"column\">\n\t\t\t<div class=\"elementor-widget-wrap elementor-element-populated\">\n\t\t\t\t\t\t<div class=\"elementor-element elementor-element-454f1c0f elementor-widget thim-ekits-heading elementor-widget-thim-heading\" data-id=\"454f1c0f\" data-element_type=\"widget\" data-e-type=\"widget\" data-widget_type=\"thim-heading.default\">\n\t\t\t\t<div class=\"elementor-widget-container\">\n\t\t\t\t\t<div class=\"sc_heading\"><h2 class=\"title\">Bienvenido\/a al sendero de  <span class=\"thim-color\">la transformaci\u00f3n y el triunfo! <\/span><\/h2><span class=\"line\"><\/span><\/div>\t\t\t\t<\/div>\n\t\t\t\t<\/div>\n\t\t\t\t\t<\/div>\n\t\t<\/div>\n\t\t\t\t\t<\/div>\n\t\t<\/section>\n\t\t\t\t<section class=\"elementor-section elementor-top-section elementor-element elementor-element-f797abd elementor-section-boxed elementor-section-height-default elementor-section-height-default\" data-id=\"f797abd\" data-element_type=\"section\" data-e-type=\"section\">\n\t\t\t\t\t\t<div class=\"elementor-container elementor-column-gap-default\">\n\t\t\t\t\t<div class=\"elementor-column elementor-col-50 elementor-top-column elementor-element elementor-element-d5a6503\" data-id=\"d5a6503\" data-element_type=\"column\" data-e-type=\"column\">\n\t\t\t<div class=\"elementor-widget-wrap elementor-element-populated\">\n\t\t\t\t\t\t<div class=\"elementor-element elementor-element-7b726e0 elementor-tabs-view-vertical elementor-widget elementor-widget-tabs\" data-id=\"7b726e0\" data-element_type=\"widget\" data-e-type=\"widget\" data-widget_type=\"tabs.default\">\n\t\t\t\t<div class=\"elementor-widget-container\">\n\t\t\t\t\t\t\t<div class=\"elementor-tabs\">\n\t\t\t<div class=\"elementor-tabs-wrapper\" role=\"tablist\" >\n\t\t\t\t\t\t\t\t\t<div id=\"elementor-tab-title-1291\" class=\"elementor-tab-title elementor-tab-desktop-title\" aria-selected=\"true\" data-tab=\"1\" role=\"tab\" tabindex=\"0\" aria-controls=\"elementor-tab-content-1291\" aria-expanded=\"false\">Requisitos<\/div>\n\t\t\t\t\t\t\t\t\t<div id=\"elementor-tab-title-1292\" class=\"elementor-tab-title elementor-tab-desktop-title\" aria-selected=\"false\" data-tab=\"2\" role=\"tab\" tabindex=\"-1\" aria-controls=\"elementor-tab-content-1292\" aria-expanded=\"false\">Becas<\/div>\n\t\t\t\t\t\t\t<\/div>\n\t\t\t<div class=\"elementor-tabs-content-wrapper\" role=\"tablist\" aria-orientation=\"vertical\">\n\t\t\t\t\t\t\t\t\t<div class=\"elementor-tab-title elementor-tab-mobile-title\" aria-selected=\"true\" data-tab=\"1\" role=\"tab\" tabindex=\"0\" aria-controls=\"elementor-tab-content-1291\" aria-expanded=\"false\">Requisitos<\/div>\n\t\t\t\t\t<div id=\"elementor-tab-content-1291\" class=\"elementor-tab-content elementor-clearfix\" data-tab=\"1\" role=\"tabpanel\" aria-labelledby=\"elementor-tab-title-1291\" tabindex=\"0\" hidden=\"false\"><ul><li>T\u00edtulo de bachiller<\/li><li>Copia de la c\u00e9dula en digital (colores)<\/li><li>Copia del certificado de votaci\u00f3n en digital (colores)<\/li><li>Acceso a internet y manejo de plataformas digitales<\/li><li>Completar el registro<\/li><\/ul><\/div>\n\t\t\t\t\t\t\t\t\t<div class=\"elementor-tab-title elementor-tab-mobile-title\" aria-selected=\"false\" data-tab=\"2\" role=\"tab\" tabindex=\"-1\" aria-controls=\"elementor-tab-content-1292\" aria-expanded=\"false\">Becas<\/div>\n\t\t\t\t\t<div id=\"elementor-tab-content-1292\" class=\"elementor-tab-content elementor-clearfix\" data-tab=\"2\" role=\"tabpanel\" aria-labelledby=\"elementor-tab-title-1292\" tabindex=\"0\" hidden=\"hidden\"><p align=\"justify\">El ISTEPS ofrece diferentes becas de estudio, para ello se consideran los siguientes par\u00e1metros:<\/p><ul class=\"ul1\"><li class=\"li2\">Bachiller con excelencia acad\u00e9mica<\/li><li class=\"li2\">Situaci\u00f3n socioecon\u00f3mica<\/li><li class=\"li2\">Ser parte de una organizaci\u00f3n<\/li><li class=\"li2\">Discapacidad o enfermedad catastr\u00f3fica<\/li><li class=\"li2\">Pertenencia a un grupo de atenci\u00f3n prioritaria<\/li><li class=\"li2\">Tercera edad<\/li><li class=\"li2\">Deportistas de alto rendimiento<\/li><li class=\"li2\">Pertenecer a un pueblo o nacionalidad ind\u00edgena<\/li><\/ul><blockquote><p align=\"justify\"><strong>Para postular debes estar matriculado\/a en el per\u00edodo ordinario.<\/strong><\/p><\/blockquote><\/div>\n\t\t\t\t\t\t\t<\/div>\n\t\t<\/div>\n\t\t\t\t\t\t<\/div>\n\t\t\t\t<\/div>\n\t\t\t\t<div class=\"elementor-element elementor-element-9c01884 elementor-align-center elementor-widget__width-initial elementor-widget elementor-widget-button\" data-id=\"9c01884\" data-element_type=\"widget\" data-e-type=\"widget\" data-widget_type=\"button.default\">\n\t\t\t\t<div class=\"elementor-widget-container\">\n\t\t\t\t\t\t\t\t\t<div class=\"elementor-button-wrapper\">\n\t\t\t\t\t<a class=\"elementor-button elementor-button-link elementor-size-sm\" href=\"https:\/\/wa.me\/593959896729?text=Hola%2C%20quiero%20informaci\u00f3n%20sobre%20las%20carreras%20de%20ISTEPS\" target=\"_blank\">\n\t\t\t\t\t\t<span class=\"elementor-button-content-wrapper\">\n\t\t\t\t\t\t\t\t\t<span class=\"elementor-button-text\">\u00a1Registrate ahora!<\/span>\n\t\t\t\t\t<\/span>\n\t\t\t\t\t<\/a>\n\t\t\t\t<\/div>\n\t\t\t\t\t\t\t\t<\/div>\n\t\t\t\t<\/div>\n\t\t\t\t\t<\/div>\n\t\t<\/div>\n\t\t\t\t<div class=\"elementor-column elementor-col-50 elementor-top-column elementor-element elementor-element-7663e5e\" data-id=\"7663e5e\" data-element_type=\"column\" data-e-type=\"column\">\n\t\t\t<div class=\"elementor-widget-wrap elementor-element-populated\">\n\t\t\t\t\t\t<div class=\"elementor-element elementor-element-11d1305 elementor-widget elementor-widget-image\" data-id=\"11d1305\" data-element_type=\"widget\" data-e-type=\"widget\" data-widget_type=\"image.default\">\n\t\t\t\t<div class=\"elementor-widget-container\">\n\t\t\t\t\t\t\t\t\t\t\t\t\t\t\t<img fetchpriority=\"high\" decoding=\"async\" width=\"640\" height=\"480\" src=\"https:\/\/www.isteps.edu.ec\/wp-content\/uploads\/2023\/09\/FOTO-SECCION-ADMISIONES-1024x768.png\" class=\"attachment-large size-large wp-image-21704\" alt=\"\" srcset=\"https:\/\/www.isteps.edu.ec\/wp-content\/uploads\/2023\/09\/FOTO-SECCION-ADMISIONES-1024x768.png 1024w, https:\/\/www.isteps.edu.ec\/wp-content\/uploads\/2023\/09\/FOTO-SECCION-ADMISIONES-1536x1152.png 1536w, https:\/\/www.isteps.edu.ec\/wp-content\/uploads\/2023\/09\/FOTO-SECCION-ADMISIONES-2048x1536.png 2048w\" sizes=\"(max-width: 640px) 100vw, 640px\" \/>\t\t\t\t\t\t\t\t\t\t\t\t\t\t\t<\/div>\n\t\t\t\t<\/div>\n\t\t\t\t\t<\/div>\n\t\t<\/div>\n\t\t\t\t\t<\/div>\n\t\t<\/section>\n\t\t\t\t<section class=\"elementor-section elementor-top-section elementor-element elementor-element-dc6f7db elementor-section-stretched elementor-section-boxed elementor-section-height-default elementor-section-height-default\" data-id=\"dc6f7db\" data-element_type=\"section\" data-e-type=\"section\" data-settings=\"{&quot;stretch_section&quot;:&quot;section-stretched&quot;}\">\n\t\t\t\t\t\t<div class=\"elementor-container elementor-column-gap-custom\">\n\t\t\t\t\t<div class=\"elementor-column elementor-col-100 elementor-top-column elementor-element elementor-element-2eeb07d3\" data-id=\"2eeb07d3\" data-element_type=\"column\" data-e-type=\"column\">\n\t\t\t<div class=\"elementor-widget-wrap elementor-element-populated\">\n\t\t\t\t\t\t<div class=\"elementor-element elementor-element-802cf8c thim-ekits-heading-text-center elementor-widget thim-ekits-heading elementor-widget-thim-heading\" data-id=\"802cf8c\" data-element_type=\"widget\" data-e-type=\"widget\" data-widget_type=\"thim-heading.default\">\n\t\t\t\t<div class=\"elementor-widget-container\">\n\t\t\t\t\t<div class=\"sc_heading text-center\"><h3 class=\"title\">Nuestros  <span class=\"thim-color\">Testimonios<\/span><\/h3><div class=\"sub-heading\"><p>Conoce las voces aut\u00e9nticas y las experiencias <br \/>de quienes han sido parte de nuestra comunidad educativa<\/p>\n<\/div><\/div>\t\t\t\t<\/div>\n\t\t\t\t<\/div>\n\t\t\t\t<div class=\"elementor-element elementor-element-4decdba9 elementor-widget elementor-widget-thim-ekits-testimonial\" data-id=\"4decdba9\" data-element_type=\"widget\" data-e-type=\"widget\" data-settings=\"{&quot;slidesPerView_tablet&quot;:5,&quot;slidesPerView_mobile&quot;:3,&quot;spaceBetween&quot;:20,&quot;centered_slides&quot;:&quot;yes&quot;,&quot;slider_loop&quot;:&quot;yes&quot;,&quot;slider_speed&quot;:3000,&quot;slidesPerView&quot;:3,&quot;slider_autoplay&quot;:&quot;yes&quot;,&quot;pause_on_interaction&quot;:&quot;yes&quot;,&quot;pause_on_hover&quot;:&quot;yes&quot;}\" data-widget_type=\"thim-ekits-testimonial.default\">\n\t\t\t\t<div class=\"elementor-widget-container\">\n\t\t\t\t\t\t\t\t<div\r\n\t\t\t\tclass=\"thim-slider-pagination thim-\"><\/div>\r\n\t\t\r\n\t\t\t\t<div class=\"thim-ekits-testimonial__inner thim-ekits-thumb-gallery\">\r\n\t\t\t<div class=\"thim-ekits-testimonial__avatars thim-ekits-sliders swiper-container\">\r\n\t\t\t\t<div class=\"thim-ekits-testimonial__avatars-swapper swiper-wrapper\">\r\n\t\t\t\t\t\t\t\t<div class=\"thim-ekits-testimonial__avatar swiper-slide\">\r\n\t\t\t\t<div class=\"thim-ekits-testimonial__image\">\r\n\t\t\t\t\t<img decoding=\"async\" width=\"401\" height=\"400\" src=\"https:\/\/www.isteps.edu.ec\/wp-content\/uploads\/2023\/08\/Testimonio-1-Jessica-Fajardo.png\" class=\"attachment-full size-full wp-image-19435\" alt=\"\" srcset=\"https:\/\/www.isteps.edu.ec\/wp-content\/uploads\/2023\/08\/Testimonio-1-Jessica-Fajardo.png 401w, https:\/\/www.isteps.edu.ec\/wp-content\/uploads\/2023\/08\/Testimonio-1-Jessica-Fajardo-300x300.png 300w, https:\/\/www.isteps.edu.ec\/wp-content\/uploads\/2023\/08\/Testimonio-1-Jessica-Fajardo-150x150.png 150w, https:\/\/www.isteps.edu.ec\/wp-content\/uploads\/2023\/08\/Testimonio-1-Jessica-Fajardo-100x100.png 100w\" sizes=\"(max-width: 401px) 100vw, 401px\" \/>\t\t\t\t<\/div>\r\n\t\t\t<\/div>\r\n\t\t\t\t\t<div class=\"thim-ekits-testimonial__avatar swiper-slide\">\r\n\t\t\t\t<div class=\"thim-ekits-testimonial__image\">\r\n\t\t\t\t\t<img decoding=\"async\" width=\"401\" height=\"400\" src=\"https:\/\/www.isteps.edu.ec\/wp-content\/uploads\/2023\/08\/Testimonio-2-Milton-Lopez.png\" class=\"attachment-full size-full wp-image-19436\" alt=\"\" srcset=\"https:\/\/www.isteps.edu.ec\/wp-content\/uploads\/2023\/08\/Testimonio-2-Milton-Lopez.png 401w, https:\/\/www.isteps.edu.ec\/wp-content\/uploads\/2023\/08\/Testimonio-2-Milton-Lopez-300x300.png 300w, https:\/\/www.isteps.edu.ec\/wp-content\/uploads\/2023\/08\/Testimonio-2-Milton-Lopez-150x150.png 150w, https:\/\/www.isteps.edu.ec\/wp-content\/uploads\/2023\/08\/Testimonio-2-Milton-Lopez-100x100.png 100w\" sizes=\"(max-width: 401px) 100vw, 401px\" \/>\t\t\t\t<\/div>\r\n\t\t\t<\/div>\r\n\t\t\t\t\t<div class=\"thim-ekits-testimonial__avatar swiper-slide\">\r\n\t\t\t\t<div class=\"thim-ekits-testimonial__image\">\r\n\t\t\t\t\t<img loading=\"lazy\" decoding=\"async\" width=\"401\" height=\"400\" src=\"https:\/\/www.isteps.edu.ec\/wp-content\/uploads\/2023\/08\/Testimonio-3-Sandra-Ordonez.png\" class=\"attachment-full size-full wp-image-19437\" alt=\"\" srcset=\"https:\/\/www.isteps.edu.ec\/wp-content\/uploads\/2023\/08\/Testimonio-3-Sandra-Ordonez.png 401w, https:\/\/www.isteps.edu.ec\/wp-content\/uploads\/2023\/08\/Testimonio-3-Sandra-Ordonez-300x300.png 300w, https:\/\/www.isteps.edu.ec\/wp-content\/uploads\/2023\/08\/Testimonio-3-Sandra-Ordonez-150x150.png 150w, https:\/\/www.isteps.edu.ec\/wp-content\/uploads\/2023\/08\/Testimonio-3-Sandra-Ordonez-100x100.png 100w\" sizes=\"(max-width: 401px) 100vw, 401px\" \/>\t\t\t\t<\/div>\r\n\t\t\t<\/div>\r\n\t\t\t\t\t\t<\/div>\r\n\t\t\t<\/div>\r\n\r\n\t\t\t\r\n\t\t\t<div class=\"thim-ekits-testimonial__content thim-ekits-gallery-thumbs swiper swiper-container\">\r\n\t\t\t\t<div class=\"thim-ekits-testimonial__content-swapper swiper-wrapper\">\r\n\t\t\t\t\t\t\t\t\t\t\t<div class=\"thim-ekits-testimonial__article swiper-slide\">\r\n\t\t\t\t\t\t\t\r\n\t\t\t\t\t\t\t<div class=\"thim-ekits-testimonial__client-info\">\r\n\t\t\t\t\t\t\t\t<p class=\"thim-ekits-testimonial__name\">Jessica Fajardo<\/p><div class=\"thim-ekits-testimonial__position\" >Segundo Ciclo Administraci\u00f3n<\/div>\t\t\t\t\t\t\t<\/div>\r\n\r\n\t\t\t\t\t\t\t\t\t\t<div class=\"thim-ekits-testimonial__client-content\">\r\n\t\t\t\t<p><span style=\"font-weight: 400\">\u201cEl instituto es muy bueno porque nos permite trabajar y estudiar a la vez, he aprendido muchas cosas sobre liderazgo, cooperativismo. Me gusta mucho mi carrera\u201d<\/span><\/p>\t\t\t<\/div>\r\n\t\t\t\r\n\t\t\t\t\t\t<\/div>\r\n\t\t\t\t\t\t\t\t\t\t\t<div class=\"thim-ekits-testimonial__article swiper-slide\">\r\n\t\t\t\t\t\t\t\r\n\t\t\t\t\t\t\t<div class=\"thim-ekits-testimonial__client-info\">\r\n\t\t\t\t\t\t\t\t<p class=\"thim-ekits-testimonial__name\">Milton Lo\u0301pez<\/p><div class=\"thim-ekits-testimonial__position\" >Tecn\u00f3logo Superior en Administraci\u00f3n de las Organizaciones de la EPS<\/div>\t\t\t\t\t\t\t<\/div>\r\n\r\n\t\t\t\t\t\t\t\t\t\t<div class=\"thim-ekits-testimonial__client-content\">\r\n\t\t\t\t<p>\u201cEntend\u00ed que la formaci\u00f3n y la preparaci\u00f3n para administrar la econom\u00eda popular y solidaria<br \/>era fundamental y concomitantemente a ello llega el ISTEPS, entonces dije es el momento\u201d<\/p>\t\t\t<\/div>\r\n\t\t\t\r\n\t\t\t\t\t\t<\/div>\r\n\t\t\t\t\t\t\t\t\t\t\t<div class=\"thim-ekits-testimonial__article swiper-slide\">\r\n\t\t\t\t\t\t\t\r\n\t\t\t\t\t\t\t<div class=\"thim-ekits-testimonial__client-info\">\r\n\t\t\t\t\t\t\t\t<p class=\"thim-ekits-testimonial__name\">Sandra Ordon\u0303ez<\/p><div class=\"thim-ekits-testimonial__position\" >Cuarto Ciclo Finanzas<\/div>\t\t\t\t\t\t\t<\/div>\r\n\r\n\t\t\t\t\t\t\t\t\t\t<div class=\"thim-ekits-testimonial__client-content\">\r\n\t\t\t\t<p><span style=\"font-weight: 400\">\u201cEl instituto me ha ayudado bastante tanto en el aspecto econ\u00f3mico como emocional, estoy muy agradecida porque alcanzar\u00e9 un sue\u00f1o m\u00e1s inmerso en la econom\u00eda popular y solidaria ya que es una excelente educaci\u00f3n\u201d.<\/span><\/p>\t\t\t<\/div>\r\n\t\t\t\r\n\t\t\t\t\t\t<\/div>\r\n\t\t\t\t\t\t\t\t\t<\/div>\r\n\t\t\t<\/div>\r\n\r\n\t\t\t\t\t<div class=\"thim-ekits-testimonial__quote-icon\">\r\n\t\t\t<i aria-hidden=\"true\" class=\"tk tk-quoc\"><\/i>\t\t<\/div>\r\n\t\t<\/div>\r\n\r\n\t\t\t\t\t<\/div>\n\t\t\t\t<\/div>\n\t\t\t\t\t<\/div>\n\t\t<\/div>\n\t\t\t\t\t<\/div>\n\t\t<\/section>\n\t\t\t\t<section class=\"elementor-section elementor-top-section elementor-element elementor-element-0f2074d elementor-section-boxed elementor-section-height-default elementor-section-height-default\" data-id=\"0f2074d\" data-element_type=\"section\" data-e-type=\"section\">\n\t\t\t\t\t\t<div class=\"elementor-container elementor-column-gap-default\">\n\t\t\t\t\t<div class=\"elementor-column elementor-col-100 elementor-top-column elementor-element elementor-element-d93b2b1\" data-id=\"d93b2b1\" data-element_type=\"column\" data-e-type=\"column\">\n\t\t\t<div class=\"elementor-widget-wrap elementor-element-populated\">\n\t\t\t\t\t\t<div class=\"elementor-element elementor-element-cf5db68 elementor-widget-divider--view-line_icon elementor-view-default elementor-widget-divider--element-align-center elementor-widget elementor-widget-divider\" data-id=\"cf5db68\" data-element_type=\"widget\" data-e-type=\"widget\" data-widget_type=\"divider.default\">\n\t\t\t\t<div class=\"elementor-widget-container\">\n\t\t\t\t\t\t\t<div class=\"elementor-divider\">\n\t\t\t<span class=\"elementor-divider-separator\">\n\t\t\t\t\t\t\t<div class=\"elementor-icon elementor-divider__element\">\n\t\t\t\t\t<i aria-hidden=\"true\" class=\"far fa-calendar-alt\"><\/i><\/div>\n\t\t\t\t\t\t<\/span>\n\t\t<\/div>\n\t\t\t\t\t\t<\/div>\n\t\t\t\t<\/div>\n\t\t\t\t\t<\/div>\n\t\t<\/div>\n\t\t\t\t\t<\/div>\n\t\t<\/section>\n\t\t\t\t<section class=\"elementor-section elementor-top-section elementor-element elementor-element-52256f13 elementor-section-boxed elementor-section-height-default elementor-section-height-default\" data-id=\"52256f13\" data-element_type=\"section\" data-e-type=\"section\">\n\t\t\t\t\t\t<div class=\"elementor-container elementor-column-gap-default\">\n\t\t\t\t\t<div class=\"elementor-column elementor-col-100 elementor-top-column elementor-element elementor-element-742b05ce\" data-id=\"742b05ce\" data-element_type=\"column\" data-e-type=\"column\">\n\t\t\t<div class=\"elementor-widget-wrap elementor-element-populated\">\n\t\t\t\t\t\t<div class=\"elementor-element elementor-element-14b839ab elementor-widget elementor-widget-image\" data-id=\"14b839ab\" data-element_type=\"widget\" data-e-type=\"widget\" data-widget_type=\"image.default\">\n\t\t\t\t<div class=\"elementor-widget-container\">\n\t\t\t\t\t\t\t\t\t\t\t\t\t\t\t<img decoding=\"async\" src=\"https:\/\/www.isteps.edu.ec\/wp-content\/uploads\/2025\/06\/Calendario-academico-PAO-9-I-2025-Diseno_page-0001-scaled.jpg\" title=\"\" alt=\"\" loading=\"lazy\" \/>\t\t\t\t\t\t\t\t\t\t\t\t\t\t\t<\/div>\n\t\t\t\t<\/div>\n\t\t\t\t\t<\/div>\n\t\t<\/div>\n\t\t\t\t\t<\/div>\n\t\t<\/section>\n\t\t\t\t<\/div>\n\t\t","protected":false},"excerpt":{"rendered":"<p>Bienvenido\/a al sendero de la transformaci\u00f3n y el triunfo! Requisitos Becas Requisitos T\u00edtulo de bachiller Copia de la c\u00e9dula en digital (colores) Copia del certificado de votaci\u00f3n en digital (colores) Acceso a internet y manejo de plataformas digitales Completar el &hellip; <\/p>\n","protected":false},"author":1,"featured_media":0,"parent":0,"menu_order":0,"comment_status":"closed","ping_status":"closed","template":"","meta":{"footnotes":""},"class_list":["post-19569","page","type-page","status-publish","hentry"],"_links":{"self":[{"href":"https:\/\/www.isteps.edu.ec\/index.php?rest_route=\/wp\/v2\/pages\/19569","targetHints":{"allow":["GET"]}}],"collection":[{"href":"https:\/\/www.isteps.edu.ec\/index.php?rest_route=\/wp\/v2\/pages"}],"about":[{"href":"https:\/\/www.isteps.edu.ec\/index.php?rest_route=\/wp\/v2\/types\/page"}],"author":[{"embeddable":true,"href":"https:\/\/www.isteps.edu.ec\/index.php?rest_route=\/wp\/v2\/users\/1"}],"replies":[{"embeddable":true,"href":"https:\/\/www.isteps.edu.ec\/index.php?rest_route=%2Fwp%2Fv2%2Fcomments&post=19569"}],"version-history":[{"count":85,"href":"https:\/\/www.isteps.edu.ec\/index.php?rest_route=\/wp\/v2\/pages\/19569\/revisions"}],"predecessor-version":[{"id":24737,"href":"https:\/\/www.isteps.edu.ec\/index.php?rest_route=\/wp\/v2\/pages\/19569\/revisions\/24737"}],"wp:attachment":[{"href":"https:\/\/www.isteps.edu.ec\/index.php?rest_route=%2Fwp%2Fv2%2Fmedia&parent=19569"}],"curies":[{"name":"wp","href":"https:\/\/api.w.org\/{rel}","templated":true}]}}