{"id":19623,"date":"2023-08-23T11:34:50","date_gmt":"2023-08-23T16:34:50","guid":{"rendered":"https:\/\/www.isteps.edu.ec\/?page_id=19623"},"modified":"2025-11-27T15:11:42","modified_gmt":"2025-11-27T20:11:42","slug":"autoridades","status":"publish","type":"page","link":"https:\/\/www.isteps.edu.ec\/?page_id=19623","title":{"rendered":"Autoridades"},"content":{"rendered":"\t\t<div data-elementor-type=\"wp-page\" data-elementor-id=\"19623\" class=\"elementor elementor-19623\">\n\t\t\t\t\t\t<section class=\"elementor-section elementor-top-section elementor-element elementor-element-d4a8e1d elementor-section-boxed elementor-section-height-default elementor-section-height-default\" data-id=\"d4a8e1d\" data-element_type=\"section\" data-e-type=\"section\">\n\t\t\t\t\t\t<div class=\"elementor-container elementor-column-gap-default\">\n\t\t\t\t\t<div class=\"elementor-column elementor-col-100 elementor-top-column elementor-element elementor-element-f5dfe60\" data-id=\"f5dfe60\" data-element_type=\"column\" data-e-type=\"column\">\n\t\t\t<div class=\"elementor-widget-wrap elementor-element-populated\">\n\t\t\t\t\t\t<div class=\"elementor-element elementor-element-2f145f2 elementor-widget elementor-widget-heading\" data-id=\"2f145f2\" data-element_type=\"widget\" data-e-type=\"widget\" data-widget_type=\"heading.default\">\n\t\t\t\t<div class=\"elementor-widget-container\">\n\t\t\t\t\t<h2 class=\"elementor-heading-title elementor-size-default\">\u00d3rgano Colegiado Superior<\/h2>\t\t\t\t<\/div>\n\t\t\t\t<\/div>\n\t\t\t\t<div class=\"elementor-element elementor-element-5de0692 thim-ekit-team-slider elementor-widget elementor-widget-thim-ekits-team\" data-id=\"5de0692\" data-element_type=\"widget\" data-e-type=\"widget\" data-settings=\"{&quot;slidesPerView&quot;:5,&quot;slidesPerGroup&quot;:1,&quot;spaceBetween&quot;:15,&quot;slidesPerView_tablet&quot;:3,&quot;slider_loop&quot;:&quot;yes&quot;,&quot;slidesPerView_mobile&quot;:&quot;2&quot;,&quot;spaceBetween_mobile&quot;:&quot;15&quot;,&quot;slider_speed&quot;:1000,&quot;centered_slides&quot;:&quot;no&quot;,&quot;slider_show_pagination&quot;:&quot;none&quot;}\" data-widget_type=\"thim-ekits-team.default\">\n\t\t\t\t<div class=\"elementor-widget-container\">\n\t\t\t\t\t\r\n\t\t\n\t\t<div class=\"thim-ekits-sliders swiper-container\">\n\t\t\t<div class=\" swiper-wrapper\">\n\t\t\t\t\t\t\t\t\t\t<div class=\"thim-ekit-team__article swiper-slide post-19623 page type-page status-publish hentry\">\n\t\t\t\t\t\t\t\t\t<div class=\"thim-ekit-team__thumbnail\">\n\t\t\t\t\t\t<div class=\"thim-ekit-team__image\">\n\t\t\t\t<img fetchpriority=\"high\" decoding=\"async\" width=\"640\" height=\"648\" src=\"https:\/\/www.isteps.edu.ec\/wp-content\/uploads\/2025\/11\/Richard-Y-1011x1024.jpg\" class=\"attachment-large size-large wp-image-24642\" alt=\"\" srcset=\"https:\/\/www.isteps.edu.ec\/wp-content\/uploads\/2025\/11\/Richard-Y-1011x1024.jpg 1011w, https:\/\/www.isteps.edu.ec\/wp-content\/uploads\/2025\/11\/Richard-Y-296x300.jpg 296w, https:\/\/www.isteps.edu.ec\/wp-content\/uploads\/2025\/11\/Richard-Y-768x778.jpg 768w, https:\/\/www.isteps.edu.ec\/wp-content\/uploads\/2025\/11\/Richard-Y-1517x1536.jpg 1517w, https:\/\/www.isteps.edu.ec\/wp-content\/uploads\/2025\/11\/Richard-Y.jpg 1814w\" sizes=\"(max-width: 640px) 100vw, 640px\" \/>\t\t\t<\/div>\n\t\t\t\t\t\t<div class=\"thim-ekit-team__list-social\"><\/div>\t\t<\/div>\n\t\t\t\t<div class=\"thim-ekit-team__content\">\n\t\t<div class=\"thim-ekit-team__member-name\">Richard Yunga<\/div>\t\t\t<div class=\"thim-ekit-team__member-position\">\n\t\t\t\tRector\t\t\t<\/div>\n\t\t\t\t\t\t<div class=\"thim-ekit-team__member-description\">\n\t\t\t\tr.yunga@isteps.edu.ec\t\t\t<\/div>\n\t\t\t\t\t<\/div>\n\t\t\t\t\t\t\t\t<\/div>\n\t\t\t\t\t\t\t\t\t\t\t\t<div class=\"thim-ekit-team__article swiper-slide post-19623 page type-page status-publish hentry\">\n\t\t\t\t\t\t\t\t\t<div class=\"thim-ekit-team__thumbnail\">\n\t\t\t\t\t\t<div class=\"thim-ekit-team__image\">\n\t\t\t\t<img decoding=\"async\" width=\"640\" height=\"640\" src=\"https:\/\/www.isteps.edu.ec\/wp-content\/uploads\/2025\/11\/Gabriela-M-1024x1024.jpg\" class=\"attachment-large size-large wp-image-24643\" alt=\"\" srcset=\"https:\/\/www.isteps.edu.ec\/wp-content\/uploads\/2025\/11\/Gabriela-M-1024x1024.jpg 1024w, https:\/\/www.isteps.edu.ec\/wp-content\/uploads\/2025\/11\/Gabriela-M-300x300.jpg 300w, https:\/\/www.isteps.edu.ec\/wp-content\/uploads\/2025\/11\/Gabriela-M-150x150.jpg 150w, https:\/\/www.isteps.edu.ec\/wp-content\/uploads\/2025\/11\/Gabriela-M-768x768.jpg 768w, https:\/\/www.isteps.edu.ec\/wp-content\/uploads\/2025\/11\/Gabriela-M-1536x1536.jpg 1536w, https:\/\/www.isteps.edu.ec\/wp-content\/uploads\/2025\/11\/Gabriela-M.jpg 2048w\" sizes=\"(max-width: 640px) 100vw, 640px\" \/>\t\t\t<\/div>\n\t\t\t\t\t\t<div class=\"thim-ekit-team__list-social\"><\/div>\t\t<\/div>\n\t\t\t\t<div class=\"thim-ekit-team__content\">\n\t\t<div class=\"thim-ekit-team__member-name\">Gabriela Mancero<\/div>\t\t\t<div class=\"thim-ekit-team__member-position\">\n\t\t\t\tVicerrectora (E)\t\t\t<\/div>\n\t\t\t\t\t\t<div class=\"thim-ekit-team__member-description\">\n\t\t\t\tm.mancero@isteps.edu.ec\t\t\t<\/div>\n\t\t\t\t\t<\/div>\n\t\t\t\t\t\t\t\t<\/div>\n\t\t\t\t\t\t\t\t\t\t\t\t<div class=\"thim-ekit-team__article swiper-slide post-19623 page type-page status-publish hentry\">\n\t\t\t\t\t\t\t\t\t<div class=\"thim-ekit-team__thumbnail\">\n\t\t\t\t\t\t<div class=\"thim-ekit-team__image\">\n\t\t\t\t<img decoding=\"async\" width=\"640\" height=\"640\" src=\"https:\/\/www.isteps.edu.ec\/wp-content\/uploads\/2025\/11\/Juliana-Galarza-1024x1024.jpg\" class=\"attachment-large size-large wp-image-24644\" alt=\"\" srcset=\"https:\/\/www.isteps.edu.ec\/wp-content\/uploads\/2025\/11\/Juliana-Galarza-1024x1024.jpg 1024w, https:\/\/www.isteps.edu.ec\/wp-content\/uploads\/2025\/11\/Juliana-Galarza-300x300.jpg 300w, https:\/\/www.isteps.edu.ec\/wp-content\/uploads\/2025\/11\/Juliana-Galarza-150x150.jpg 150w, https:\/\/www.isteps.edu.ec\/wp-content\/uploads\/2025\/11\/Juliana-Galarza-768x768.jpg 768w, https:\/\/www.isteps.edu.ec\/wp-content\/uploads\/2025\/11\/Juliana-Galarza-1536x1536.jpg 1536w, https:\/\/www.isteps.edu.ec\/wp-content\/uploads\/2025\/11\/Juliana-Galarza.jpg 2048w\" sizes=\"(max-width: 640px) 100vw, 640px\" \/>\t\t\t<\/div>\n\t\t\t\t\t\t<div class=\"thim-ekit-team__list-social\"><\/div>\t\t<\/div>\n\t\t\t\t<div class=\"thim-ekit-team__content\">\n\t\t<div class=\"thim-ekit-team__member-name\">Juliana Galarza<\/div>\t\t\t<div class=\"thim-ekit-team__member-position\">\n\t\t\t\tRepresentante Docentes\t\t\t<\/div>\n\t\t\t\t\t\t<div class=\"thim-ekit-team__member-description\">\n\t\t\t\tj.galarza@isteps.edu.ec\t\t\t<\/div>\n\t\t\t\t\t<\/div>\n\t\t\t\t\t\t\t\t<\/div>\n\t\t\t\t\t\t\t\t\t\t\t\t<div class=\"thim-ekit-team__article swiper-slide post-19623 page type-page status-publish hentry\">\n\t\t\t\t\t\t\t\t\t<div class=\"thim-ekit-team__thumbnail\">\n\t\t\t\t\t\t<div class=\"thim-ekit-team__image\">\n\t\t\t\t<img loading=\"lazy\" decoding=\"async\" width=\"640\" height=\"640\" src=\"https:\/\/www.isteps.edu.ec\/wp-content\/uploads\/2025\/11\/Juan-Albuja-1024x1024.jpg\" class=\"attachment-large size-large wp-image-24645\" alt=\"\" srcset=\"https:\/\/www.isteps.edu.ec\/wp-content\/uploads\/2025\/11\/Juan-Albuja-1024x1024.jpg 1024w, https:\/\/www.isteps.edu.ec\/wp-content\/uploads\/2025\/11\/Juan-Albuja-300x300.jpg 300w, https:\/\/www.isteps.edu.ec\/wp-content\/uploads\/2025\/11\/Juan-Albuja-150x150.jpg 150w, https:\/\/www.isteps.edu.ec\/wp-content\/uploads\/2025\/11\/Juan-Albuja-768x768.jpg 768w, https:\/\/www.isteps.edu.ec\/wp-content\/uploads\/2025\/11\/Juan-Albuja-1536x1536.jpg 1536w, https:\/\/www.isteps.edu.ec\/wp-content\/uploads\/2025\/11\/Juan-Albuja.jpg 2048w\" sizes=\"(max-width: 640px) 100vw, 640px\" \/>\t\t\t<\/div>\n\t\t\t\t\t\t<div class=\"thim-ekit-team__list-social\"><\/div>\t\t<\/div>\n\t\t\t\t<div class=\"thim-ekit-team__content\">\n\t\t<div class=\"thim-ekit-team__member-name\">Juan Albuja<\/div>\t\t\t<div class=\"thim-ekit-team__member-position\">\n\t\t\t\tRepresentante Docentes\t\t\t<\/div>\n\t\t\t\t\t\t<div class=\"thim-ekit-team__member-description\">\n\t\t\t\tj.albuja@isteps.edu.ec\t\t\t<\/div>\n\t\t\t\t\t<\/div>\n\t\t\t\t\t\t\t\t<\/div>\n\t\t\t\t\t\t\t\t\t\t\t\t<div class=\"thim-ekit-team__article swiper-slide post-19623 page type-page status-publish hentry\">\n\t\t\t\t\t\t\t\t\t<div class=\"thim-ekit-team__thumbnail\">\n\t\t\t\t\t\t<div class=\"thim-ekit-team__image\">\n\t\t\t\t<img loading=\"lazy\" decoding=\"async\" width=\"640\" height=\"644\" src=\"https:\/\/www.isteps.edu.ec\/wp-content\/uploads\/2025\/11\/Daniela-Cando-1017x1024.jpg\" class=\"attachment-large size-large wp-image-24646\" alt=\"\" srcset=\"https:\/\/www.isteps.edu.ec\/wp-content\/uploads\/2025\/11\/Daniela-Cando-1017x1024.jpg 1017w, https:\/\/www.isteps.edu.ec\/wp-content\/uploads\/2025\/11\/Daniela-Cando-298x300.jpg 298w, https:\/\/www.isteps.edu.ec\/wp-content\/uploads\/2025\/11\/Daniela-Cando-150x150.jpg 150w, https:\/\/www.isteps.edu.ec\/wp-content\/uploads\/2025\/11\/Daniela-Cando-768x773.jpg 768w, https:\/\/www.isteps.edu.ec\/wp-content\/uploads\/2025\/11\/Daniela-Cando.jpg 1437w\" sizes=\"(max-width: 640px) 100vw, 640px\" \/>\t\t\t<\/div>\n\t\t\t\t\t\t<div class=\"thim-ekit-team__list-social\"><\/div>\t\t<\/div>\n\t\t\t\t<div class=\"thim-ekit-team__content\">\n\t\t<div class=\"thim-ekit-team__member-name\">Daniela Cando<\/div>\t\t\t<div class=\"thim-ekit-team__member-position\">\n\t\t\t\tRepresentante Estudiantes\t\t\t<\/div>\n\t\t\t\t\t\t<div class=\"thim-ekit-team__member-description\">\n\t\t\t\td.cando@isteps.edu.ec\t\t\t<\/div>\n\t\t\t\t\t<\/div>\n\t\t\t\t\t\t\t\t<\/div>\n\t\t\t\t\t\t\t\t\t<\/div>\n\t\t<\/div>\n\n\t\t\t\t\t\t<\/div>\n\t\t\t\t<\/div>\n\t\t\t\t\t<\/div>\n\t\t<\/div>\n\t\t\t\t\t<\/div>\n\t\t<\/section>\n\t\t\t\t<section class=\"elementor-section elementor-top-section elementor-element elementor-element-814c5e7 elementor-section-boxed elementor-section-height-default elementor-section-height-default\" data-id=\"814c5e7\" data-element_type=\"section\" data-e-type=\"section\">\n\t\t\t\t\t\t<div class=\"elementor-container elementor-column-gap-default\">\n\t\t\t\t\t<div class=\"elementor-column elementor-col-100 elementor-top-column elementor-element elementor-element-5f47353\" data-id=\"5f47353\" data-element_type=\"column\" data-e-type=\"column\">\n\t\t\t<div class=\"elementor-widget-wrap\">\n\t\t\t\t\t\t\t<\/div>\n\t\t<\/div>\n\t\t\t\t\t<\/div>\n\t\t<\/section>\n\t\t\t\t<section class=\"elementor-section elementor-top-section elementor-element elementor-element-ac1030e elementor-section-boxed elementor-section-height-default elementor-section-height-default\" data-id=\"ac1030e\" data-element_type=\"section\" data-e-type=\"section\">\n\t\t\t\t\t\t<div class=\"elementor-container elementor-column-gap-default\">\n\t\t\t\t\t<div class=\"elementor-column elementor-col-100 elementor-top-column elementor-element elementor-element-8dfffa7\" data-id=\"8dfffa7\" data-element_type=\"column\" data-e-type=\"column\">\n\t\t\t<div class=\"elementor-widget-wrap elementor-element-populated\">\n\t\t\t\t\t\t<div class=\"elementor-element elementor-element-cdaa177 elementor-tabs-alignment-center elementor-tabs-view-horizontal elementor-widget elementor-widget-tabs\" data-id=\"cdaa177\" data-element_type=\"widget\" data-e-type=\"widget\" data-widget_type=\"tabs.default\">\n\t\t\t\t<div class=\"elementor-widget-container\">\n\t\t\t\t\t\t\t<div class=\"elementor-tabs\">\n\t\t\t<div class=\"elementor-tabs-wrapper\" role=\"tablist\" >\n\t\t\t\t\t\t\t\t\t<div id=\"elementor-tab-title-2151\" class=\"elementor-tab-title elementor-tab-desktop-title\" aria-selected=\"true\" data-tab=\"1\" role=\"tab\" tabindex=\"0\" aria-controls=\"elementor-tab-content-2151\" aria-expanded=\"false\">Rector<\/div>\n\t\t\t\t\t\t\t\t\t<div id=\"elementor-tab-title-2152\" class=\"elementor-tab-title elementor-tab-desktop-title\" aria-selected=\"false\" data-tab=\"2\" role=\"tab\" tabindex=\"-1\" aria-controls=\"elementor-tab-content-2152\" aria-expanded=\"false\">Vicerrectora<\/div>\n\t\t\t\t\t\t\t\t\t<div id=\"elementor-tab-title-2153\" class=\"elementor-tab-title elementor-tab-desktop-title\" aria-selected=\"false\" data-tab=\"3\" role=\"tab\" tabindex=\"-1\" aria-controls=\"elementor-tab-content-2153\" aria-expanded=\"false\">Consejo de Regentes<\/div>\n\t\t\t\t\t\t\t<\/div>\n\t\t\t<div class=\"elementor-tabs-content-wrapper\" role=\"tablist\" aria-orientation=\"vertical\">\n\t\t\t\t\t\t\t\t\t<div class=\"elementor-tab-title elementor-tab-mobile-title\" aria-selected=\"true\" data-tab=\"1\" role=\"tab\" tabindex=\"0\" aria-controls=\"elementor-tab-content-2151\" aria-expanded=\"false\">Rector<\/div>\n\t\t\t\t\t<div id=\"elementor-tab-content-2151\" class=\"elementor-tab-content elementor-clearfix\" data-tab=\"1\" role=\"tabpanel\" aria-labelledby=\"elementor-tab-title-2151\" tabindex=\"0\" hidden=\"false\"><p><b><strong> <img loading=\"lazy\" decoding=\"async\" class=\"aligncenter\" src=\"https:\/\/www.isteps.edu.ec\/wp-content\/uploads\/2024\/04\/Richard-Yunga2-2024-1024x768.jpg\" alt=\"\" width=\"640\" height=\"480\" \/><\/strong><\/b><\/p><p><b><strong>Richard Yunga<\/strong><\/b><\/p><p><b><strong>\u00a0<\/strong><\/b><span style=\"font-size: var(--thim-font-body-font-size);\">Profesional de cuarto nivel en\u00a0<\/span><span style=\"font-size: var(--thim-font-body-font-size);\">Administraci\u00f3n de Empresas con menci\u00f3n en Innovaci\u00f3n por la Universidad T\u00e9cnica Particular de Loja (UTPL). Posee formaci\u00f3n en temas relacionados con Microfinanzas y Microempresas, Gesti\u00f3n de Recursos Humanos y Desarrollo Organizacional, Econom\u00eda Social, Popular y Solidaria, Educaci\u00f3n y Pedagog\u00edas para la Emancipaci\u00f3n.<\/span><\/p><p>Ha sido promotor de proyectos productivos y gestor de cajas de ahorro y cr\u00e9dito. Desde 1999, ha colaborado con la Cooperativa Jard\u00edn Azuayo, desempe\u00f1\u00e1ndose como promotor, director de Recursos Humanos, director Zonal, director de Educaci\u00f3n Cooperativa y Gerente de Servicios Cooperativos. En su rol de consultor institucional en el Instituto Superior Tecnol\u00f3gico de la Econom\u00eda Social Popular y Solidaria, ha sido coordinador de la carrera de Finanzas Populares y Solidarias, coordinador de Admisiones y actualmente ocupa el cargo de rector.<\/p><p>Ha participado como expositor en eventos locales, nacionales e internacionales, abordando temas relacionados con la Econom\u00eda Popular y Solidaria, Inclusi\u00f3n Financiera y Econ\u00f3mica con el uso de la tecnolog\u00eda.<\/p><\/div>\n\t\t\t\t\t\t\t\t\t<div class=\"elementor-tab-title elementor-tab-mobile-title\" aria-selected=\"false\" data-tab=\"2\" role=\"tab\" tabindex=\"-1\" aria-controls=\"elementor-tab-content-2152\" aria-expanded=\"false\">Vicerrectora<\/div>\n\t\t\t\t\t<div id=\"elementor-tab-content-2152\" class=\"elementor-tab-content elementor-clearfix\" data-tab=\"2\" role=\"tabpanel\" aria-labelledby=\"elementor-tab-title-2152\" tabindex=\"0\" hidden=\"hidden\"><p><img loading=\"lazy\" decoding=\"async\" class=\"aligncenter\" src=\"https:\/\/www.isteps.edu.ec\/wp-content\/uploads\/2024\/06\/Gaby-mancero-accion-1024x579.png\" alt=\"\" width=\"640\" height=\"362\" \/><\/p><h4 style=\"color: #333333; text-transform: none;\"><b>Gabriela Mancero Arias\u00a0<\/b><\/h4><p><span style=\"font-size: var(--thim-font-body-font-size);\">Ingeniera en Contadur\u00eda P\u00fablica y Auditor\u00eda por la Universidad Estatal de Milagro y Mag\u00edster en Contabilidad y Auditor\u00eda por la Universidad Laica Vicente Rocafuerte de Guayaquil. Con 12 a\u00f1os de experiencia en administraci\u00f3n de empresas y emprendimientos populares, actualmente se desempe\u00f1a como Docente-Coordinadora y Vicerrectora Encargada en el Instituto Superior de la Econom\u00eda Social, Popular y Solidaria.<\/span><\/p><p>Adem\u00e1s, ocupa el cargo de Directora Ejecutiva en el Instituto de Investigaciones Transdisciplinarias Ecuador. Su compromiso se refleja en una constante alineaci\u00f3n y actualizaci\u00f3n en programas de formaci\u00f3n, manteni\u00e9ndose a la vanguardia en las \u00e1reas financiera y de control interno.<\/p><\/div>\n\t\t\t\t\t\t\t\t\t<div class=\"elementor-tab-title elementor-tab-mobile-title\" aria-selected=\"false\" data-tab=\"3\" role=\"tab\" tabindex=\"-1\" aria-controls=\"elementor-tab-content-2153\" aria-expanded=\"false\">Consejo de Regentes<\/div>\n\t\t\t\t\t<div id=\"elementor-tab-content-2153\" class=\"elementor-tab-content elementor-clearfix\" data-tab=\"3\" role=\"tabpanel\" aria-labelledby=\"elementor-tab-title-2153\" tabindex=\"0\" hidden=\"hidden\"><div><div><img loading=\"lazy\" decoding=\"async\" src=\"https:\/\/www.isteps.edu.ec\/wp-content\/uploads\/2024\/04\/Katja-Bonisch-2024-300x300.jpg\" alt=\"\" width=\"300\" height=\"300\" \/>\u00a0 \u00a0 \u00a0\u00a0<span style=\"font-size: var(--thim-font-body-font-size);\">Katja B\u00f6nisch \u00a0 \u00a0 \u00a0 \u00a0 \u00a0 \u00a0\u00a0<\/span><img loading=\"lazy\" decoding=\"async\" style=\"font-size: var(--thim-font-body-font-size); border-width: medium;\" src=\"https:\/\/www.isteps.edu.ec\/wp-content\/uploads\/2024\/04\/Jaime-Montenegro-2024-300x300.jpg\" alt=\"\" width=\"300\" height=\"300\" \/><span style=\"font-size: var(--thim-font-body-font-size);\">\u00a0 \u00a0 \u00a0\u00a0<\/span><span style=\"color: #0d0d0d; font-family: S\u00f6hne, ui-sans-serif, system-ui, -apple-system, 'Segoe UI', Roboto, Ubuntu, Cantarell, 'Noto Sans', sans-serif, 'Helvetica Neue', Arial, 'Apple Color Emoji', 'Segoe UI Emoji', 'Segoe UI Symbol', 'Noto Color Emoji'; font-size: 16px; orphans: 2; white-space: pre-wrap; widows: 2;\">Jaime Montenegro<\/span><\/div><div><span style=\"color: #0d0d0d; font-family: S\u00f6hne, ui-sans-serif, system-ui, -apple-system, 'Segoe UI', Roboto, Ubuntu, Cantarell, 'Noto Sans', sans-serif, 'Helvetica Neue', Arial, 'Apple Color Emoji', 'Segoe UI Emoji', 'Segoe UI Symbol', 'Noto Color Emoji'; font-size: 16px; orphans: 2; white-space: pre-wrap; widows: 2;\">\u00a0<\/span><\/div><div><img loading=\"lazy\" decoding=\"async\" src=\"https:\/\/www.isteps.edu.ec\/wp-content\/uploads\/2024\/04\/Vinicio-Ramirez-2024-300x300.png\" alt=\"\" width=\"300\" height=\"300\" \/>\u00a0 \u00a0 \u00a0 <span style=\"font-size: var(--thim-font-body-font-size);\">Vinicio Ram\u00edrez. \u00a0 \u00a0 \u00a0 \u00a0<\/span><span style=\"font-size: var(--thim-font-body-font-size);\"><img loading=\"lazy\" decoding=\"async\" src=\"https:\/\/www.isteps.edu.ec\/wp-content\/uploads\/2024\/04\/Henry-Quezada-2024-1-300x300.jpg\" alt=\"\" width=\"300\" height=\"300\" \/>\u00a0 \u00a0 \u00a0 Henry Quezada<\/span><span style=\"font-size: var(--thim-font-body-font-size);\">\u00a0 \u00a0 \u00a0\u00a0<\/span><span style=\"font-size: var(--thim-font-body-font-size);\">\u00a0<\/span><\/div><div><span style=\"font-size: var(--thim-font-body-font-size);\">\u00a0<\/span><\/div><div><img loading=\"lazy\" decoding=\"async\" class=\"alignnone wp-image-23472 size-medium\" src=\"https:\/\/www.isteps.edu.ec\/wp-content\/uploads\/2024\/06\/LC-300x300.png\" alt=\"\" width=\"300\" height=\"300\" srcset=\"https:\/\/www.isteps.edu.ec\/wp-content\/uploads\/2024\/06\/LC-300x300.png 300w, https:\/\/www.isteps.edu.ec\/wp-content\/uploads\/2024\/06\/LC-1024x1024.png 1024w, https:\/\/www.isteps.edu.ec\/wp-content\/uploads\/2024\/06\/LC-150x150.png 150w, https:\/\/www.isteps.edu.ec\/wp-content\/uploads\/2024\/06\/LC-768x768.png 768w, https:\/\/www.isteps.edu.ec\/wp-content\/uploads\/2024\/06\/LC.png 1183w\" sizes=\"(max-width: 300px) 100vw, 300px\" \/>\u00a0 \u00a0 \u00a0 <span style=\"font-size: var(--thim-font-body-font-size);\">Lucas Achig \u00a0<\/span><span style=\"font-size: var(--thim-font-body-font-size);\"><br \/><\/span><\/div><\/div><\/div>\n\t\t\t\t\t\t\t<\/div>\n\t\t<\/div>\n\t\t\t\t\t\t<\/div>\n\t\t\t\t<\/div>\n\t\t\t\t\t<\/div>\n\t\t<\/div>\n\t\t\t\t\t<\/div>\n\t\t<\/section>\n\t\t\t\t<\/div>\n\t\t","protected":false},"excerpt":{"rendered":"<p>\u00d3rgano Colegiado Superior Richard Yunga Rector r.yunga@isteps.edu.ec Gabriela Mancero Vicerrectora (E) m.mancero@isteps.edu.ec Juliana Galarza Representante Docentes j.galarza@isteps.edu.ec Juan Albuja Representante Docentes j.albuja@isteps.edu.ec Daniela Cando Representante Estudiantes d.cando@isteps.edu.ec Rector Vicerrectora Consejo de Regentes Rector Richard Yunga \u00a0Profesional de cuarto nivel en\u00a0Administraci\u00f3n &hellip; <\/p>\n","protected":false},"author":1,"featured_media":0,"parent":0,"menu_order":0,"comment_status":"closed","ping_status":"closed","template":"","meta":{"footnotes":""},"class_list":["post-19623","page","type-page","status-publish","hentry"],"_links":{"self":[{"href":"https:\/\/www.isteps.edu.ec\/index.php?rest_route=\/wp\/v2\/pages\/19623","targetHints":{"allow":["GET"]}}],"collection":[{"href":"https:\/\/www.isteps.edu.ec\/index.php?rest_route=\/wp\/v2\/pages"}],"about":[{"href":"https:\/\/www.isteps.edu.ec\/index.php?rest_route=\/wp\/v2\/types\/page"}],"author":[{"embeddable":true,"href":"https:\/\/www.isteps.edu.ec\/index.php?rest_route=\/wp\/v2\/users\/1"}],"replies":[{"embeddable":true,"href":"https:\/\/www.isteps.edu.ec\/index.php?rest_route=%2Fwp%2Fv2%2Fcomments&post=19623"}],"version-history":[{"count":237,"href":"https:\/\/www.isteps.edu.ec\/index.php?rest_route=\/wp\/v2\/pages\/19623\/revisions"}],"predecessor-version":[{"id":24649,"href":"https:\/\/www.isteps.edu.ec\/index.php?rest_route=\/wp\/v2\/pages\/19623\/revisions\/24649"}],"wp:attachment":[{"href":"https:\/\/www.isteps.edu.ec\/index.php?rest_route=%2Fwp%2Fv2%2Fmedia&parent=19623"}],"curies":[{"name":"wp","href":"https:\/\/api.w.org\/{rel}","templated":true}]}}