{"id":20085,"date":"2026-01-16T15:00:57","date_gmt":"2026-01-16T20:00:57","guid":{"rendered":"https:\/\/www.isteps.edu.ec\/?page_id=20085"},"modified":"2026-01-16T16:35:15","modified_gmt":"2026-01-16T21:35:15","slug":"oferta-academica","status":"publish","type":"page","link":"https:\/\/www.isteps.edu.ec\/?page_id=20085","title":{"rendered":"Carreras Tecnol\u00f3gicas"},"content":{"rendered":"\t\t<div data-elementor-type=\"wp-page\" data-elementor-id=\"20085\" class=\"elementor elementor-20085\">\n\t\t\t\t\t\t<section class=\"elementor-section elementor-top-section elementor-element elementor-element-6bcf346 elementor-section-boxed elementor-section-height-default elementor-section-height-default\" data-id=\"6bcf346\" data-element_type=\"section\" data-e-type=\"section\">\n\t\t\t\t\t\t<div class=\"elementor-container elementor-column-gap-default\">\n\t\t\t\t\t<div class=\"elementor-column elementor-col-100 elementor-top-column elementor-element elementor-element-541758f\" data-id=\"541758f\" data-element_type=\"column\" data-e-type=\"column\">\n\t\t\t<div class=\"elementor-widget-wrap elementor-element-populated\">\n\t\t\t\t\t\t<div class=\"elementor-element elementor-element-d8bd7f4 elementor-widget thim-ekits-heading elementor-widget-thim-heading\" data-id=\"d8bd7f4\" data-element_type=\"widget\" data-e-type=\"widget\" data-widget_type=\"thim-heading.default\">\n\t\t\t\t<div class=\"elementor-widget-container\">\n\t\t\t\t\t<div class=\"sc_heading\"><h2 class=\"title\">Oferta acad\u00e9mica de  <span class=\"thim-color\">Tercer nivel<\/span><\/h2><span class=\"line\"><\/span><\/div>\t\t\t\t<\/div>\n\t\t\t\t<\/div>\n\t\t\t\t\t<\/div>\n\t\t<\/div>\n\t\t\t\t\t<\/div>\n\t\t<\/section>\n\t\t\t\t<section class=\"elementor-section elementor-top-section elementor-element elementor-element-670d4e8d elementor-section-stretched elementor-section-boxed elementor-section-height-default elementor-section-height-default\" data-id=\"670d4e8d\" data-element_type=\"section\" data-e-type=\"section\" data-settings=\"{&quot;stretch_section&quot;:&quot;section-stretched&quot;}\">\n\t\t\t\t\t\t<div class=\"elementor-container elementor-column-gap-no\">\n\t\t\t\t\t<div class=\"elementor-column elementor-col-50 elementor-top-column elementor-element elementor-element-1402310\" data-id=\"1402310\" data-element_type=\"column\" data-e-type=\"column\">\n\t\t\t<div class=\"elementor-widget-wrap elementor-element-populated\">\n\t\t\t\t\t\t<div class=\"elementor-element elementor-element-72682585 elementor-widget elementor-widget-image\" data-id=\"72682585\" data-element_type=\"widget\" data-e-type=\"widget\" data-widget_type=\"image.default\">\n\t\t\t\t<div class=\"elementor-widget-container\">\n\t\t\t\t\t\t\t\t\t\t\t\t\t\t\t<img fetchpriority=\"high\" decoding=\"async\" width=\"1553\" height=\"1789\" src=\"https:\/\/www.isteps.edu.ec\/wp-content\/uploads\/2023\/08\/20220825_225942379_iOS-copia-1.gif\" class=\"attachment-full size-full wp-image-20227\" alt=\"\" \/>\t\t\t\t\t\t\t\t\t\t\t\t\t\t\t<\/div>\n\t\t\t\t<\/div>\n\t\t\t\t\t<\/div>\n\t\t<\/div>\n\t\t\t\t<div class=\"elementor-column elementor-col-50 elementor-top-column elementor-element elementor-element-53acedef\" data-id=\"53acedef\" data-element_type=\"column\" data-e-type=\"column\">\n\t\t\t<div class=\"elementor-widget-wrap elementor-element-populated\">\n\t\t\t\t\t\t<div class=\"elementor-element elementor-element-7b1b9849 elementor-widget__width-initial thim-ekits-heading-text-center thim-ekits-heading--tablettext-left elementor-widget thim-ekits-heading elementor-widget-thim-heading\" data-id=\"7b1b9849\" data-element_type=\"widget\" data-e-type=\"widget\" data-widget_type=\"thim-heading.default\">\n\t\t\t\t<div class=\"elementor-widget-container\">\n\t\t\t\t\t<div class=\"sc_heading text-center\"><h3 class=\"title\">Tecnolog\u00eda Superior en  <span class=\"thim-color\">Innovaci\u00f3n Tecnol\u00f3gica Empresarial<\/span><\/h3><div class=\"sub-heading\"><p>\u00a1Prep\u00e1rate para ser el motor de la transformaci\u00f3n y la eficiencia en el mundo empresarial! Nuestro programa formativo est\u00e1 dise\u00f1ado para aplicar soluciones tecnol\u00f3gicas innovadoras en negocios, instituciones p\u00fablicas y organizaciones de la sociedad civil, impulsando su competitividad y sostenibilidad.<\/p>\n<\/div><span class=\"line\"><\/span><\/div>\t\t\t\t<\/div>\n\t\t\t\t<\/div>\n\t\t\t\t<div class=\"elementor-element elementor-element-f9424eb elementor-align-center elementor-widget__width-initial elementor-widget elementor-widget-button\" data-id=\"f9424eb\" data-element_type=\"widget\" data-e-type=\"widget\" data-widget_type=\"button.default\">\n\t\t\t\t<div class=\"elementor-widget-container\">\n\t\t\t\t\t\t\t\t\t<div class=\"elementor-button-wrapper\">\n\t\t\t\t\t<a class=\"elementor-button elementor-button-link elementor-size-sm\" href=\"https:\/\/www.isteps.edu.ec\/?page_id=19546\">\n\t\t\t\t\t\t<span class=\"elementor-button-content-wrapper\">\n\t\t\t\t\t\t\t\t\t<span class=\"elementor-button-text\">M\u00e1s informaci\u00f3n<\/span>\n\t\t\t\t\t<\/span>\n\t\t\t\t\t<\/a>\n\t\t\t\t<\/div>\n\t\t\t\t\t\t\t\t<\/div>\n\t\t\t\t<\/div>\n\t\t\t\t<div class=\"elementor-element elementor-element-c88658a elementor-align-center elementor-widget__width-initial elementor-widget elementor-widget-button\" data-id=\"c88658a\" data-element_type=\"widget\" data-e-type=\"widget\" data-widget_type=\"button.default\">\n\t\t\t\t<div class=\"elementor-widget-container\">\n\t\t\t\t\t\t\t\t\t<div class=\"elementor-button-wrapper\">\n\t\t\t\t\t<a class=\"elementor-button elementor-button-link elementor-size-sm\" href=\"https:\/\/wa.me\/593959896729?text=Hola%2C%20quiero%20informaci\u00f3n%20sobre%20las%20carreras%20de%20ISTEPS\" target=\"_blank\">\n\t\t\t\t\t\t<span class=\"elementor-button-content-wrapper\">\n\t\t\t\t\t\t\t\t\t<span class=\"elementor-button-text\">\u00a1Registrate ahora!<\/span>\n\t\t\t\t\t<\/span>\n\t\t\t\t\t<\/a>\n\t\t\t\t<\/div>\n\t\t\t\t\t\t\t\t<\/div>\n\t\t\t\t<\/div>\n\t\t\t\t\t<\/div>\n\t\t<\/div>\n\t\t\t\t\t<\/div>\n\t\t<\/section>\n\t\t\t\t<section class=\"elementor-section elementor-top-section elementor-element elementor-element-5514243 elementor-section-boxed elementor-section-height-default elementor-section-height-default\" data-id=\"5514243\" data-element_type=\"section\" data-e-type=\"section\">\n\t\t\t\t\t\t<div class=\"elementor-container elementor-column-gap-default\">\n\t\t\t\t\t<div class=\"elementor-column elementor-col-100 elementor-top-column elementor-element elementor-element-92e9b9d\" data-id=\"92e9b9d\" data-element_type=\"column\" data-e-type=\"column\">\n\t\t\t<div class=\"elementor-widget-wrap elementor-element-populated\">\n\t\t\t\t\t\t<div class=\"elementor-element elementor-element-191a686 elementor-widget-divider--view-line_icon elementor-view-default elementor-widget-divider--element-align-center elementor-widget elementor-widget-divider\" data-id=\"191a686\" data-element_type=\"widget\" data-e-type=\"widget\" data-widget_type=\"divider.default\">\n\t\t\t\t<div class=\"elementor-widget-container\">\n\t\t\t\t\t\t\t<div class=\"elementor-divider\">\n\t\t\t<span class=\"elementor-divider-separator\">\n\t\t\t\t\t\t\t<div class=\"elementor-icon elementor-divider__element\">\n\t\t\t\t\t<svg xmlns=\"http:\/\/www.w3.org\/2000\/svg\" width=\"47\" height=\"47\" viewBox=\"0 0 47 47\" fill=\"none\"><path d=\"M23.4982 18.3965C20.684 18.3965 18.3945 20.6859 18.3945 23.5001C18.3945 26.3143 20.6839 28.6038 23.4982 28.6038C26.3124 28.6038 28.6018 26.3143 28.6018 23.5001C28.6018 20.6859 26.3123 18.3965 23.4982 18.3965ZM23.4982 27.2268C21.4433 27.2268 19.7715 25.555 19.7715 23.5001C19.7715 21.4452 21.4432 19.7734 23.4982 19.7734C25.5531 19.7734 27.2249 21.4452 27.2249 23.5001C27.2249 25.555 25.553 27.2268 23.4982 27.2268Z\" fill=\"#FFB606\"><\/path><path d=\"M38.3062 23.4981C38.649 23.1749 38.98 22.8518 39.2982 22.529C39.6899 22.7271 40.132 22.8395 40.6002 22.8395C42.1971 22.8395 43.4962 21.5404 43.4962 19.9435C43.4962 19.2552 43.2544 18.6225 42.8519 18.1251C44.4275 15.5486 44.7742 13.3496 43.8508 11.7501C42.6129 9.6061 39.2856 8.91395 34.4816 9.80126C33.3392 10.0122 32.1414 10.3056 30.9038 10.6752C30.605 9.41856 30.2602 8.23447 29.8717 7.1397C28.238 2.53553 25.9748 0 23.4992 0C21.0237 0 18.7604 2.53553 17.1268 7.13961C16.738 8.2353 16.3929 9.4204 16.094 10.6782C15.5705 10.5214 15.0549 10.3779 14.5496 10.2496C14.4864 8.70814 13.2133 7.47357 11.6566 7.47357C10.391 7.47357 9.3132 8.28992 8.92013 9.42334C6.03577 9.39607 4.04478 10.1963 3.14765 11.75C1.90986 13.8939 2.97416 17.1217 6.14446 20.8386C6.8983 21.7223 7.75127 22.613 8.69017 23.5C7.75127 24.3871 6.8983 25.2778 6.14446 26.1615C2.97406 29.8784 1.90977 33.1061 3.14756 35.2501C4.03368 36.7849 5.99051 37.5757 8.79354 37.5757C9.90603 37.5757 11.1519 37.4511 12.5168 37.1989C13.6595 36.9879 14.8578 36.6944 16.0959 36.3246C16.2001 36.7619 16.3111 37.1895 16.4265 37.6104C15.6031 38.1216 15.0535 39.0337 15.0535 40.0721C15.0535 41.669 16.3526 42.9681 17.9495 42.9681C18.125 42.9681 18.2966 42.9516 18.4636 42.9215C19.9102 45.5913 21.6456 47 23.4991 47C25.9747 47 28.2379 44.4645 29.8715 39.8604C30.2604 38.7645 30.6055 37.5791 30.9045 36.321C32.7615 36.8766 34.5155 37.2589 36.0977 37.445C36.8873 37.5379 37.6009 37.5802 38.2466 37.5802C41.7061 37.5801 43.2049 36.3685 43.8507 35.25C45.0885 33.1061 44.0242 29.8783 40.8539 26.1614C40.0995 25.2771 39.2458 24.3857 38.3062 23.4981ZM40.6002 21.4625C39.7626 21.4625 39.0812 20.781 39.0812 19.9435C39.0812 19.1059 39.7626 18.4244 40.6002 18.4244C41.4379 18.4244 42.1193 19.1059 42.1193 19.9435C42.1193 20.781 41.4379 21.4625 40.6002 21.4625ZM18.4244 7.60006C19.8277 3.64517 21.6774 1.37696 23.4992 1.37696C25.321 1.37696 27.1707 3.64517 28.5741 7.60006C28.9567 8.67831 29.2952 9.84836 29.5879 11.0921C27.6211 11.7493 25.5715 12.5857 23.4977 13.578C21.4332 12.5913 19.3761 11.7533 17.41 11.0954C17.7026 9.85038 18.0414 8.67923 18.4244 7.60006ZM17.1156 12.4482C18.6721 12.9749 20.2885 13.6177 21.9205 14.3605C20.9829 14.8422 20.0435 15.3535 19.1078 15.8938C18.1712 16.4345 17.2581 16.9927 16.3717 17.5643C16.5434 15.7755 16.7929 14.0591 17.1156 12.4482ZM11.6565 8.85052C12.4942 8.85052 13.1756 9.53193 13.1756 10.3696C13.1756 11.2072 12.4942 11.8887 11.6565 11.8887C10.8189 11.8887 10.1374 11.2072 10.1374 10.3696C10.1374 9.53193 10.8189 8.85052 11.6565 8.85052ZM7.19205 19.9449C4.4687 16.7521 3.42919 14.0161 4.34 12.4385C5.10825 11.1078 7.08914 10.7959 8.79244 10.7989C9.00054 12.1929 10.2055 13.2657 11.6565 13.2657C12.8133 13.2657 13.8135 12.5836 14.2771 11.6008C14.7741 11.728 15.2818 11.8708 15.7973 12.0266C15.3835 14.057 15.0834 16.2485 14.9058 18.5387C13.0101 19.8382 11.2614 21.1947 9.7094 22.5689C8.77848 21.6937 7.9345 20.8154 7.19205 19.9449ZM14.795 26.7049C13.3307 25.6609 11.9679 24.5858 10.7334 23.5C11.9679 22.4143 13.3306 21.3391 14.795 20.2952C14.7432 21.3488 14.7164 22.4187 14.7164 23.5C14.7163 24.5833 14.7436 25.6524 14.795 26.7049ZM12.2668 35.8449C8.14013 36.6069 5.25091 36.1392 4.34 34.5616C3.42919 32.9839 4.46861 30.248 7.19205 27.0552C7.9345 26.1847 8.77848 25.3065 9.70931 24.4312C11.261 25.8052 13.0092 27.1614 14.9044 28.4606C15.0811 30.7492 15.382 32.9368 15.7991 34.9765C14.5753 35.3452 13.3923 35.6371 12.2668 35.8449ZM17.9496 41.5912C17.1119 41.5912 16.4305 40.9098 16.4305 40.0722C16.4305 39.2345 17.1119 38.5531 17.9496 38.5531C18.7872 38.5531 19.4686 39.2346 19.4686 40.0722C19.4686 40.9098 18.7872 41.5912 17.9496 41.5912ZM28.574 39.4C27.1707 43.3549 25.321 45.6231 23.4992 45.6231C22.2182 45.6231 20.888 44.4682 19.7245 42.3582C20.406 41.8279 20.8457 41.0006 20.8457 40.0722C20.8457 38.4753 19.5466 37.1762 17.9497 37.1762C17.8777 37.1762 17.8065 37.1797 17.7359 37.1849C17.6229 36.7693 17.5156 36.3428 17.4136 35.9071C19.3793 35.2502 21.4278 34.4141 23.5003 33.4225C25.5725 34.413 27.627 35.2484 29.5887 35.9041C29.2959 37.1493 28.957 38.3207 28.574 39.4ZM29.8831 34.5511C28.3303 34.026 26.7156 33.3849 25.0781 32.6395C26.0156 32.1579 26.9549 31.6466 27.8908 31.1063C28.8229 30.5681 29.7369 30.0086 30.627 29.4336C30.4553 31.2228 30.2058 32.9398 29.8831 34.5511ZM30.7676 27.693C29.6215 28.4617 28.4282 29.206 27.2022 29.9138C23.7903 31.8836 20.3385 33.4665 17.1208 34.5541C16.7994 32.9424 16.5497 31.2227 16.3769 29.4392C17.2617 30.0096 18.1731 30.5667 19.1077 31.1063C19.3931 31.271 19.6832 31.4356 19.9699 31.5955C20.076 31.6547 20.1911 31.6828 20.3045 31.6828C20.546 31.6828 20.7805 31.5554 20.9065 31.3295C21.0917 30.9974 20.9725 30.5781 20.6404 30.3929C20.3597 30.2364 20.0757 30.0753 19.7962 29.9139C18.5639 29.2024 17.3733 28.4608 16.234 27.6985C16.1412 26.3207 16.0932 24.9149 16.0932 23.5001C16.0932 22.0759 16.1402 20.6728 16.2309 19.3038C17.3711 18.5407 18.5628 17.7985 19.7962 17.0864C23.2095 15.1157 26.663 13.5321 29.8821 12.4446C30.2051 14.0565 30.4548 15.7742 30.6267 17.5644C29.7402 16.9928 28.8271 16.4346 27.8907 15.8939C27.5867 15.7183 27.2764 15.5424 26.9683 15.3711C26.6359 15.1864 26.2167 15.3059 26.0319 15.6382C25.847 15.9705 25.9667 16.3897 26.299 16.5745C26.6007 16.7423 26.9045 16.9145 27.2022 17.0864C28.4355 17.7985 29.6272 18.5407 30.7674 19.3038C30.8582 20.6728 30.9051 22.0759 30.9051 23.5001C30.9051 24.9232 30.8582 26.3251 30.7676 27.693ZM34.7316 11.1552C38.8583 10.3931 41.7475 10.8609 42.6584 12.4385C43.2929 13.5376 42.9693 15.2479 41.7505 17.2862C41.3976 17.1329 41.0088 17.0474 40.6002 17.0474C39.0033 17.0474 37.7042 18.3465 37.7042 19.9434C37.7042 20.5729 37.9067 21.1557 38.2492 21.6313C37.9403 21.9429 37.6195 22.2549 37.2869 22.5669C35.7353 21.1933 33.9874 19.8374 32.0926 18.5386C31.9151 16.2472 31.6147 14.0545 31.2006 12.0232C32.4239 11.6547 33.6066 11.3629 34.7316 11.1552ZM32.2034 20.2952C33.6664 21.3382 35.028 22.4123 36.2616 23.4971C35.0265 24.5815 33.662 25.6576 32.2037 26.6989C32.2553 25.6473 32.282 24.5793 32.282 23.5C32.2821 22.4187 32.2552 21.3488 32.2034 20.2952ZM42.6584 34.5616C41.8674 35.9316 39.5947 36.47 36.2588 36.0776C34.7241 35.8971 33.0155 35.5217 31.2011 34.9738C31.6151 32.9422 31.9154 30.7492 32.0928 28.4575C33.9794 27.1616 35.7326 25.8019 37.2862 24.4287C38.2182 25.3048 39.0631 26.1839 39.8063 27.0552C42.5298 30.248 43.5692 32.9839 42.6584 34.5616Z\" fill=\"#FFB606\"><\/path><\/svg><\/div>\n\t\t\t\t\t\t<\/span>\n\t\t<\/div>\n\t\t\t\t\t\t<\/div>\n\t\t\t\t<\/div>\n\t\t\t\t\t<\/div>\n\t\t<\/div>\n\t\t\t\t\t<\/div>\n\t\t<\/section>\n\t\t\t\t<section class=\"elementor-section elementor-top-section elementor-element elementor-element-a97e29e elementor-section-stretched elementor-section-boxed elementor-section-height-default elementor-section-height-default\" data-id=\"a97e29e\" data-element_type=\"section\" data-e-type=\"section\" data-settings=\"{&quot;stretch_section&quot;:&quot;section-stretched&quot;}\">\n\t\t\t\t\t\t<div class=\"elementor-container elementor-column-gap-no\">\n\t\t\t\t\t<div class=\"elementor-column elementor-col-50 elementor-top-column elementor-element elementor-element-20f0d74\" data-id=\"20f0d74\" data-element_type=\"column\" data-e-type=\"column\">\n\t\t\t<div class=\"elementor-widget-wrap elementor-element-populated\">\n\t\t\t\t\t\t<div class=\"elementor-element elementor-element-07fcc09 elementor-widget elementor-widget-image\" data-id=\"07fcc09\" data-element_type=\"widget\" data-e-type=\"widget\" data-widget_type=\"image.default\">\n\t\t\t\t<div class=\"elementor-widget-container\">\n\t\t\t\t\t\t\t\t\t\t\t\t\t\t\t<img decoding=\"async\" width=\"640\" height=\"648\" src=\"https:\/\/www.isteps.edu.ec\/wp-content\/uploads\/2023\/08\/Finanzas-1012x1024.png\" class=\"attachment-large size-large wp-image-20228\" alt=\"\" srcset=\"https:\/\/www.isteps.edu.ec\/wp-content\/uploads\/2023\/08\/Finanzas-1012x1024.png 1012w, https:\/\/www.isteps.edu.ec\/wp-content\/uploads\/2023\/08\/Finanzas-297x300.png 297w, https:\/\/www.isteps.edu.ec\/wp-content\/uploads\/2023\/08\/Finanzas-768x777.png 768w, https:\/\/www.isteps.edu.ec\/wp-content\/uploads\/2023\/08\/Finanzas-1519x1536.png 1519w, https:\/\/www.isteps.edu.ec\/wp-content\/uploads\/2023\/08\/Finanzas.png 2000w\" sizes=\"(max-width: 640px) 100vw, 640px\" \/>\t\t\t\t\t\t\t\t\t\t\t\t\t\t\t<\/div>\n\t\t\t\t<\/div>\n\t\t\t\t\t<\/div>\n\t\t<\/div>\n\t\t\t\t<div class=\"elementor-column elementor-col-50 elementor-top-column elementor-element elementor-element-c03325b\" data-id=\"c03325b\" data-element_type=\"column\" data-e-type=\"column\">\n\t\t\t<div class=\"elementor-widget-wrap elementor-element-populated\">\n\t\t\t\t\t\t<div class=\"elementor-element elementor-element-e048603 elementor-widget__width-initial thim-ekits-heading-text-center thim-ekits-heading--tablettext-left elementor-widget thim-ekits-heading elementor-widget-thim-heading\" data-id=\"e048603\" data-element_type=\"widget\" data-e-type=\"widget\" data-widget_type=\"thim-heading.default\">\n\t\t\t\t<div class=\"elementor-widget-container\">\n\t\t\t\t\t<div class=\"sc_heading text-center\"><h3 class=\"title\">Tecnolog\u00eda Superior en  <span class=\"thim-color\">Finanzas Digitales<\/span><\/h3><div class=\"sub-heading\"><p>\u00a1Prep\u00e1rate para liderar la transformaci\u00f3n digital del sector financiero! Nuestro programa est\u00e1 dise\u00f1ado para formar tecn\u00f3logos capaces de apoyar la operaci\u00f3n y mejora de plataformas digitales y tecnolog\u00edas FINTECH, contribuyendo a la eficiencia, seguridad, e inclusi\u00f3n financiera en la econom\u00eda popular y solidaria.<\/p>\n<\/div><span class=\"line\"><\/span><\/div>\t\t\t\t<\/div>\n\t\t\t\t<\/div>\n\t\t\t\t<div class=\"elementor-element elementor-element-950d46e elementor-align-center elementor-widget elementor-widget-button\" data-id=\"950d46e\" data-element_type=\"widget\" data-e-type=\"widget\" data-widget_type=\"button.default\">\n\t\t\t\t<div class=\"elementor-widget-container\">\n\t\t\t\t\t\t\t\t\t<div class=\"elementor-button-wrapper\">\n\t\t\t\t\t<a class=\"elementor-button elementor-button-link elementor-size-sm\" href=\"https:\/\/www.isteps.edu.ec\/?page_id=20216\">\n\t\t\t\t\t\t<span class=\"elementor-button-content-wrapper\">\n\t\t\t\t\t\t\t\t\t<span class=\"elementor-button-text\">M\u00e1s informaci\u00f3n<\/span>\n\t\t\t\t\t<\/span>\n\t\t\t\t\t<\/a>\n\t\t\t\t<\/div>\n\t\t\t\t\t\t\t\t<\/div>\n\t\t\t\t<\/div>\n\t\t\t\t<div class=\"elementor-element elementor-element-08b0317 elementor-align-center elementor-widget__width-initial elementor-widget elementor-widget-button\" data-id=\"08b0317\" data-element_type=\"widget\" data-e-type=\"widget\" data-widget_type=\"button.default\">\n\t\t\t\t<div class=\"elementor-widget-container\">\n\t\t\t\t\t\t\t\t\t<div class=\"elementor-button-wrapper\">\n\t\t\t\t\t<a class=\"elementor-button elementor-button-link elementor-size-sm\" href=\"https:\/\/wa.me\/593959896729?text=Hola%2C%20quiero%20informaci\u00f3n%20sobre%20las%20carreras%20de%20ISTEPS\" target=\"_blank\">\n\t\t\t\t\t\t<span class=\"elementor-button-content-wrapper\">\n\t\t\t\t\t\t\t\t\t<span class=\"elementor-button-text\">\u00a1Registrate ahora!<\/span>\n\t\t\t\t\t<\/span>\n\t\t\t\t\t<\/a>\n\t\t\t\t<\/div>\n\t\t\t\t\t\t\t\t<\/div>\n\t\t\t\t<\/div>\n\t\t\t\t\t<\/div>\n\t\t<\/div>\n\t\t\t\t\t<\/div>\n\t\t<\/section>\n\t\t\t\t<section class=\"elementor-section elementor-top-section elementor-element elementor-element-8014623 elementor-section-boxed elementor-section-height-default elementor-section-height-default\" data-id=\"8014623\" data-element_type=\"section\" data-e-type=\"section\">\n\t\t\t\t\t\t<div class=\"elementor-container elementor-column-gap-default\">\n\t\t\t\t\t<div class=\"elementor-column elementor-col-100 elementor-top-column elementor-element elementor-element-f5342f3\" data-id=\"f5342f3\" data-element_type=\"column\" data-e-type=\"column\">\n\t\t\t<div class=\"elementor-widget-wrap\">\n\t\t\t\t\t\t\t<\/div>\n\t\t<\/div>\n\t\t\t\t\t<\/div>\n\t\t<\/section>\n\t\t\t\t<\/div>\n\t\t","protected":false},"excerpt":{"rendered":"<p>Oferta acad\u00e9mica de Tercer nivel Tecnolog\u00eda Superior en Innovaci\u00f3n Tecnol\u00f3gica Empresarial \u00a1Prep\u00e1rate para ser el motor de la transformaci\u00f3n y la eficiencia en el mundo empresarial! Nuestro programa formativo est\u00e1 dise\u00f1ado para aplicar soluciones tecnol\u00f3gicas innovadoras en negocios, instituciones p\u00fablicas &hellip; <\/p>\n","protected":false},"author":1,"featured_media":0,"parent":0,"menu_order":0,"comment_status":"closed","ping_status":"closed","template":"","meta":{"footnotes":""},"class_list":["post-20085","page","type-page","status-publish","hentry"],"_links":{"self":[{"href":"https:\/\/www.isteps.edu.ec\/index.php?rest_route=\/wp\/v2\/pages\/20085","targetHints":{"allow":["GET"]}}],"collection":[{"href":"https:\/\/www.isteps.edu.ec\/index.php?rest_route=\/wp\/v2\/pages"}],"about":[{"href":"https:\/\/www.isteps.edu.ec\/index.php?rest_route=\/wp\/v2\/types\/page"}],"author":[{"embeddable":true,"href":"https:\/\/www.isteps.edu.ec\/index.php?rest_route=\/wp\/v2\/users\/1"}],"replies":[{"embeddable":true,"href":"https:\/\/www.isteps.edu.ec\/index.php?rest_route=%2Fwp%2Fv2%2Fcomments&post=20085"}],"version-history":[{"count":92,"href":"https:\/\/www.isteps.edu.ec\/index.php?rest_route=\/wp\/v2\/pages\/20085\/revisions"}],"predecessor-version":[{"id":24725,"href":"https:\/\/www.isteps.edu.ec\/index.php?rest_route=\/wp\/v2\/pages\/20085\/revisions\/24725"}],"wp:attachment":[{"href":"https:\/\/www.isteps.edu.ec\/index.php?rest_route=%2Fwp%2Fv2%2Fmedia&parent=20085"}],"curies":[{"name":"wp","href":"https:\/\/api.w.org\/{rel}","templated":true}]}}