{"id":22768,"date":"2024-01-08T13:40:50","date_gmt":"2024-01-08T18:40:50","guid":{"rendered":"https:\/\/www.isteps.edu.ec\/?page_id=22768"},"modified":"2025-04-07T16:39:26","modified_gmt":"2025-04-07T21:39:26","slug":"bolsa-de-empleo","status":"publish","type":"page","link":"https:\/\/www.isteps.edu.ec\/?page_id=22768","title":{"rendered":"Oferta Laboral"},"content":{"rendered":"\t\t<div data-elementor-type=\"wp-page\" data-elementor-id=\"22768\" class=\"elementor elementor-22768\">\n\t\t\t\t\t\t<section class=\"elementor-section elementor-top-section elementor-element elementor-element-3236fe37 elementor-section-boxed elementor-section-height-default elementor-section-height-default\" data-id=\"3236fe37\" data-element_type=\"section\" data-e-type=\"section\">\n\t\t\t\t\t\t<div class=\"elementor-container elementor-column-gap-default\">\n\t\t\t\t\t<div class=\"elementor-column elementor-col-100 elementor-top-column elementor-element elementor-element-3e984f75\" data-id=\"3e984f75\" data-element_type=\"column\" data-e-type=\"column\">\n\t\t\t<div class=\"elementor-widget-wrap elementor-element-populated\">\n\t\t\t\t\t\t<div class=\"elementor-element elementor-element-46365a9e thim-ekits-heading-text-center elementor-widget thim-ekits-heading elementor-widget-thim-heading\" data-id=\"46365a9e\" data-element_type=\"widget\" data-e-type=\"widget\" data-widget_type=\"thim-heading.default\">\n\t\t\t\t<div class=\"elementor-widget-container\">\n\t\t\t\t\t<div class=\"sc_heading text-center\"><h2 class=\"title\">\u00a1Bienvenido! <\/h2><div class=\"sub-heading\"><p>\"Una persona comprometida aporta una energ\u00eda, pasi\u00f3n y entusiasmo que no se pueden igualar simplemente acatando, incluso si ese acatamiento es genuino.\"<br \/><i>Hern\u00e1n Rodas.<\/p>\n<\/div><\/div>\t\t\t\t<\/div>\n\t\t\t\t<\/div>\n\t\t\t\t\t<\/div>\n\t\t<\/div>\n\t\t\t\t\t<\/div>\n\t\t<\/section>\n\t\t\t\t<section class=\"elementor-section elementor-top-section elementor-element elementor-element-d65b1c9 elementor-section-boxed elementor-section-height-default elementor-section-height-default\" data-id=\"d65b1c9\" data-element_type=\"section\" data-e-type=\"section\">\n\t\t\t\t\t\t<div class=\"elementor-container elementor-column-gap-default\">\n\t\t\t\t\t<div class=\"elementor-column elementor-col-16 elementor-top-column elementor-element elementor-element-d960f67\" data-id=\"d960f67\" data-element_type=\"column\" data-e-type=\"column\">\n\t\t\t<div class=\"elementor-widget-wrap\">\n\t\t\t\t\t\t\t<\/div>\n\t\t<\/div>\n\t\t\t\t<div class=\"elementor-column elementor-col-66 elementor-top-column elementor-element elementor-element-e364437\" data-id=\"e364437\" data-element_type=\"column\" data-e-type=\"column\">\n\t\t\t<div class=\"elementor-widget-wrap elementor-element-populated\">\n\t\t\t\t\t\t<div class=\"elementor-element elementor-element-4377c74 elementor-tabs-view-horizontal elementor-widget elementor-widget-tabs\" data-id=\"4377c74\" data-element_type=\"widget\" data-e-type=\"widget\" data-widget_type=\"tabs.default\">\n\t\t\t\t<div class=\"elementor-widget-container\">\n\t\t\t\t\t\t\t<div class=\"elementor-tabs\">\n\t\t\t<div class=\"elementor-tabs-wrapper\" role=\"tablist\" >\n\t\t\t\t\t\t\t\t\t<div id=\"elementor-tab-title-7071\" class=\"elementor-tab-title elementor-tab-desktop-title\" aria-selected=\"true\" data-tab=\"1\" role=\"tab\" tabindex=\"0\" aria-controls=\"elementor-tab-content-7071\" aria-expanded=\"false\">Proceso de Selecci\u00f3n <\/div>\n\t\t\t\t\t\t\t\t\t<div id=\"elementor-tab-title-7072\" class=\"elementor-tab-title elementor-tab-desktop-title\" aria-selected=\"false\" data-tab=\"2\" role=\"tab\" tabindex=\"-1\" aria-controls=\"elementor-tab-content-7072\" aria-expanded=\"false\">Beneficios de trabajar con nosotros<\/div>\n\t\t\t\t\t\t\t<\/div>\n\t\t\t<div class=\"elementor-tabs-content-wrapper\" role=\"tablist\" aria-orientation=\"vertical\">\n\t\t\t\t\t\t\t\t\t<div class=\"elementor-tab-title elementor-tab-mobile-title\" aria-selected=\"true\" data-tab=\"1\" role=\"tab\" tabindex=\"0\" aria-controls=\"elementor-tab-content-7071\" aria-expanded=\"false\">Proceso de Selecci\u00f3n <\/div>\n\t\t\t\t\t<div id=\"elementor-tab-content-7071\" class=\"elementor-tab-content elementor-clearfix\" data-tab=\"1\" role=\"tabpanel\" aria-labelledby=\"elementor-tab-title-7071\" tabindex=\"0\" hidden=\"false\"><p>Conoce los pasos que debes seguir al aplicar a una oferta laboral en el ISTEPS.<\/p><p><iframe title=\"YouTube video player\" src=\"https:\/\/www.youtube.com\/embed\/IkXaBNuBNjI?si=O6wxRMWQwx6WeVOY\" width=\"560\" height=\"315\" frameborder=\"0\" allowfullscreen=\"allowfullscreen\"><\/iframe><\/p><\/div>\n\t\t\t\t\t\t\t\t\t<div class=\"elementor-tab-title elementor-tab-mobile-title\" aria-selected=\"false\" data-tab=\"2\" role=\"tab\" tabindex=\"-1\" aria-controls=\"elementor-tab-content-7072\" aria-expanded=\"false\">Beneficios de trabajar con nosotros<\/div>\n\t\t\t\t\t<div id=\"elementor-tab-content-7072\" class=\"elementor-tab-content elementor-clearfix\" data-tab=\"2\" role=\"tabpanel\" aria-labelledby=\"elementor-tab-title-7072\" tabindex=\"0\" hidden=\"hidden\"><ul><li>Mejora continua<\/li><li>Estabilidad laboral<\/li><li>Beneficios de ley<\/li><li>Excelente ambiente laboral<\/li><li>Crecimiento personal<\/li><\/ul><\/div>\n\t\t\t\t\t\t\t<\/div>\n\t\t<\/div>\n\t\t\t\t\t\t<\/div>\n\t\t\t\t<\/div>\n\t\t\t\t\t<\/div>\n\t\t<\/div>\n\t\t\t\t<div class=\"elementor-column elementor-col-16 elementor-top-column elementor-element elementor-element-e15d9e6\" data-id=\"e15d9e6\" data-element_type=\"column\" data-e-type=\"column\">\n\t\t\t<div class=\"elementor-widget-wrap\">\n\t\t\t\t\t\t\t<\/div>\n\t\t<\/div>\n\t\t\t\t\t<\/div>\n\t\t<\/section>\n\t\t\t\t<section class=\"elementor-section elementor-top-section elementor-element elementor-element-a3cca5d elementor-section-boxed elementor-section-height-default elementor-section-height-default\" data-id=\"a3cca5d\" data-element_type=\"section\" data-e-type=\"section\">\n\t\t\t\t\t\t<div class=\"elementor-container elementor-column-gap-default\">\n\t\t\t\t\t<div class=\"elementor-column elementor-col-100 elementor-top-column elementor-element elementor-element-795835f\" data-id=\"795835f\" data-element_type=\"column\" data-e-type=\"column\">\n\t\t\t<div class=\"elementor-widget-wrap elementor-element-populated\">\n\t\t\t\t\t\t<div class=\"elementor-element elementor-element-509cd823 elementor-widget thim-ekits-heading elementor-widget-thim-heading\" data-id=\"509cd823\" data-element_type=\"widget\" data-e-type=\"widget\" data-widget_type=\"thim-heading.default\">\n\t\t\t\t<div class=\"elementor-widget-container\">\n\t\t\t\t\t<div class=\"sc_heading\"><h2 class=\"title\">Participa en nuestras  <span class=\"thim-color\">ofertas laborales<\/span><\/h2><span class=\"line\"><\/span><\/div>\t\t\t\t<\/div>\n\t\t\t\t<\/div>\n\t\t\t\t\t<\/div>\n\t\t<\/div>\n\t\t\t\t\t<\/div>\n\t\t<\/section>\n\t\t\t\t<section class=\"elementor-section elementor-top-section elementor-element elementor-element-2c02e85 elementor-section-boxed elementor-section-height-default elementor-section-height-default\" data-id=\"2c02e85\" data-element_type=\"section\" data-e-type=\"section\">\n\t\t\t\t\t\t<div class=\"elementor-container elementor-column-gap-default\">\n\t\t\t\t\t<div class=\"elementor-column elementor-col-100 elementor-top-column elementor-element elementor-element-3b1115c\" data-id=\"3b1115c\" data-element_type=\"column\" data-e-type=\"column\">\n\t\t\t<div class=\"elementor-widget-wrap elementor-element-populated\">\n\t\t\t\t\t\t<div class=\"elementor-element elementor-element-efbe6f0 elementor-widget elementor-widget-text-editor\" data-id=\"efbe6f0\" data-element_type=\"widget\" data-e-type=\"widget\" data-widget_type=\"text-editor.default\">\n\t\t\t\t<div class=\"elementor-widget-container\">\n\t\t\t\t\t\t\t\t\tPara participar en el proceso, debe descargar el formulario adjunto, completarlo, firmarlo y enviarlo en formato PDF junto con los documentos de respaldo que justifiquen la informaci\u00f3n proporcionada, al correo \n<a href=\"mailto:seleccion@isteps.edu.ec\">seleccion@isteps.edu.ec<\/a><br>\n\nEn caso de no completar toda la informaci\u00f3n requerida o no adjuntar la documentaci\u00f3n correspondiente, su postulaci\u00f3n no ser\u00e1 considerada en el proceso.\t\t\t\t\t\t\t\t<\/div>\n\t\t\t\t<\/div>\n\t\t\t\t\t<\/div>\n\t\t<\/div>\n\t\t\t\t\t<\/div>\n\t\t<\/section>\n\t\t\t\t<section class=\"elementor-section elementor-top-section elementor-element elementor-element-ab211b8 elementor-section-boxed elementor-section-height-default elementor-section-height-default\" data-id=\"ab211b8\" data-element_type=\"section\" data-e-type=\"section\">\n\t\t\t\t\t\t<div class=\"elementor-container elementor-column-gap-default\">\n\t\t\t\t\t<div class=\"elementor-column elementor-col-100 elementor-top-column elementor-element elementor-element-6d1f447\" data-id=\"6d1f447\" data-element_type=\"column\" data-e-type=\"column\">\n\t\t\t<div class=\"elementor-widget-wrap elementor-element-populated\">\n\t\t\t\t\t\t<div class=\"elementor-element elementor-element-19a9cfe elementor-widget elementor-widget-wp-widget-catpackages\" data-id=\"19a9cfe\" data-element_type=\"widget\" data-e-type=\"widget\" data-widget_type=\"wp-widget-catpackages.default\">\n\t\t\t\t<div class=\"elementor-widget-container\">\n\t\t\t\t\t                        <h5>Matrices Talento Humano<\/h5><div class='w3eden'><!-- WPDM Link Template: Default Template ( Compact ) -->\n\n<div class=\"link-template-default card mb-2\">\n    <div class=\"card-body\">\n        <div class=\"media\">\n            <div class=\"mr-3 img-48\"><img decoding=\"async\" class=\"wpdm_icon\" alt=\"Icono\" src=\"https:\/\/www.isteps.edu.ec\/wp-content\/plugins\/download-manager\/assets\/file-type-icons\/xlsx.svg\" \/><\/div>\n            <div class=\"media-body\">\n                <h3 class=\"package-title\">Registro Hoja de Vida - ISTEPS<\/h3>\n                <div class=\"text-muted text-small\"><i class=\"fas fa-copy\"><\/i> 1 archivo(s) <i class=\"fas fa-hdd ml-3\"><\/i> 136.76 KB<\/div>\n            <\/div>\n            <div class=\"ml-3\">\n                <a class='wpdm-download-link download-on-click btn btn-primary ' rel='nofollow' href='#' data-downloadurl=\"https:\/\/www.isteps.edu.ec\/?wpdmpro=registro-hoja-de-vida-isteps&wpdmdl=24481&refresh=69d1f928e90471775368488\">Descargar<\/a>\n            <\/div>\n        <\/div>\n    <\/div>\n<\/div>\n\n<\/div>\t\t\t\t<\/div>\n\t\t\t\t<\/div>\n\t\t\t\t\t<\/div>\n\t\t<\/div>\n\t\t\t\t\t<\/div>\n\t\t<\/section>\n\t\t\t\t<section class=\"elementor-section elementor-top-section elementor-element elementor-element-e3c033c elementor-section-boxed elementor-section-height-default elementor-section-height-default\" data-id=\"e3c033c\" data-element_type=\"section\" data-e-type=\"section\">\n\t\t\t\t\t\t<div class=\"elementor-container elementor-column-gap-default\">\n\t\t\t\t\t<div class=\"elementor-column elementor-col-100 elementor-top-column elementor-element elementor-element-825ef84\" data-id=\"825ef84\" data-element_type=\"column\" data-e-type=\"column\">\n\t\t\t<div class=\"elementor-widget-wrap elementor-element-populated\">\n\t\t\t\t\t\t<div class=\"elementor-element elementor-element-b697114 elementor-view-stacked elementor-widget__width-initial elementor-shape-square elementor-position-inline-start elementor-mobile-position-block-start elementor-widget elementor-widget-icon-box\" data-id=\"b697114\" data-element_type=\"widget\" data-e-type=\"widget\" data-widget_type=\"icon-box.default\">\n\t\t\t\t<div class=\"elementor-widget-container\">\n\t\t\t\t\t\t\t<div class=\"elementor-icon-box-wrapper\">\n\n\t\t\t\t\t\t<div class=\"elementor-icon-box-icon\">\n\t\t\t\t<a href=\"https:\/\/l.facebook.com\/l.php?u=https%3A%2F%2Fforms.office.com%2Fr%2FZ12smVSiLp%3Ffbclid%3DIwZXh0bgNhZW0CMTAAAR2_kxSHbgGt7fjzEsfXPvvscyErz4jnUX-qzoljB-MgOVDvGLHPDPZX2pg_aem_FBzjBu_dQNfFeUFdJD6QVw&#038;h=AT0qc0EeLdlgEt-8Ozl7wsRM3dRL0CbeUA7lb_JlPDAHsG_o7NUmLpwS8BVYckXiBvDn8ige-vr-lv3xAdP5maqmDw4CGRXzSAbT-V0AX7i4wLiE1aPNU5GVFuXA4iznxjksi5M&#038;__tn__=-UK-R&#038;c%5B0%5D=AT3-A4rmfDadJSWpeVPrhmX-LIl_-xasoS1TE_HCNpfqct76i3zXj5G8RylbLqCXH2UJ2tGtR5JRAr3Bj7HaobzCejTpin-1IrIDPIgf16r_l5CcctFvmtFS982KJiVw7fhYbv2fhhrI8wJl-j64NjJrRQBp2xXSOo2TJF_kpGF8YwCc1d-OJmAlK2DB6TFok2-dmcazYmrKy85joyWksnSz0r2d\" target=\"_blank\" class=\"elementor-icon\" tabindex=\"-1\" aria-label=\"DOCENTE OCASIONAL NO TITULAR\">\n\t\t\t\t<i aria-hidden=\"true\" class=\"fas fa-chalkboard-teacher\"><\/i>\t\t\t\t<\/a>\n\t\t\t<\/div>\n\t\t\t\n\t\t\t\t\t\t<div class=\"elementor-icon-box-content\">\n\n\t\t\t\t\t\t\t\t\t<h5 class=\"elementor-icon-box-title\">\n\t\t\t\t\t\t<a href=\"https:\/\/l.facebook.com\/l.php?u=https%3A%2F%2Fforms.office.com%2Fr%2FZ12smVSiLp%3Ffbclid%3DIwZXh0bgNhZW0CMTAAAR2_kxSHbgGt7fjzEsfXPvvscyErz4jnUX-qzoljB-MgOVDvGLHPDPZX2pg_aem_FBzjBu_dQNfFeUFdJD6QVw&#038;h=AT0qc0EeLdlgEt-8Ozl7wsRM3dRL0CbeUA7lb_JlPDAHsG_o7NUmLpwS8BVYckXiBvDn8ige-vr-lv3xAdP5maqmDw4CGRXzSAbT-V0AX7i4wLiE1aPNU5GVFuXA4iznxjksi5M&#038;__tn__=-UK-R&#038;c%5B0%5D=AT3-A4rmfDadJSWpeVPrhmX-LIl_-xasoS1TE_HCNpfqct76i3zXj5G8RylbLqCXH2UJ2tGtR5JRAr3Bj7HaobzCejTpin-1IrIDPIgf16r_l5CcctFvmtFS982KJiVw7fhYbv2fhhrI8wJl-j64NjJrRQBp2xXSOo2TJF_kpGF8YwCc1d-OJmAlK2DB6TFok2-dmcazYmrKy85joyWksnSz0r2d\" target=\"_blank\" >\n\t\t\t\t\t\t\tDOCENTE OCASIONAL NO TITULAR\t\t\t\t\t\t<\/a>\n\t\t\t\t\t<\/h5>\n\t\t\t\t\n\t\t\t\t\t\t\t\t\t<p class=\"elementor-icon-box-description\">\n\t\t\t\t\t\t<b>FORMACI\u00d3N ACAD\u00c9MICA: <\/b>\n<ul><li>T\u00edtulo de tercer nivel en Econom\u00eda, Estad\u00edstica o Ingenier\u00eda Industrial<\/li>\n<li>T\u00edtulo de cuarto nivel: Maestr\u00eda en Econom\u00eda, An\u00e1lisis de Datos o Finanzas<\/li><\/ul>\n<b>EXPERIENCIA PROFESIONAL:<\/b> \n<ul><li>Experiencia docente de al menos un a\u00f1o en matem\u00e1ticas, econom\u00eda o \u00e1reas afines.<\/li>\n<li>Experiencia profesional pr\u00e1ctica de m\u00ednimo dos a\u00f1os en el \u00e1rea.<\/li><\/ul>\n<b>Herramientas Inform\u00e1ticas:<\/b>\n<ul><li>Manejo de herramientas inform\u00e1ticas: Microsoft Office, Excel Avanzado, R-Studio y Power BI.<\/li><\/ul>\n<b>Conocimientos requeridos<\/b>\n<ul><li>Gesti\u00f3n de Proyectos, Econom\u00eda del Desarrollo, Econom\u00eda Popular y Solidaria<\/li><\/ul>\n<b>Salario: <\/b>\n<ul><li>$1000<\/li><\/ul>\n<b>Modalidad: <\/b>\n<ul><li>Presencial<\/li><\/ul>\n<b>Ciudad: <\/b>\n<ul><li>Cuenca<\/li><\/ul>\n<b>Dedicaci\u00f3n<\/b>: \n<ul><li>Tiempo Completo<\/li><\/ul>\n<b>Fecha M\u00e1xima de aplicaci\u00f3n: <\/b>\n<ul><li>09\/abril\/2025<\/li><\/ul>\t\t\t\t\t<\/p>\n\t\t\t\t\n\t\t\t<\/div>\n\t\t\t\n\t\t<\/div>\n\t\t\t\t\t\t<\/div>\n\t\t\t\t<\/div>\n\t\t\t\t\t<\/div>\n\t\t<\/div>\n\t\t\t\t\t<\/div>\n\t\t<\/section>\n\t\t\t\t<\/div>\n\t\t","protected":false},"excerpt":{"rendered":"<p>\u00a1Bienvenido! \u00abUna persona comprometida aporta una energ\u00eda, pasi\u00f3n y entusiasmo que no se pueden igualar simplemente acatando, incluso si ese acatamiento es genuino.\u00bbHern\u00e1n Rodas. Proceso de Selecci\u00f3n Beneficios de trabajar con nosotros Proceso de Selecci\u00f3n Conoce los pasos que debes &hellip; <\/p>\n","protected":false},"author":1,"featured_media":0,"parent":0,"menu_order":0,"comment_status":"closed","ping_status":"closed","template":"","meta":{"footnotes":""},"class_list":["post-22768","page","type-page","status-publish","hentry"],"_links":{"self":[{"href":"https:\/\/www.isteps.edu.ec\/index.php?rest_route=\/wp\/v2\/pages\/22768","targetHints":{"allow":["GET"]}}],"collection":[{"href":"https:\/\/www.isteps.edu.ec\/index.php?rest_route=\/wp\/v2\/pages"}],"about":[{"href":"https:\/\/www.isteps.edu.ec\/index.php?rest_route=\/wp\/v2\/types\/page"}],"author":[{"embeddable":true,"href":"https:\/\/www.isteps.edu.ec\/index.php?rest_route=\/wp\/v2\/users\/1"}],"replies":[{"embeddable":true,"href":"https:\/\/www.isteps.edu.ec\/index.php?rest_route=%2Fwp%2Fv2%2Fcomments&post=22768"}],"version-history":[{"count":173,"href":"https:\/\/www.isteps.edu.ec\/index.php?rest_route=\/wp\/v2\/pages\/22768\/revisions"}],"predecessor-version":[{"id":24490,"href":"https:\/\/www.isteps.edu.ec\/index.php?rest_route=\/wp\/v2\/pages\/22768\/revisions\/24490"}],"wp:attachment":[{"href":"https:\/\/www.isteps.edu.ec\/index.php?rest_route=%2Fwp%2Fv2%2Fmedia&parent=22768"}],"curies":[{"name":"wp","href":"https:\/\/api.w.org\/{rel}","templated":true}]}}