{"id":23240,"date":"2024-04-07T11:10:48","date_gmt":"2024-04-07T16:10:48","guid":{"rendered":"https:\/\/www.isteps.edu.ec\/?page_id=23240"},"modified":"2024-04-30T17:59:11","modified_gmt":"2024-04-30T22:59:11","slug":"publicaciones","status":"publish","type":"page","link":"https:\/\/www.isteps.edu.ec\/?page_id=23240","title":{"rendered":"Publicaciones"},"content":{"rendered":"\t\t<div data-elementor-type=\"wp-page\" data-elementor-id=\"23240\" class=\"elementor elementor-23240\">\n\t\t\t\t\t\t<section class=\"elementor-section elementor-top-section elementor-element elementor-element-f09b836 elementor-section-boxed elementor-section-height-default elementor-section-height-default\" data-id=\"f09b836\" data-element_type=\"section\" data-e-type=\"section\">\n\t\t\t\t\t\t<div class=\"elementor-container elementor-column-gap-default\">\n\t\t\t\t\t<div class=\"elementor-column elementor-col-50 elementor-top-column elementor-element elementor-element-212a7e4\" data-id=\"212a7e4\" data-element_type=\"column\" data-e-type=\"column\">\n\t\t\t<div class=\"elementor-widget-wrap elementor-element-populated\">\n\t\t\t\t\t\t<div class=\"elementor-element elementor-element-49174ab elementor-position-inline-start elementor-view-default elementor-mobile-position-block-start elementor-widget elementor-widget-icon-box\" data-id=\"49174ab\" data-element_type=\"widget\" data-e-type=\"widget\" data-widget_type=\"icon-box.default\">\n\t\t\t\t<div class=\"elementor-widget-container\">\n\t\t\t\t\t\t\t<div class=\"elementor-icon-box-wrapper\">\n\n\t\t\t\t\t\t<div class=\"elementor-icon-box-icon\">\n\t\t\t\t<a href=\"https:\/\/www.isteps.edu.ec\/?3d-flip-book=empoderamiento-de-las-mujeres-rurales-en-los-andes-del-ecuador\" target=\"_blank\" class=\"elementor-icon\" tabindex=\"-1\" aria-label=\"Empoderamiento de las mujeres rurales en los Andes del Ecuador | Colecci\u00f3n Cooperativos, Populares y Solidarios. Tomo 2\">\n\t\t\t\t<i aria-hidden=\"true\" class=\"tk tk-ebook\"><\/i>\t\t\t\t<\/a>\n\t\t\t<\/div>\n\t\t\t\n\t\t\t\t\t\t<div class=\"elementor-icon-box-content\">\n\n\t\t\t\t\t\t\t\t\t<h4 class=\"elementor-icon-box-title\">\n\t\t\t\t\t\t<a href=\"https:\/\/www.isteps.edu.ec\/?3d-flip-book=empoderamiento-de-las-mujeres-rurales-en-los-andes-del-ecuador\" target=\"_blank\" >\n\t\t\t\t\t\t\tEmpoderamiento de las mujeres rurales en los Andes del Ecuador | Colecci\u00f3n Cooperativos, Populares y Solidarios. Tomo 2\t\t\t\t\t\t<\/a>\n\t\t\t\t\t<\/h4>\n\t\t\t\t\n\t\t\t\t\t\t\t\t\t<p class=\"elementor-icon-box-description\">\n\t\t\t\t\t\t <b> Autor: <\/b>Paz Carri\u00f3n, Jennifer Durazno, Diana \u00cd\u00f1iguez, Carlos P\u00e1stor, Mayra Valdivieso, Micaela V\u00e1squez\n<br>\n<br>\n <b> Resumen: <\/b>En sus p\u00e1ginas, se recopila la inspiradora resistencia y la lucha cotidiana de 20 mujeres rurales de las provincias del Azuay, Ca\u00f1ar y Morona Santiago. Es un testimonio de su fuerza, su perseverancia y su contribuci\u00f3n invaluable al desarrollo de nuestras comunidades. \n<br>\n<br>\n<a href=\"https:\/\/www.isteps.edu.ec\/?3d-flip-book=empoderamiento-de-las-mujeres-rurales-en-los-andes-del-ecuador\">L\u00e9er m\u00e1s...<\/a>\t\t\t\t\t<\/p>\n\t\t\t\t\n\t\t\t<\/div>\n\t\t\t\n\t\t<\/div>\n\t\t\t\t\t\t<\/div>\n\t\t\t\t<\/div>\n\t\t\t\t\t<\/div>\n\t\t<\/div>\n\t\t\t\t<div class=\"elementor-column elementor-col-50 elementor-top-column elementor-element elementor-element-4a69a76\" data-id=\"4a69a76\" data-element_type=\"column\" data-e-type=\"column\">\n\t\t\t<div class=\"elementor-widget-wrap elementor-element-populated\">\n\t\t\t\t\t\t<div class=\"elementor-element elementor-element-08bb89f elementor-widget elementor-widget-image\" data-id=\"08bb89f\" data-element_type=\"widget\" data-e-type=\"widget\" data-widget_type=\"image.default\">\n\t\t\t\t<div class=\"elementor-widget-container\">\n\t\t\t\t\t\t\t\t\t\t\t\t\t\t\t\t<a href=\"https:\/\/www.isteps.edu.ec\/?3d-flip-book=empoderamiento-de-las-mujeres-rurales-en-los-andes-del-ecuador\">\n\t\t\t\t\t\t\t<img fetchpriority=\"high\" decoding=\"async\" width=\"640\" height=\"1008\" src=\"https:\/\/www.isteps.edu.ec\/wp-content\/uploads\/2024\/04\/iMAGEN-PORTADA-FRONTAL-768x1209.png\" class=\"attachment-medium_large size-medium_large wp-image-23348\" alt=\"\" srcset=\"https:\/\/www.isteps.edu.ec\/wp-content\/uploads\/2024\/04\/iMAGEN-PORTADA-FRONTAL-768x1209.png 768w, https:\/\/www.isteps.edu.ec\/wp-content\/uploads\/2024\/04\/iMAGEN-PORTADA-FRONTAL-191x300.png 191w, https:\/\/www.isteps.edu.ec\/wp-content\/uploads\/2024\/04\/iMAGEN-PORTADA-FRONTAL-651x1024.png 651w, https:\/\/www.isteps.edu.ec\/wp-content\/uploads\/2024\/04\/iMAGEN-PORTADA-FRONTAL-976x1536.png 976w, https:\/\/www.isteps.edu.ec\/wp-content\/uploads\/2024\/04\/iMAGEN-PORTADA-FRONTAL.png 1220w\" sizes=\"(max-width: 640px) 100vw, 640px\" \/>\t\t\t\t\t\t\t\t<\/a>\n\t\t\t\t\t\t\t\t\t\t\t\t\t\t\t<\/div>\n\t\t\t\t<\/div>\n\t\t\t\t\t<\/div>\n\t\t<\/div>\n\t\t\t\t\t<\/div>\n\t\t<\/section>\n\t\t\t\t<section class=\"elementor-section elementor-top-section elementor-element elementor-element-d9294e7 elementor-section-boxed elementor-section-height-default elementor-section-height-default\" data-id=\"d9294e7\" data-element_type=\"section\" data-e-type=\"section\">\n\t\t\t\t\t\t<div class=\"elementor-container elementor-column-gap-default\">\n\t\t\t\t\t<div class=\"elementor-column elementor-col-50 elementor-top-column elementor-element elementor-element-9254c72\" data-id=\"9254c72\" data-element_type=\"column\" data-e-type=\"column\">\n\t\t\t<div class=\"elementor-widget-wrap elementor-element-populated\">\n\t\t\t\t\t\t<div class=\"elementor-element elementor-element-bed31ef elementor-position-inline-start elementor-view-default elementor-mobile-position-block-start elementor-widget elementor-widget-icon-box\" data-id=\"bed31ef\" data-element_type=\"widget\" data-e-type=\"widget\" data-widget_type=\"icon-box.default\">\n\t\t\t\t<div class=\"elementor-widget-container\">\n\t\t\t\t\t\t\t<div class=\"elementor-icon-box-wrapper\">\n\n\t\t\t\t\t\t<div class=\"elementor-icon-box-icon\">\n\t\t\t\t<a href=\"https:\/\/www.isteps.edu.ec\/?3d-flip-book=libro-poderes-privilegios-resistencias-y-alternativas\" target=\"_blank\" class=\"elementor-icon\" tabindex=\"-1\" aria-label=\"Poderes, Privilegios, Resistencias y Alternativas Lectura cr\u00edtica en tiempos de post - pandemia\">\n\t\t\t\t<i aria-hidden=\"true\" class=\"tk tk-ebook\"><\/i>\t\t\t\t<\/a>\n\t\t\t<\/div>\n\t\t\t\n\t\t\t\t\t\t<div class=\"elementor-icon-box-content\">\n\n\t\t\t\t\t\t\t\t\t<h4 class=\"elementor-icon-box-title\">\n\t\t\t\t\t\t<a href=\"https:\/\/www.isteps.edu.ec\/?3d-flip-book=libro-poderes-privilegios-resistencias-y-alternativas\" target=\"_blank\" >\n\t\t\t\t\t\t\tPoderes, Privilegios, Resistencias y Alternativas Lectura cr\u00edtica en tiempos de post - pandemia\t\t\t\t\t\t<\/a>\n\t\t\t\t\t<\/h4>\n\t\t\t\t\n\t\t\t\t\t\t\t\t\t<p class=\"elementor-icon-box-description\">\n\t\t\t\t\t\t <b> Autor: <\/b>Varios autores, Carlos P\u00e1stor Pazmi\u00f1o (compilador)\n<br>\n<br>\n <b> Resumen: <\/b>Este libro recopila el pensamiento y mirada de 18 autores, actores de la Econom\u00eda Popular y Solidaria - EPS tras la pandemia SARS-COVID 19 y los efectos de los privilegios de unos y las resistencias-alternativas de tras, en medio de una crisis global que acarrean consecuencias locales. \n<br>\n<br>\n<a href=\"https:\/\/www.isteps.edu.ec\/?3d-flip-book=libro-poderes-privilegios-resistencias-y-alternativas\">L\u00e9er m\u00e1s...<\/a>\t\t\t\t\t<\/p>\n\t\t\t\t\n\t\t\t<\/div>\n\t\t\t\n\t\t<\/div>\n\t\t\t\t\t\t<\/div>\n\t\t\t\t<\/div>\n\t\t\t\t\t<\/div>\n\t\t<\/div>\n\t\t\t\t<div class=\"elementor-column elementor-col-50 elementor-top-column elementor-element elementor-element-be7c812\" data-id=\"be7c812\" data-element_type=\"column\" data-e-type=\"column\">\n\t\t\t<div class=\"elementor-widget-wrap elementor-element-populated\">\n\t\t\t\t\t\t<div class=\"elementor-element elementor-element-75dc4b3 elementor-widget elementor-widget-image\" data-id=\"75dc4b3\" data-element_type=\"widget\" data-e-type=\"widget\" data-widget_type=\"image.default\">\n\t\t\t\t<div class=\"elementor-widget-container\">\n\t\t\t\t\t\t\t\t\t\t\t\t\t\t\t\t<a href=\"https:\/\/www.isteps.edu.ec\/?3d-flip-book=libro-poderes-privilegios-resistencias-y-alternativas\">\n\t\t\t\t\t\t\t<img decoding=\"async\" width=\"640\" height=\"828\" src=\"https:\/\/www.isteps.edu.ec\/wp-content\/uploads\/2024\/04\/PODERES-PRIVILEGIOS.png\" class=\"attachment-medium_large size-medium_large wp-image-23243\" alt=\"\" srcset=\"https:\/\/www.isteps.edu.ec\/wp-content\/uploads\/2024\/04\/PODERES-PRIVILEGIOS.png 700w, https:\/\/www.isteps.edu.ec\/wp-content\/uploads\/2024\/04\/PODERES-PRIVILEGIOS-232x300.png 232w\" sizes=\"(max-width: 640px) 100vw, 640px\" \/>\t\t\t\t\t\t\t\t<\/a>\n\t\t\t\t\t\t\t\t\t\t\t\t\t\t\t<\/div>\n\t\t\t\t<\/div>\n\t\t\t\t\t<\/div>\n\t\t<\/div>\n\t\t\t\t\t<\/div>\n\t\t<\/section>\n\t\t\t\t<section class=\"elementor-section elementor-top-section elementor-element elementor-element-9804d92 elementor-section-boxed elementor-section-height-default elementor-section-height-default\" data-id=\"9804d92\" data-element_type=\"section\" data-e-type=\"section\">\n\t\t\t\t\t\t<div class=\"elementor-container elementor-column-gap-default\">\n\t\t\t\t\t<div class=\"elementor-column elementor-col-50 elementor-top-column elementor-element elementor-element-c7eb976\" data-id=\"c7eb976\" data-element_type=\"column\" data-e-type=\"column\">\n\t\t\t<div class=\"elementor-widget-wrap elementor-element-populated\">\n\t\t\t\t\t\t<div class=\"elementor-element elementor-element-ae722de elementor-position-inline-start elementor-view-default elementor-mobile-position-block-start elementor-widget elementor-widget-icon-box\" data-id=\"ae722de\" data-element_type=\"widget\" data-e-type=\"widget\" data-widget_type=\"icon-box.default\">\n\t\t\t\t<div class=\"elementor-widget-container\">\n\t\t\t\t\t\t\t<div class=\"elementor-icon-box-wrapper\">\n\n\t\t\t\t\t\t<div class=\"elementor-icon-box-icon\">\n\t\t\t\t<span  class=\"elementor-icon\">\n\t\t\t\t<i aria-hidden=\"true\" class=\"tk tk-ebook\"><\/i>\t\t\t\t<\/span>\n\t\t\t<\/div>\n\t\t\t\n\t\t\t\t\t\t<div class=\"elementor-icon-box-content\">\n\n\t\t\t\t\t\t\t\t\t<h4 class=\"elementor-icon-box-title\">\n\t\t\t\t\t\t<span  >\n\t\t\t\t\t\t\tHern\u00e1n Rodas, Pensamientos y acciones | Colecci\u00f3n Cooperativos, Populares y Solidarios. Tomo 1\t\t\t\t\t\t<\/span>\n\t\t\t\t\t<\/h4>\n\t\t\t\t\n\t\t\t\t\t\t\t\t\t<p class=\"elementor-icon-box-description\">\n\t\t\t\t\t\t <b> Autor: <\/b>Hern\u00e1n Rodas\n<br>\n<br>\n <b> Resumen: <\/b>Hern\u00e1n Rodas quien ha sostenido y nutrido las econom\u00edas comunitarias, nos relata en este primer tomo sus pensamientos y acciones sobre aspectos ecol\u00f3gicos, socioculturales y econ\u00f3micos a lo largo de su vida. \n<br>\n<br>\n <b> Leer m\u00e1s... <\/b>\t\t\t\t\t<\/p>\n\t\t\t\t\n\t\t\t<\/div>\n\t\t\t\n\t\t<\/div>\n\t\t\t\t\t\t<\/div>\n\t\t\t\t<\/div>\n\t\t\t\t\t<\/div>\n\t\t<\/div>\n\t\t\t\t<div class=\"elementor-column elementor-col-50 elementor-top-column elementor-element elementor-element-05f894d\" data-id=\"05f894d\" data-element_type=\"column\" data-e-type=\"column\">\n\t\t\t<div class=\"elementor-widget-wrap elementor-element-populated\">\n\t\t\t\t\t\t<div class=\"elementor-element elementor-element-0900174 elementor-widget elementor-widget-image\" data-id=\"0900174\" data-element_type=\"widget\" data-e-type=\"widget\" data-widget_type=\"image.default\">\n\t\t\t\t<div class=\"elementor-widget-container\">\n\t\t\t\t\t\t\t\t\t\t\t\t\t\t\t<img decoding=\"async\" width=\"640\" height=\"828\" src=\"https:\/\/www.isteps.edu.ec\/wp-content\/uploads\/2024\/04\/COLECCION.png\" class=\"attachment-medium_large size-medium_large wp-image-23251\" alt=\"\" srcset=\"https:\/\/www.isteps.edu.ec\/wp-content\/uploads\/2024\/04\/COLECCION.png 700w, https:\/\/www.isteps.edu.ec\/wp-content\/uploads\/2024\/04\/COLECCION-232x300.png 232w\" sizes=\"(max-width: 640px) 100vw, 640px\" \/>\t\t\t\t\t\t\t\t\t\t\t\t\t\t\t<\/div>\n\t\t\t\t<\/div>\n\t\t\t\t\t<\/div>\n\t\t<\/div>\n\t\t\t\t\t<\/div>\n\t\t<\/section>\n\t\t\t\t<section class=\"elementor-section elementor-top-section elementor-element elementor-element-eea71ac elementor-section-boxed elementor-section-height-default elementor-section-height-default\" data-id=\"eea71ac\" data-element_type=\"section\" data-e-type=\"section\">\n\t\t\t\t\t\t<div class=\"elementor-container elementor-column-gap-default\">\n\t\t\t\t\t<div class=\"elementor-column elementor-col-50 elementor-top-column elementor-element elementor-element-0430331\" data-id=\"0430331\" data-element_type=\"column\" data-e-type=\"column\">\n\t\t\t<div class=\"elementor-widget-wrap elementor-element-populated\">\n\t\t\t\t\t\t<div class=\"elementor-element elementor-element-0c3affc elementor-position-inline-start elementor-view-default elementor-mobile-position-block-start elementor-widget elementor-widget-icon-box\" data-id=\"0c3affc\" data-element_type=\"widget\" data-e-type=\"widget\" data-widget_type=\"icon-box.default\">\n\t\t\t\t<div class=\"elementor-widget-container\">\n\t\t\t\t\t\t\t<div class=\"elementor-icon-box-wrapper\">\n\n\t\t\t\t\t\t<div class=\"elementor-icon-box-icon\">\n\t\t\t\t<a href=\"https:\/\/www.isteps.edu.ec\/?3d-flip-book=libro-las-economias-alternativas-y-el-desarrollo-economico-de-un-pais-la-educacion-como-eje-transversal\" target=\"_blank\" class=\"elementor-icon\" tabindex=\"-1\" aria-label=\"I Congreso Internacional de: Econom\u00edas Alternativas y Solidarias - CIEAS\">\n\t\t\t\t<i aria-hidden=\"true\" class=\"tk tk-ebook\"><\/i>\t\t\t\t<\/a>\n\t\t\t<\/div>\n\t\t\t\n\t\t\t\t\t\t<div class=\"elementor-icon-box-content\">\n\n\t\t\t\t\t\t\t\t\t<h4 class=\"elementor-icon-box-title\">\n\t\t\t\t\t\t<a href=\"https:\/\/www.isteps.edu.ec\/?3d-flip-book=libro-las-economias-alternativas-y-el-desarrollo-economico-de-un-pais-la-educacion-como-eje-transversal\" target=\"_blank\" >\n\t\t\t\t\t\t\tI Congreso Internacional de: Econom\u00edas Alternativas y Solidarias - CIEAS\t\t\t\t\t\t<\/a>\n\t\t\t\t\t<\/h4>\n\t\t\t\t\n\t\t\t\t\t\t\t\t\t<p class=\"elementor-icon-box-description\">\n\t\t\t\t\t\t<b> Autor: <\/b>Varios autores \n<br>\n<br>\n <b> Resumen: <\/b>En el contexto actual, las econom\u00edas alternativas se presentan como una opci\u00f3n viable para impulsar el desarrollo econ\u00f3mico de un pa\u00eds. Estas econom\u00edas se basan en modelos no tradicionales que buscan generar valor a trav\u00e9s de la innovaci\u00f3n, la sostenibilidad y la colaboraci\u00f3n.\n<br>\n<br>\n <a href=\"https:\/\/www.isteps.edu.ec\/?3d-flip-book=libro-las-economias-alternativas-y-el-desarrollo-economico-de-un-pais-la-educacion-como-eje-transversal\">L\u00e9er m\u00e1s...<\/a>\t\t\t\t\t<\/p>\n\t\t\t\t\n\t\t\t<\/div>\n\t\t\t\n\t\t<\/div>\n\t\t\t\t\t\t<\/div>\n\t\t\t\t<\/div>\n\t\t\t\t\t<\/div>\n\t\t<\/div>\n\t\t\t\t<div class=\"elementor-column elementor-col-50 elementor-top-column elementor-element elementor-element-fdf311e\" data-id=\"fdf311e\" data-element_type=\"column\" data-e-type=\"column\">\n\t\t\t<div class=\"elementor-widget-wrap elementor-element-populated\">\n\t\t\t\t\t\t<div class=\"elementor-element elementor-element-03e7f1e elementor-widget elementor-widget-image\" data-id=\"03e7f1e\" data-element_type=\"widget\" data-e-type=\"widget\" data-widget_type=\"image.default\">\n\t\t\t\t<div class=\"elementor-widget-container\">\n\t\t\t\t\t\t\t\t\t\t\t\t\t\t\t\t<a href=\"https:\/\/www.isteps.edu.ec\/?3d-flip-book=libro-las-economias-alternativas-y-el-desarrollo-economico-de-un-pais-la-educacion-como-eje-transversal\">\n\t\t\t\t\t\t\t<img loading=\"lazy\" decoding=\"async\" width=\"538\" height=\"760\" src=\"https:\/\/www.isteps.edu.ec\/wp-content\/uploads\/2024\/04\/libro.png\" class=\"attachment-medium_large size-medium_large wp-image-23252\" alt=\"\" srcset=\"https:\/\/www.isteps.edu.ec\/wp-content\/uploads\/2024\/04\/libro.png 538w, https:\/\/www.isteps.edu.ec\/wp-content\/uploads\/2024\/04\/libro-212x300.png 212w\" sizes=\"(max-width: 538px) 100vw, 538px\" \/>\t\t\t\t\t\t\t\t<\/a>\n\t\t\t\t\t\t\t\t\t\t\t\t\t\t\t<\/div>\n\t\t\t\t<\/div>\n\t\t\t\t\t<\/div>\n\t\t<\/div>\n\t\t\t\t\t<\/div>\n\t\t<\/section>\n\t\t\t\t<section class=\"elementor-section elementor-top-section elementor-element elementor-element-0b87ead elementor-section-boxed elementor-section-height-default elementor-section-height-default\" data-id=\"0b87ead\" data-element_type=\"section\" data-e-type=\"section\">\n\t\t\t\t\t\t<div class=\"elementor-container elementor-column-gap-default\">\n\t\t\t\t\t<div class=\"elementor-column elementor-col-16 elementor-top-column elementor-element elementor-element-1987aac\" data-id=\"1987aac\" data-element_type=\"column\" data-e-type=\"column\">\n\t\t\t<div class=\"elementor-widget-wrap\">\n\t\t\t\t\t\t\t<\/div>\n\t\t<\/div>\n\t\t\t\t<div class=\"elementor-column elementor-col-66 elementor-top-column elementor-element elementor-element-58e58f1\" data-id=\"58e58f1\" data-element_type=\"column\" data-e-type=\"column\">\n\t\t\t<div class=\"elementor-widget-wrap\">\n\t\t\t\t\t\t\t<\/div>\n\t\t<\/div>\n\t\t\t\t<div class=\"elementor-column elementor-col-16 elementor-top-column elementor-element elementor-element-d549a66\" data-id=\"d549a66\" data-element_type=\"column\" data-e-type=\"column\">\n\t\t\t<div class=\"elementor-widget-wrap\">\n\t\t\t\t\t\t\t<\/div>\n\t\t<\/div>\n\t\t\t\t\t<\/div>\n\t\t<\/section>\n\t\t\t\t<section class=\"elementor-section elementor-top-section elementor-element elementor-element-034412d elementor-section-boxed elementor-section-height-default elementor-section-height-default\" data-id=\"034412d\" data-element_type=\"section\" data-e-type=\"section\">\n\t\t\t\t\t\t<div class=\"elementor-container elementor-column-gap-default\">\n\t\t\t\t\t<div class=\"elementor-column elementor-col-50 elementor-top-column elementor-element elementor-element-d82d143\" data-id=\"d82d143\" data-element_type=\"column\" data-e-type=\"column\">\n\t\t\t<div class=\"elementor-widget-wrap\">\n\t\t\t\t\t\t\t<\/div>\n\t\t<\/div>\n\t\t\t\t<div class=\"elementor-column elementor-col-50 elementor-top-column elementor-element elementor-element-7ee5660\" data-id=\"7ee5660\" data-element_type=\"column\" data-e-type=\"column\">\n\t\t\t<div class=\"elementor-widget-wrap\">\n\t\t\t\t\t\t\t<\/div>\n\t\t<\/div>\n\t\t\t\t\t<\/div>\n\t\t<\/section>\n\t\t\t\t<section class=\"elementor-section elementor-top-section elementor-element elementor-element-b0574b9 elementor-section-boxed elementor-section-height-default elementor-section-height-default\" data-id=\"b0574b9\" data-element_type=\"section\" data-e-type=\"section\">\n\t\t\t\t\t\t<div class=\"elementor-container elementor-column-gap-default\">\n\t\t\t\t\t<div class=\"elementor-column elementor-col-100 elementor-top-column elementor-element elementor-element-ba68e32\" data-id=\"ba68e32\" data-element_type=\"column\" data-e-type=\"column\">\n\t\t\t<div class=\"elementor-widget-wrap elementor-element-populated\">\n\t\t\t\t\t\t<div class=\"elementor-element elementor-element-69faf8d elementor-widget elementor-widget-spacer\" data-id=\"69faf8d\" data-element_type=\"widget\" data-e-type=\"widget\" data-widget_type=\"spacer.default\">\n\t\t\t\t<div class=\"elementor-widget-container\">\n\t\t\t\t\t\t\t<div class=\"elementor-spacer\">\n\t\t\t<div class=\"elementor-spacer-inner\"><\/div>\n\t\t<\/div>\n\t\t\t\t\t\t<\/div>\n\t\t\t\t<\/div>\n\t\t\t\t\t<\/div>\n\t\t<\/div>\n\t\t\t\t\t<\/div>\n\t\t<\/section>\n\t\t\t\t<section class=\"elementor-section elementor-top-section elementor-element elementor-element-9258578 elementor-section-boxed elementor-section-height-default elementor-section-height-default\" data-id=\"9258578\" data-element_type=\"section\" data-e-type=\"section\">\n\t\t\t\t\t\t<div class=\"elementor-container elementor-column-gap-default\">\n\t\t\t\t\t<div class=\"elementor-column elementor-col-100 elementor-top-column elementor-element elementor-element-1b0bf51\" data-id=\"1b0bf51\" data-element_type=\"column\" data-e-type=\"column\">\n\t\t\t<div class=\"elementor-widget-wrap elementor-element-populated\">\n\t\t\t\t\t\t<div class=\"elementor-element elementor-element-098a67b elementor-widget-divider--view-line elementor-widget elementor-widget-divider\" data-id=\"098a67b\" data-element_type=\"widget\" data-e-type=\"widget\" data-widget_type=\"divider.default\">\n\t\t\t\t<div class=\"elementor-widget-container\">\n\t\t\t\t\t\t\t<div class=\"elementor-divider\">\n\t\t\t<span class=\"elementor-divider-separator\">\n\t\t\t\t\t\t<\/span>\n\t\t<\/div>\n\t\t\t\t\t\t<\/div>\n\t\t\t\t<\/div>\n\t\t\t\t\t<\/div>\n\t\t<\/div>\n\t\t\t\t\t<\/div>\n\t\t<\/section>\n\t\t\t\t<section class=\"elementor-section elementor-top-section elementor-element elementor-element-8957a66 elementor-section-boxed elementor-section-height-default elementor-section-height-default\" data-id=\"8957a66\" data-element_type=\"section\" data-e-type=\"section\">\n\t\t\t\t\t\t<div class=\"elementor-container elementor-column-gap-default\">\n\t\t\t\t\t<div class=\"elementor-column elementor-col-100 elementor-top-column elementor-element elementor-element-e228e20\" data-id=\"e228e20\" data-element_type=\"column\" data-e-type=\"column\">\n\t\t\t<div class=\"elementor-widget-wrap elementor-element-populated\">\n\t\t\t\t\t\t<div class=\"elementor-element elementor-element-705f8c3 elementor-widget-divider--view-line elementor-widget elementor-widget-divider\" data-id=\"705f8c3\" data-element_type=\"widget\" data-e-type=\"widget\" data-widget_type=\"divider.default\">\n\t\t\t\t<div class=\"elementor-widget-container\">\n\t\t\t\t\t\t\t<div class=\"elementor-divider\">\n\t\t\t<span class=\"elementor-divider-separator\">\n\t\t\t\t\t\t<\/span>\n\t\t<\/div>\n\t\t\t\t\t\t<\/div>\n\t\t\t\t<\/div>\n\t\t\t\t\t<\/div>\n\t\t<\/div>\n\t\t\t\t\t<\/div>\n\t\t<\/section>\n\t\t\t\t<\/div>\n\t\t","protected":false},"excerpt":{"rendered":"<p>Empoderamiento de las mujeres rurales en los Andes del Ecuador | Colecci\u00f3n Cooperativos, Populares y Solidarios. Tomo 2 Autor: Paz Carri\u00f3n, Jennifer Durazno, Diana \u00cd\u00f1iguez, Carlos P\u00e1stor, Mayra Valdivieso, Micaela V\u00e1squez Resumen: En sus p\u00e1ginas, se recopila la inspiradora resistencia &hellip; <\/p>\n","protected":false},"author":1,"featured_media":0,"parent":0,"menu_order":0,"comment_status":"closed","ping_status":"closed","template":"","meta":{"footnotes":""},"class_list":["post-23240","page","type-page","status-publish","hentry"],"_links":{"self":[{"href":"https:\/\/www.isteps.edu.ec\/index.php?rest_route=\/wp\/v2\/pages\/23240","targetHints":{"allow":["GET"]}}],"collection":[{"href":"https:\/\/www.isteps.edu.ec\/index.php?rest_route=\/wp\/v2\/pages"}],"about":[{"href":"https:\/\/www.isteps.edu.ec\/index.php?rest_route=\/wp\/v2\/types\/page"}],"author":[{"embeddable":true,"href":"https:\/\/www.isteps.edu.ec\/index.php?rest_route=\/wp\/v2\/users\/1"}],"replies":[{"embeddable":true,"href":"https:\/\/www.isteps.edu.ec\/index.php?rest_route=%2Fwp%2Fv2%2Fcomments&post=23240"}],"version-history":[{"count":32,"href":"https:\/\/www.isteps.edu.ec\/index.php?rest_route=\/wp\/v2\/pages\/23240\/revisions"}],"predecessor-version":[{"id":23439,"href":"https:\/\/www.isteps.edu.ec\/index.php?rest_route=\/wp\/v2\/pages\/23240\/revisions\/23439"}],"wp:attachment":[{"href":"https:\/\/www.isteps.edu.ec\/index.php?rest_route=%2Fwp%2Fv2%2Fmedia&parent=23240"}],"curies":[{"name":"wp","href":"https:\/\/api.w.org\/{rel}","templated":true}]}}