{"id":24309,"date":"2024-11-11T15:22:19","date_gmt":"2024-11-11T20:22:19","guid":{"rendered":"https:\/\/www.isteps.edu.ec\/?page_id=24309"},"modified":"2024-11-11T15:31:42","modified_gmt":"2024-11-11T20:31:42","slug":"elementor-24309","status":"publish","type":"page","link":"https:\/\/www.isteps.edu.ec\/?page_id=24309","title":{"rendered":"Ruta de aprendizaje Cooperativo"},"content":{"rendered":"\t\t<div data-elementor-type=\"wp-page\" data-elementor-id=\"24309\" class=\"elementor elementor-24309\">\n\t\t\t\t\t\t<section class=\"elementor-section elementor-top-section elementor-element elementor-element-023661b elementor-section-content-middle elementor-section-stretched elementor-section-boxed elementor-section-height-default elementor-section-height-default\" data-id=\"023661b\" data-element_type=\"section\" data-e-type=\"section\" data-settings=\"{&quot;stretch_section&quot;:&quot;section-stretched&quot;}\">\n\t\t\t\t\t\t<div class=\"elementor-container elementor-column-gap-extended\">\n\t\t\t\t\t<div class=\"elementor-column elementor-col-100 elementor-top-column elementor-element elementor-element-3eee62c\" data-id=\"3eee62c\" data-element_type=\"column\" data-e-type=\"column\">\n\t\t\t<div class=\"elementor-widget-wrap elementor-element-populated\">\n\t\t\t\t\t\t<div class=\"elementor-element elementor-element-b2e7fd7 thim-ekits-heading-text-center elementor-widget thim-ekits-heading elementor-widget-thim-heading\" data-id=\"b2e7fd7\" data-element_type=\"widget\" data-e-type=\"widget\" data-widget_type=\"thim-heading.default\">\n\t\t\t\t<div class=\"elementor-widget-container\">\n\t\t\t\t\t<div class=\"sc_heading text-center\"><h1 class=\"title\">Programa \"Ruta de Aprendizaje Cooperativo\" <\/h1><span class=\"line\"><\/span><\/div>\t\t\t\t<\/div>\n\t\t\t\t<\/div>\n\t\t\t\t<div class=\"elementor-element elementor-element-ff1b5fe elementor-widget elementor-widget-text-editor\" data-id=\"ff1b5fe\" data-element_type=\"widget\" data-e-type=\"widget\" data-widget_type=\"text-editor.default\">\n\t\t\t\t<div class=\"elementor-widget-container\">\n\t\t\t\t\t\t\t\t\t<p>El programa \u201cRuta de Aprendizaje Cooperativo\u201d es una iniciativa educativa que promueve el intercambio de conocimientos entre organizaciones vinculadas a la econom\u00eda popular y solidaria. Consiste en una visita grupal programada que realiza una cooperativa o instituci\u00f3n a la COAC Jard\u00edn Azuayo para conocer su gesti\u00f3n financiera, vida sociocultural y arquitectura organizacional. A trav\u00e9s de capacitaciones en distintos temas este programa busca fortalecer los conocimientos y habilidades de los participantes mediante la observaci\u00f3n y participaci\u00f3n directa en experiencias cooperativas exitosas, promoviendo el intercambio y la adopci\u00f3n de mejores pr\u00e1cticas que contribuyan al desarrollo y fortalecimiento de sus propias cooperativas en sus respectivos pa\u00edses y territorios.<\/p>\t\t\t\t\t\t\t\t<\/div>\n\t\t\t\t<\/div>\n\t\t\t\t\t<\/div>\n\t\t<\/div>\n\t\t\t\t\t<\/div>\n\t\t<\/section>\n\t\t\t\t<section class=\"elementor-section elementor-top-section elementor-element elementor-element-8fb9d27 elementor-section-stretched elementor-section-boxed elementor-section-height-default elementor-section-height-default\" data-id=\"8fb9d27\" data-element_type=\"section\" data-e-type=\"section\" data-settings=\"{&quot;stretch_section&quot;:&quot;section-stretched&quot;}\">\n\t\t\t\t\t\t<div class=\"elementor-container elementor-column-gap-default\">\n\t\t\t\t\t<div class=\"elementor-column elementor-col-100 elementor-top-column elementor-element elementor-element-a0c95b3\" data-id=\"a0c95b3\" data-element_type=\"column\" data-e-type=\"column\">\n\t\t\t<div class=\"elementor-widget-wrap elementor-element-populated\">\n\t\t\t\t\t\t<div class=\"elementor-element elementor-element-6daf373 elementor-widget thim-ekits-heading elementor-widget-thim-heading\" data-id=\"6daf373\" data-element_type=\"widget\" data-e-type=\"widget\" data-widget_type=\"thim-heading.default\">\n\t\t\t\t<div class=\"elementor-widget-container\">\n\t\t\t\t\t<div class=\"sc_heading\"><h3 class=\"title\">\u00bfEn qu\u00e9 consiste el programa? <\/h3><span class=\"line\"><\/span><\/div>\t\t\t\t<\/div>\n\t\t\t\t<\/div>\n\t\t\t\t<div class=\"elementor-element elementor-element-709c91d elementor-tabs-view-horizontal elementor-widget elementor-widget-tabs\" data-id=\"709c91d\" data-element_type=\"widget\" data-e-type=\"widget\" data-widget_type=\"tabs.default\">\n\t\t\t\t<div class=\"elementor-widget-container\">\n\t\t\t\t\t\t\t<div class=\"elementor-tabs\">\n\t\t\t<div class=\"elementor-tabs-wrapper\" role=\"tablist\" >\n\t\t\t\t\t\t\t\t\t<div id=\"elementor-tab-title-1181\" class=\"elementor-tab-title elementor-tab-desktop-title\" aria-selected=\"true\" data-tab=\"1\" role=\"tab\" tabindex=\"0\" aria-controls=\"elementor-tab-content-1181\" aria-expanded=\"false\">Capacitaciones Presenciales<\/div>\n\t\t\t\t\t\t\t\t\t<div id=\"elementor-tab-title-1182\" class=\"elementor-tab-title elementor-tab-desktop-title\" aria-selected=\"false\" data-tab=\"2\" role=\"tab\" tabindex=\"-1\" aria-controls=\"elementor-tab-content-1182\" aria-expanded=\"false\">Salida a territorio<\/div>\n\t\t\t\t\t\t\t\t\t<div id=\"elementor-tab-title-1183\" class=\"elementor-tab-title elementor-tab-desktop-title\" aria-selected=\"false\" data-tab=\"3\" role=\"tab\" tabindex=\"-1\" aria-controls=\"elementor-tab-content-1183\" aria-expanded=\"false\">Aval Acad\u00e9mico<\/div>\n\t\t\t\t\t\t\t\t\t<div id=\"elementor-tab-title-1184\" class=\"elementor-tab-title elementor-tab-desktop-title\" aria-selected=\"false\" data-tab=\"4\" role=\"tab\" tabindex=\"-1\" aria-controls=\"elementor-tab-content-1184\" aria-expanded=\"false\">Kit productos solidarios<\/div>\n\t\t\t\t\t\t\t<\/div>\n\t\t\t<div class=\"elementor-tabs-content-wrapper\" role=\"tablist\" aria-orientation=\"vertical\">\n\t\t\t\t\t\t\t\t\t<div class=\"elementor-tab-title elementor-tab-mobile-title\" aria-selected=\"true\" data-tab=\"1\" role=\"tab\" tabindex=\"0\" aria-controls=\"elementor-tab-content-1181\" aria-expanded=\"false\">Capacitaciones Presenciales<\/div>\n\t\t\t\t\t<div id=\"elementor-tab-content-1181\" class=\"elementor-tab-content elementor-clearfix\" data-tab=\"1\" role=\"tabpanel\" aria-labelledby=\"elementor-tab-title-1181\" tabindex=\"0\" hidden=\"false\"><p>Visita a la oficina matriz de la Cooperativa de Ahorro y Cr\u00e9dito Jard\u00edn Azuayo para conocer de cerca su visi\u00f3n, misi\u00f3n y valores. Durante 2 o 3 d\u00edas, se desarrolla un proceso educativo dirigido por facilitadores de la COAC Jard\u00edn Azuayo, quienes comparten su modelo de gesti\u00f3n financiera, sociocultural y organizacional. El programa incluye capacitaciones en temas clave como cultura organizacional, modelo de gesti\u00f3n administrativa, sistema de gobierno cooperativo, entre otros.<\/p><\/div>\n\t\t\t\t\t\t\t\t\t<div class=\"elementor-tab-title elementor-tab-mobile-title\" aria-selected=\"false\" data-tab=\"2\" role=\"tab\" tabindex=\"-1\" aria-controls=\"elementor-tab-content-1182\" aria-expanded=\"false\">Salida a territorio<\/div>\n\t\t\t\t\t<div id=\"elementor-tab-content-1182\" class=\"elementor-tab-content elementor-clearfix\" data-tab=\"2\" role=\"tabpanel\" aria-labelledby=\"elementor-tab-title-1182\" tabindex=\"0\" hidden=\"hidden\"><p>El programa puede incluir una salida a territorio para visitar organizaciones del ecosistema cooperativo de la COAC Jard\u00edn Azuayo y el ISTEPS<\/p><\/div>\n\t\t\t\t\t\t\t\t\t<div class=\"elementor-tab-title elementor-tab-mobile-title\" aria-selected=\"false\" data-tab=\"3\" role=\"tab\" tabindex=\"-1\" aria-controls=\"elementor-tab-content-1183\" aria-expanded=\"false\">Aval Acad\u00e9mico<\/div>\n\t\t\t\t\t<div id=\"elementor-tab-content-1183\" class=\"elementor-tab-content elementor-clearfix\" data-tab=\"3\" role=\"tabpanel\" aria-labelledby=\"elementor-tab-title-1183\" tabindex=\"0\" hidden=\"hidden\"><p>Con el aval acad\u00e9mico del Instituto Superior Tecnol\u00f3gico de Econom\u00eda Social, Popular y Solidaria (ISTEPS), el programa cuenta con un reconocimiento formal que respalda sus altos est\u00e1ndares acad\u00e9micos y profesionales, asegurando la calidad de sus contenidos y m\u00e9todos de aprendizaje.<\/p><\/div>\n\t\t\t\t\t\t\t\t\t<div class=\"elementor-tab-title elementor-tab-mobile-title\" aria-selected=\"false\" data-tab=\"4\" role=\"tab\" tabindex=\"-1\" aria-controls=\"elementor-tab-content-1184\" aria-expanded=\"false\">Kit productos solidarios<\/div>\n\t\t\t\t\t<div id=\"elementor-tab-content-1184\" class=\"elementor-tab-content elementor-clearfix\" data-tab=\"4\" role=\"tabpanel\" aria-labelledby=\"elementor-tab-title-1184\" tabindex=\"0\" hidden=\"hidden\"><p>Canasta de productos elaborados bajo principios de comercio justo y solidaridad.<\/p><\/div>\n\t\t\t\t\t\t\t<\/div>\n\t\t<\/div>\n\t\t\t\t\t\t<\/div>\n\t\t\t\t<\/div>\n\t\t\t\t\t<\/div>\n\t\t<\/div>\n\t\t\t\t\t<\/div>\n\t\t<\/section>\n\t\t\t\t<section class=\"elementor-section elementor-top-section elementor-element elementor-element-bc01b81 elementor-section-stretched elementor-section-boxed elementor-section-height-default elementor-section-height-default\" data-id=\"bc01b81\" data-element_type=\"section\" data-e-type=\"section\" data-settings=\"{&quot;stretch_section&quot;:&quot;section-stretched&quot;}\">\n\t\t\t\t\t\t<div class=\"elementor-container elementor-column-gap-default\">\n\t\t\t\t\t<div class=\"elementor-column elementor-col-100 elementor-top-column elementor-element elementor-element-56acbf9\" data-id=\"56acbf9\" data-element_type=\"column\" data-e-type=\"column\" data-settings=\"{&quot;background_background&quot;:&quot;classic&quot;}\">\n\t\t\t<div class=\"elementor-widget-wrap elementor-element-populated\">\n\t\t\t\t\t\t<div class=\"elementor-element elementor-element-812510c elementor-widget elementor-widget-spacer\" data-id=\"812510c\" data-element_type=\"widget\" data-e-type=\"widget\" data-widget_type=\"spacer.default\">\n\t\t\t\t<div class=\"elementor-widget-container\">\n\t\t\t\t\t\t\t<div class=\"elementor-spacer\">\n\t\t\t<div class=\"elementor-spacer-inner\"><\/div>\n\t\t<\/div>\n\t\t\t\t\t\t<\/div>\n\t\t\t\t<\/div>\n\t\t\t\t<div class=\"elementor-element elementor-element-1a03b01 animated-slow elementor-invisible elementor-widget thim-widget-button\" data-id=\"1a03b01\" data-element_type=\"widget\" data-e-type=\"widget\" data-settings=\"{&quot;_animation&quot;:&quot;fadeInLeft&quot;}\" data-widget_type=\"thim-button.default\">\n\t\t\t\t<div class=\"elementor-widget-container\">\n\t\t\t\t\t<a class=\"widget-button large position-after\" href=\"https:\/\/forms.office.com\/r\/DHCWm6X2GN\">Formulario de registro<i aria-hidden=\"true\" class=\"fas fa-pencil-alt\"><\/i><\/a>\t\t\t\t<\/div>\n\t\t\t\t<\/div>\n\t\t\t\t<div class=\"elementor-element elementor-element-5bf1af3 elementor-widget elementor-widget-spacer\" data-id=\"5bf1af3\" data-element_type=\"widget\" data-e-type=\"widget\" data-widget_type=\"spacer.default\">\n\t\t\t\t<div class=\"elementor-widget-container\">\n\t\t\t\t\t\t\t<div class=\"elementor-spacer\">\n\t\t\t<div class=\"elementor-spacer-inner\"><\/div>\n\t\t<\/div>\n\t\t\t\t\t\t<\/div>\n\t\t\t\t<\/div>\n\t\t\t\t\t<\/div>\n\t\t<\/div>\n\t\t\t\t\t<\/div>\n\t\t<\/section>\n\t\t\t\t<section class=\"elementor-section elementor-top-section elementor-element elementor-element-25d725a elementor-section-stretched elementor-section-boxed elementor-section-height-default elementor-section-height-default\" data-id=\"25d725a\" data-element_type=\"section\" data-e-type=\"section\" data-settings=\"{&quot;stretch_section&quot;:&quot;section-stretched&quot;}\">\n\t\t\t\t\t\t<div class=\"elementor-container elementor-column-gap-default\">\n\t\t\t\t\t<div class=\"elementor-column elementor-col-100 elementor-top-column elementor-element elementor-element-643afae\" data-id=\"643afae\" data-element_type=\"column\" data-e-type=\"column\">\n\t\t\t<div class=\"elementor-widget-wrap elementor-element-populated\">\n\t\t\t\t\t\t<div class=\"elementor-element elementor-element-9dafaba elementor-arrows-position-inside elementor-pagination-position-outside elementor-widget elementor-widget-image-carousel\" data-id=\"9dafaba\" data-element_type=\"widget\" data-e-type=\"widget\" data-settings=\"{&quot;slides_to_show&quot;:&quot;1&quot;,&quot;navigation&quot;:&quot;both&quot;,&quot;autoplay&quot;:&quot;yes&quot;,&quot;pause_on_hover&quot;:&quot;yes&quot;,&quot;pause_on_interaction&quot;:&quot;yes&quot;,&quot;autoplay_speed&quot;:5000,&quot;infinite&quot;:&quot;yes&quot;,&quot;effect&quot;:&quot;slide&quot;,&quot;speed&quot;:500}\" data-widget_type=\"image-carousel.default\">\n\t\t\t\t<div class=\"elementor-widget-container\">\n\t\t\t\t\t\t\t<div class=\"elementor-image-carousel-wrapper swiper\" role=\"region\" aria-roledescription=\"carousel\" aria-label=\"Carrusel de im\u00e1genes\" dir=\"ltr\">\n\t\t\t<div class=\"elementor-image-carousel swiper-wrapper\" aria-live=\"off\">\n\t\t\t\t\t\t\t\t<div class=\"swiper-slide\" role=\"group\" aria-roledescription=\"slide\" aria-label=\"1 of 4\"><figure class=\"swiper-slide-inner\"><img decoding=\"async\" class=\"swiper-slide-image\" src=\"https:\/\/www.isteps.edu.ec\/wp-content\/uploads\/2024\/11\/1-1024x576.png\" alt=\"1\" \/><\/figure><\/div><div class=\"swiper-slide\" role=\"group\" aria-roledescription=\"slide\" aria-label=\"2 of 4\"><figure class=\"swiper-slide-inner\"><img decoding=\"async\" class=\"swiper-slide-image\" src=\"https:\/\/www.isteps.edu.ec\/wp-content\/uploads\/2024\/11\/2-1024x576.png\" alt=\"2\" \/><\/figure><\/div><div class=\"swiper-slide\" role=\"group\" aria-roledescription=\"slide\" aria-label=\"3 of 4\"><figure class=\"swiper-slide-inner\"><img decoding=\"async\" class=\"swiper-slide-image\" src=\"https:\/\/www.isteps.edu.ec\/wp-content\/uploads\/2024\/11\/3-1024x576.png\" alt=\"3\" \/><\/figure><\/div><div class=\"swiper-slide\" role=\"group\" aria-roledescription=\"slide\" aria-label=\"4 of 4\"><figure class=\"swiper-slide-inner\"><img decoding=\"async\" class=\"swiper-slide-image\" src=\"https:\/\/www.isteps.edu.ec\/wp-content\/uploads\/2024\/11\/4-1024x576.png\" alt=\"4\" \/><\/figure><\/div>\t\t\t<\/div>\n\t\t\t\t\t\t\t\t\t\t\t\t<div class=\"elementor-swiper-button elementor-swiper-button-prev\" role=\"button\" tabindex=\"0\">\n\t\t\t\t\t\t<i aria-hidden=\"true\" class=\"eicon-chevron-left\"><\/i>\t\t\t\t\t<\/div>\n\t\t\t\t\t<div class=\"elementor-swiper-button elementor-swiper-button-next\" role=\"button\" tabindex=\"0\">\n\t\t\t\t\t\t<i aria-hidden=\"true\" class=\"eicon-chevron-right\"><\/i>\t\t\t\t\t<\/div>\n\t\t\t\t\n\t\t\t\t\t\t\t\t\t<div class=\"swiper-pagination\"><\/div>\n\t\t\t\t\t\t\t\t\t<\/div>\n\t\t\t\t\t\t<\/div>\n\t\t\t\t<\/div>\n\t\t\t\t\t<\/div>\n\t\t<\/div>\n\t\t\t\t\t<\/div>\n\t\t<\/section>\n\t\t\t\t<\/div>\n\t\t","protected":false},"excerpt":{"rendered":"<p>Programa \u00abRuta de Aprendizaje Cooperativo\u00bb El programa \u201cRuta de Aprendizaje Cooperativo\u201d es una iniciativa educativa que promueve el intercambio de conocimientos entre organizaciones vinculadas a la econom\u00eda popular y solidaria. Consiste en una visita grupal programada que realiza una cooperativa &hellip; <\/p>\n","protected":false},"author":1,"featured_media":0,"parent":0,"menu_order":0,"comment_status":"closed","ping_status":"closed","template":"","meta":{"footnotes":""},"class_list":["post-24309","page","type-page","status-publish","hentry"],"_links":{"self":[{"href":"https:\/\/www.isteps.edu.ec\/index.php?rest_route=\/wp\/v2\/pages\/24309","targetHints":{"allow":["GET"]}}],"collection":[{"href":"https:\/\/www.isteps.edu.ec\/index.php?rest_route=\/wp\/v2\/pages"}],"about":[{"href":"https:\/\/www.isteps.edu.ec\/index.php?rest_route=\/wp\/v2\/types\/page"}],"author":[{"embeddable":true,"href":"https:\/\/www.isteps.edu.ec\/index.php?rest_route=\/wp\/v2\/users\/1"}],"replies":[{"embeddable":true,"href":"https:\/\/www.isteps.edu.ec\/index.php?rest_route=%2Fwp%2Fv2%2Fcomments&post=24309"}],"version-history":[{"count":17,"href":"https:\/\/www.isteps.edu.ec\/index.php?rest_route=\/wp\/v2\/pages\/24309\/revisions"}],"predecessor-version":[{"id":24330,"href":"https:\/\/www.isteps.edu.ec\/index.php?rest_route=\/wp\/v2\/pages\/24309\/revisions\/24330"}],"wp:attachment":[{"href":"https:\/\/www.isteps.edu.ec\/index.php?rest_route=%2Fwp%2Fv2%2Fmedia&parent=24309"}],"curies":[{"name":"wp","href":"https:\/\/api.w.org\/{rel}","templated":true}]}}