{"id":87,"date":"2015-10-22T03:17:26","date_gmt":"2015-10-22T03:17:26","guid":{"rendered":"http:\/\/demo.thimpress.com\/eduma\/?page_id=87"},"modified":"2025-06-11T11:21:10","modified_gmt":"2025-06-11T16:21:10","slug":"contact","status":"publish","type":"page","link":"https:\/\/www.isteps.edu.ec\/?page_id=87","title":{"rendered":"Contacto"},"content":{"rendered":"\t\t<div data-elementor-type=\"wp-page\" data-elementor-id=\"87\" class=\"elementor elementor-87\">\n\t\t\t\t\t\t<section class=\"elementor-section elementor-top-section elementor-element elementor-element-14bc49d8 elementor-section-stretched elementor-section-boxed elementor-section-height-default elementor-section-height-default elementor-invisible\" data-id=\"14bc49d8\" data-element_type=\"section\" data-e-type=\"section\" data-settings=\"{&quot;stretch_section&quot;:&quot;section-stretched&quot;,&quot;background_background&quot;:&quot;classic&quot;,&quot;animation&quot;:&quot;fadeIn&quot;}\">\n\t\t\t\t\t\t<div class=\"elementor-container elementor-column-gap-no\">\n\t\t\t\t\t<div class=\"elementor-column elementor-col-100 elementor-top-column elementor-element elementor-element-21c8dad5\" data-id=\"21c8dad5\" data-element_type=\"column\" data-e-type=\"column\">\n\t\t\t<div class=\"elementor-widget-wrap elementor-element-populated\">\n\t\t\t\t\t\t<section class=\"elementor-section elementor-inner-section elementor-element elementor-element-5a409e6b elementor-section-full_width elementor-section-height-default elementor-section-height-default\" data-id=\"5a409e6b\" data-element_type=\"section\" data-e-type=\"section\" data-settings=\"{&quot;background_background&quot;:&quot;classic&quot;}\">\n\t\t\t\t\t\t<div class=\"elementor-container elementor-column-gap-custom\">\n\t\t\t\t\t<div class=\"elementor-column elementor-col-50 elementor-inner-column elementor-element elementor-element-49226316\" data-id=\"49226316\" data-element_type=\"column\" data-e-type=\"column\">\n\t\t\t<div class=\"elementor-widget-wrap elementor-element-populated\">\n\t\t\t\t\t\t<div class=\"elementor-element elementor-element-5925a53a iconbox-text-left elementor-widget elementor-widget-thim-icon-box\" data-id=\"5925a53a\" data-element_type=\"widget\" data-e-type=\"widget\" data-widget_type=\"thim-icon-box.default\">\n\t\t\t\t<div class=\"elementor-widget-container\">\n\t\t\t\t\t<div class=\"thim-widget-icon-box\"><div class=\"wrapper-box-icon text-left \"><div class=\"smicon-box iconbox-left\"><div class=\"boxes-icon\"><span class=\"inner-icon\"><span class=\"icon\"><i aria-hidden=\"true\" class=\"fas fa-map-marked-alt\"><\/i><\/span><\/span><\/div><div class=\"content-inner\"><div class=\"sc-heading\"><h3 class=\"heading__primary\"><a class=\"icon-box-link\" href=\"https:\/\/maps.app.goo.gl\/gVDovYbAhxK4AnqdA\" target=\"_blank\" rel=\"nofollow\">Direcci\u00f3n<\/a><\/h3><\/div><div class=\"desc-icon-box\"><div class=\"desc-content\">Juan Montalvo 7-49 y Presidente C\u00f3rdova, Cuenca-Ecuador.<\/div><\/div><\/div><\/div><\/div><\/div>\t\t\t\t<\/div>\n\t\t\t\t<\/div>\n\t\t\t\t\t<\/div>\n\t\t<\/div>\n\t\t\t\t<div class=\"elementor-column elementor-col-50 elementor-inner-column elementor-element elementor-element-43b401ba\" data-id=\"43b401ba\" data-element_type=\"column\" data-e-type=\"column\">\n\t\t\t<div class=\"elementor-widget-wrap elementor-element-populated\">\n\t\t\t\t\t\t<div class=\"elementor-element elementor-element-38313961 iconbox-text-left elementor-widget elementor-widget-thim-icon-box\" data-id=\"38313961\" data-element_type=\"widget\" data-e-type=\"widget\" data-widget_type=\"thim-icon-box.default\">\n\t\t\t\t<div class=\"elementor-widget-container\">\n\t\t\t\t\t<div class=\"thim-widget-icon-box\"><div class=\"wrapper-box-icon text-left \"><div class=\"smicon-box iconbox-left\"><div class=\"boxes-icon\"><span class=\"inner-icon\"><span class=\"icon\"><i aria-hidden=\"true\" class=\"tk tk-clock1\"><\/i><\/span><\/span><\/div><div class=\"content-inner\"><div class=\"sc-heading\"><h3 class=\"heading__primary\">Horarios de atenci\u00f3n<\/h3><\/div><div class=\"desc-icon-box\"><div class=\"desc-content\">Lunes a viernes<br>\n08:00 \u2013 13:00 y 14:00 \u2013 17:00 <\/div><\/div><\/div><\/div><\/div><\/div>\t\t\t\t<\/div>\n\t\t\t\t<\/div>\n\t\t\t\t\t<\/div>\n\t\t<\/div>\n\t\t\t\t\t<\/div>\n\t\t<\/section>\n\t\t\t\t\t<\/div>\n\t\t<\/div>\n\t\t\t\t\t<\/div>\n\t\t<\/section>\n\t\t\t\t<section class=\"elementor-section elementor-top-section elementor-element elementor-element-12e33bc9 elementor-section-stretched elementor-section-boxed elementor-section-height-default elementor-section-height-default elementor-invisible\" data-id=\"12e33bc9\" data-element_type=\"section\" data-e-type=\"section\" data-settings=\"{&quot;stretch_section&quot;:&quot;section-stretched&quot;,&quot;background_background&quot;:&quot;classic&quot;,&quot;animation&quot;:&quot;fadeInDown&quot;}\">\n\t\t\t\t\t\t\t<div class=\"elementor-background-overlay\"><\/div>\n\t\t\t\t\t\t\t<div class=\"elementor-container elementor-column-gap-custom\">\n\t\t\t\t\t<div class=\"elementor-column elementor-col-25 elementor-top-column elementor-element elementor-element-66fca91\" data-id=\"66fca91\" data-element_type=\"column\" data-e-type=\"column\">\n\t\t\t<div class=\"elementor-widget-wrap elementor-element-populated\">\n\t\t\t\t\t\t<div class=\"elementor-element elementor-element-afd7fe0 iconbox-text-center elementor-widget elementor-widget-thim-icon-box\" data-id=\"afd7fe0\" data-element_type=\"widget\" data-e-type=\"widget\" data-widget_type=\"thim-icon-box.default\">\n\t\t\t\t<div class=\"elementor-widget-container\">\n\t\t\t\t\t<div class=\"thim-widget-icon-box\"><div class=\"wrapper-box-icon text-center contact_info\"><div class=\"smicon-box iconbox-top\"><div class=\"boxes-icon\"><span class=\"inner-icon\"><span class=\"icon\"><i aria-hidden=\"true\" class=\"tk tk-mortarboard\"><\/i><\/span><\/span><\/div><div class=\"content-inner\"><div class=\"sc-heading\"><h1 class=\"heading__primary\">095 989 6729<\/h1><\/div><div class=\"desc-icon-box\"><div class=\"desc-content\">Secretar\u00eda Acad\u00e9mica<\/div><\/div><\/div><\/div><\/div><\/div>\t\t\t\t<\/div>\n\t\t\t\t<\/div>\n\t\t\t\t\t<\/div>\n\t\t<\/div>\n\t\t\t\t<div class=\"elementor-column elementor-col-25 elementor-top-column elementor-element elementor-element-3b13762c\" data-id=\"3b13762c\" data-element_type=\"column\" data-e-type=\"column\">\n\t\t\t<div class=\"elementor-widget-wrap elementor-element-populated\">\n\t\t\t\t\t\t<div class=\"elementor-element elementor-element-531247c iconbox-text-center elementor-widget elementor-widget-thim-icon-box\" data-id=\"531247c\" data-element_type=\"widget\" data-e-type=\"widget\" data-widget_type=\"thim-icon-box.default\">\n\t\t\t\t<div class=\"elementor-widget-container\">\n\t\t\t\t\t<div class=\"thim-widget-icon-box\"><div class=\"wrapper-box-icon text-center contact_info\"><div class=\"smicon-box iconbox-top\"><div class=\"boxes-icon\"><span class=\"inner-icon\"><span class=\"icon\"><svg xmlns:inkscape=\"http:\/\/www.inkscape.org\/namespaces\/inkscape\" xmlns:sodipodi=\"http:\/\/sodipodi.sourceforge.net\/DTD\/sodipodi-0.dtd\" xmlns=\"http:\/\/www.w3.org\/2000\/svg\" xmlns:svg=\"http:\/\/www.w3.org\/2000\/svg\" id=\"Capa_1\" x=\"0px\" y=\"0px\" viewBox=\"0 0 400 400\" style=\"enable-background:new 0 0 400 400;\" xml:space=\"preserve\" sodipodi:docname=\"Ie&#x30C;CONOS HOME.svg\" inkscape:version=\"1.2.2 (b0a8486, 2022-12-01)\"><defs id=\"defs79\"><\/defs><g id=\"XMLID_794_\" transform=\"translate(-416.32183,418.46199)\">\t<path id=\"XMLID_922_\" d=\"m 655,-74.5 c 0,18.5 0,35.8 0,54.1 5.4,0 10.9,0 17.4,0 0,-11.6 0,-23 0,-35.7 10,0 19.1,0.1 28.3,0 26.2,-0.3 45.7,-16.2 50.3,-42.1 3.3,-18.8 5.6,-37.8 7.8,-56.8 0.8,-6.8 3,-11.4 9.7,-14 5.4,-2.1 10.4,-5.1 15.6,-7.7 17.3,-8.8 21.1,-21.7 11.4,-38.8 -6.9,-12.1 -13.6,-24.5 -21.2,-36.2 -9.6,-14.9 -14.7,-30.8 -17.7,-48.3 -7.5,-42.6 -25.3,-79.7 -65.2,-101.2 -15.1,-8.1 -32.3,-12.4 -48.7,-17.7 -5.8,-1.9 -13.2,-2.4 -15,5.9 -2,9 5.2,10.8 11.8,11.9 40.5,6.8 71.5,27.3 87.5,65.7 7.4,17.7 10.3,37.3 15.4,56 1.7,6.2 2.9,12.7 6,18.2 10.1,18.6 20.6,36.9 31.7,54.9 4.5,7.4 2.7,11.1 -4.4,14.1 -3.4,1.5 -6.8,3.2 -10.1,4.9 -22.1,10.9 -22,10.9 -25.1,35.1 -2.1,16.6 -4.2,33.2 -6.5,49.7 -2.4,16.8 -15.4,27.9 -32.5,28 -15.4,0.1 -30.7,0 -46.5,0 z\"><\/path>\t<path id=\"XMLID_805_\" d=\"m 489.6,-20 c 6.4,0 11.7,0 17.6,0 0.3,-47.3 5.1,-94.4 -23,-136.2 -1.7,-2.5 -3.2,-5.3 -5,-7.8 -3.3,-4.7 -8.5,-7.8 -12.8,-3.3 -2.6,2.7 -3.4,9.5 -1.9,13.1 5.6,13.4 15.2,25.7 18.3,39.6 4.5,20.4 5,41.7 6.5,62.7 1,10.4 0.3,21 0.3,31.9 z\"><\/path>\t<path id=\"XMLID_795_\" d=\"m 503.9,-389.3 c -35.2,27.4 -50.6,61.6 -43.3,104.4 9,52.5 59.2,85.3 109.1,72.3 44,-11.5 68.1,-58 50.8,-97.9 -12.6,-29.1 -45.1,-43 -73.1,-31.3 -21.1,8.8 -31.8,31.7 -24.2,52.1 6.7,18.3 26.3,25 40.8,14 8.5,-6.5 9.8,-17.1 2.9,-24.5 -6.4,-6.9 -15.9,-5 -19.2,3.9 -0.3,0.8 -0.6,1.6 -0.9,2.6 -4.7,-5 -5.3,-12.1 -1.7,-18.2 5.9,-10 15.2,-12.8 26,-12 18.1,1.4 32,17.2 33.1,37.3 1.7,29.8 -22.6,54.2 -54.5,54.8 -35.5,0.7 -64.8,-26.4 -68.5,-63.4 -4.7,-47.1 30.5,-87.5 79.7,-91.2 58.7,-4.4 108.2,44.3 105.6,104 -2,47 -32.8,87.9 -77.6,102.9 -44.8,15.1 -93.4,0.7 -124.5,-36.9 -28.7,-34.6 -33,-86.4 -10.2,-126.6 10.6,-18.7 25.3,-33.3 44.1,-43.8 1.2,-0.7 2.8,-1.3 5.6,-2.5 z\"><\/path><\/g><\/svg><\/span><\/span><\/div><div class=\"content-inner\"><div class=\"sc-heading\"><h1 class=\"heading__primary\">093 915 3924<\/h1><\/div><div class=\"desc-icon-box\"><div class=\"desc-content\">\u2028Educaci\u00f3n Continua<\/div><\/div><\/div><\/div><\/div><\/div>\t\t\t\t<\/div>\n\t\t\t\t<\/div>\n\t\t\t\t\t<\/div>\n\t\t<\/div>\n\t\t\t\t<div class=\"elementor-column elementor-col-25 elementor-top-column elementor-element elementor-element-28e3558f\" data-id=\"28e3558f\" data-element_type=\"column\" data-e-type=\"column\">\n\t\t\t<div class=\"elementor-widget-wrap elementor-element-populated\">\n\t\t\t\t\t\t<div class=\"elementor-element elementor-element-b0e78dd iconbox-text-center elementor-widget elementor-widget-thim-icon-box\" data-id=\"b0e78dd\" data-element_type=\"widget\" data-e-type=\"widget\" data-widget_type=\"thim-icon-box.default\">\n\t\t\t\t<div class=\"elementor-widget-container\">\n\t\t\t\t\t<div class=\"thim-widget-icon-box\"><div class=\"wrapper-box-icon text-center contact_info\"><div class=\"smicon-box iconbox-top\"><div class=\"boxes-icon\"><span class=\"inner-icon\"><span class=\"icon\"><i aria-hidden=\"true\" class=\"tk tk-studying\"><\/i><\/span><\/span><\/div><div class=\"content-inner\"><div class=\"sc-heading\"><h1 class=\"heading__primary\">098 572 7047<\/h1><\/div><div class=\"desc-icon-box\"><div class=\"desc-content\">Soporte T\u00e9cnico<\/div><\/div><\/div><\/div><\/div><\/div>\t\t\t\t<\/div>\n\t\t\t\t<\/div>\n\t\t\t\t\t<\/div>\n\t\t<\/div>\n\t\t\t\t<div class=\"elementor-column elementor-col-25 elementor-top-column elementor-element elementor-element-102ad43a\" data-id=\"102ad43a\" data-element_type=\"column\" data-e-type=\"column\">\n\t\t\t<div class=\"elementor-widget-wrap elementor-element-populated\">\n\t\t\t\t\t\t<div class=\"elementor-element elementor-element-166b466 iconbox-text-center elementor-widget elementor-widget-thim-icon-box\" data-id=\"166b466\" data-element_type=\"widget\" data-e-type=\"widget\" data-widget_type=\"thim-icon-box.default\">\n\t\t\t\t<div class=\"elementor-widget-container\">\n\t\t\t\t\t<div class=\"thim-widget-icon-box\"><div class=\"wrapper-box-icon text-center contact_info\"><div class=\"smicon-box iconbox-top\"><div class=\"boxes-icon\"><span class=\"inner-icon\"><span class=\"icon\"><i aria-hidden=\"true\" class=\"tk tk-id-card\"><\/i><\/span><\/span><\/div><div class=\"content-inner\"><div class=\"sc-heading\"><h1 class=\"heading__primary\">098 100 4890<\/h1><\/div><div class=\"desc-icon-box\"><div class=\"desc-content\">Gesti\u00f3n de Pagos<\/div><\/div><\/div><\/div><\/div><\/div>\t\t\t\t<\/div>\n\t\t\t\t<\/div>\n\t\t\t\t\t<\/div>\n\t\t<\/div>\n\t\t\t\t\t<\/div>\n\t\t<\/section>\n\t\t\t\t<section class=\"elementor-section elementor-top-section elementor-element elementor-element-827ca1c elementor-section-boxed elementor-section-height-default elementor-section-height-default\" data-id=\"827ca1c\" data-element_type=\"section\" data-e-type=\"section\" data-settings=\"{&quot;background_background&quot;:&quot;classic&quot;}\">\n\t\t\t\t\t\t<div class=\"elementor-container elementor-column-gap-default\">\n\t\t\t\t\t<div class=\"elementor-column elementor-col-50 elementor-top-column elementor-element elementor-element-b206fc1\" data-id=\"b206fc1\" data-element_type=\"column\" data-e-type=\"column\">\n\t\t\t<div class=\"elementor-widget-wrap elementor-element-populated\">\n\t\t\t\t\t\t<div class=\"elementor-element elementor-element-052e901 elementor-widget__width-initial elementor-widget elementor-widget-google_maps\" data-id=\"052e901\" data-element_type=\"widget\" data-e-type=\"widget\" data-widget_type=\"google_maps.default\">\n\t\t\t\t<div class=\"elementor-widget-container\">\n\t\t\t\t\t\t\t<div class=\"elementor-custom-embed\">\n\t\t\t<iframe loading=\"lazy\"\n\t\t\t\t\tsrc=\"https:\/\/maps.google.com\/maps?q=Juan%20Montalvo%207-49%20y%20Presidente%20C%C3%B3rdova%2C%20Cuenca-Ecuador.&#038;t=m&#038;z=18&#038;output=embed&#038;iwloc=near\"\n\t\t\t\t\ttitle=\"Juan Montalvo 7-49 y Presidente C\u00f3rdova, Cuenca-Ecuador.\"\n\t\t\t\t\taria-label=\"Juan Montalvo 7-49 y Presidente C\u00f3rdova, Cuenca-Ecuador.\"\n\t\t\t><\/iframe>\n\t\t<\/div>\n\t\t\t\t\t\t<\/div>\n\t\t\t\t<\/div>\n\t\t\t\t\t<\/div>\n\t\t<\/div>\n\t\t\t\t<div class=\"elementor-column elementor-col-50 elementor-top-column elementor-element elementor-element-19d004d\" data-id=\"19d004d\" data-element_type=\"column\" data-e-type=\"column\">\n\t\t\t<div class=\"elementor-widget-wrap elementor-element-populated\">\n\t\t\t\t\t\t<div class=\"elementor-element elementor-element-7825ee89 elementor-widget__width-inherit elementor-widget elementor-widget-text-editor\" data-id=\"7825ee89\" data-element_type=\"widget\" data-e-type=\"widget\" data-widget_type=\"text-editor.default\">\n\t\t\t\t<div class=\"elementor-widget-container\">\n\t\t\t\t\t\t\t\t\t<div class=\"whatsapp-container\">\n  <style>\n    .whatsapp-container {\n      max-width: 500px;\n      margin: 30px auto;\n      padding: 25px;\n      background: white;\n      border-radius: 15px;\n      box-shadow: 0 10px 30px rgba(0,0,0,0.1);\n      text-align: center;\n      font-family: 'Segoe UI', system-ui, sans-serif;\n      border: 1px solid #eaeaea;\n    }\n    \n    .whatsapp-title {\n      color: #075e54;\n      font-size: 22px;\n      margin-bottom: 20px;\n      font-weight: 600;\n      position: relative;\n      padding-bottom: 15px;\n    }\n    \n    .whatsapp-title:after {\n      content: \"\";\n      position: absolute;\n      bottom: 0;\n      left: 25%;\n      width: 50%;\n      height: 3px;\n      background: linear-gradient(to right, transparent, #25d366, transparent);\n    }\n    \n    .whatsapp-btn {\n      display: inline-flex;\n      align-items: center;\n      background: #25d366;\n      color: white;\n      padding: 16px 35px;\n      border-radius: 50px;\n      text-decoration: none;\n      font-weight: 600;\n      font-size: 18px;\n      transition: all 0.3s ease;\n      box-shadow: 0 4px 15px rgba(37, 211, 102, 0.4);\n      margin: 15px 0;\n      position: relative;\n      overflow: hidden;\n      border: 2px solid #128c7e;\n    }\n    \n    .whatsapp-btn:hover {\n      background: #128c7e;\n      transform: translateY(-3px);\n      box-shadow: 0 6px 20px rgba(37, 211, 102, 0.6);\n    }\n    \n    .whatsapp-btn:active {\n      transform: translateY(1px);\n    }\n    \n    .whatsapp-btn:hover .whatsapp-icon {\n      transform: rotate(10deg);\n    }\n    \n    .whatsapp-info {\n      color: #666;\n      font-size: 15px;\n      margin-top: 20px;\n      line-height: 1.5;\n    }\n  <\/style>\n  \n  <h2 class=\"whatsapp-title\">Cont\u00e1ctanos<\/h2>\n  \n  <a href=\"https:\/\/wa.me\/593959896729?text=Hola%20estoy%20interesado%20en%20sus%20Carreras.%20Me%20ayudas%20con%20m\u00e1s%20informaci\u00f3n?\" \n     class=\"whatsapp-btn\" \n     target=\"_blank\"\n     rel=\"noopener noreferrer\">\n    <span>Enviar Mensaje<\/span>\n  <\/a>\n  \n  <p class=\"whatsapp-info\">\n    Horario de atenci\u00f3n: Lunes a Viernes de 8:00 AM a 5:00 PM\n  <\/p>\n<\/div>\t\t\t\t\t\t\t\t<\/div>\n\t\t\t\t<\/div>\n\t\t\t\t\t<\/div>\n\t\t<\/div>\n\t\t\t\t\t<\/div>\n\t\t<\/section>\n\t\t\t\t<\/div>\n\t\t","protected":false},"excerpt":{"rendered":"<p>Direcci\u00f3n Juan Montalvo 7-49 y Presidente C\u00f3rdova, Cuenca-Ecuador. Horarios de atenci\u00f3n Lunes a viernes 08:00 \u2013 13:00 y 14:00 \u2013 17:00 095 989 6729 Secretar\u00eda Acad\u00e9mica 093 915 3924 \u2028Educaci\u00f3n Continua 098 572 7047 Soporte T\u00e9cnico 098 100 4890 Gesti\u00f3n &hellip; <\/p>\n","protected":false},"author":1,"featured_media":0,"parent":0,"menu_order":0,"comment_status":"closed","ping_status":"closed","template":"","meta":{"footnotes":""},"class_list":["post-87","page","type-page","status-publish","hentry"],"_links":{"self":[{"href":"https:\/\/www.isteps.edu.ec\/index.php?rest_route=\/wp\/v2\/pages\/87","targetHints":{"allow":["GET"]}}],"collection":[{"href":"https:\/\/www.isteps.edu.ec\/index.php?rest_route=\/wp\/v2\/pages"}],"about":[{"href":"https:\/\/www.isteps.edu.ec\/index.php?rest_route=\/wp\/v2\/types\/page"}],"author":[{"embeddable":true,"href":"https:\/\/www.isteps.edu.ec\/index.php?rest_route=\/wp\/v2\/users\/1"}],"replies":[{"embeddable":true,"href":"https:\/\/www.isteps.edu.ec\/index.php?rest_route=%2Fwp%2Fv2%2Fcomments&post=87"}],"version-history":[{"count":157,"href":"https:\/\/www.isteps.edu.ec\/index.php?rest_route=\/wp\/v2\/pages\/87\/revisions"}],"predecessor-version":[{"id":24538,"href":"https:\/\/www.isteps.edu.ec\/index.php?rest_route=\/wp\/v2\/pages\/87\/revisions\/24538"}],"wp:attachment":[{"href":"https:\/\/www.isteps.edu.ec\/index.php?rest_route=%2Fwp%2Fv2%2Fmedia&parent=87"}],"curies":[{"name":"wp","href":"https:\/\/api.w.org\/{rel}","templated":true}]}}